{"id":134233,"date":"2024-05-20T12:47:14","date_gmt":"2024-05-20T10:47:14","guid":{"rendered":"https:\/\/partslinker.com\/zusammenarbeit\/"},"modified":"2024-12-23T20:04:33","modified_gmt":"2024-12-23T19:04:33","slug":"zusammenarbeit","status":"publish","type":"page","link":"https:\/\/partslinker.com\/de\/zusammenarbeit\/","title":{"rendered":"Zusammenarbeit"},"content":{"rendered":"\t\t<div data-elementor-type=\"wp-page\" data-elementor-id=\"134233\" class=\"elementor elementor-134233 elementor-12305\" data-elementor-post-type=\"page\">\n\t\t\t\t\t\t<section class=\"elementor-section elementor-top-section elementor-element elementor-element-8a51cd4 elementor-section-full_width elementor-section-height-default elementor-section-height-default\" data-id=\"8a51cd4\" data-element_type=\"section\">\n\t\t\t\t\t\t<div class=\"elementor-container elementor-column-gap-no\">\n\t\t\t\t\t<div class=\"elementor-column elementor-col-100 elementor-top-column elementor-element elementor-element-37c3dd2\" data-id=\"37c3dd2\" data-element_type=\"column\">\n\t\t\t<div class=\"elementor-widget-wrap elementor-element-populated\">\n\t\t\t\t\t\t<div class=\"elementor-element elementor-element-817c443 elementor-widget elementor-widget-heading\" data-id=\"817c443\" data-element_type=\"widget\" data-widget_type=\"heading.default\">\n\t\t\t\t<div class=\"elementor-widget-container\">\n\t\t\t\t\t<h1 class=\"elementor-heading-title elementor-size-default\">Zusammenarbeit und Partnerschaften<\/h1>\t\t\t\t<\/div>\n\t\t\t\t<\/div>\n\t\t\t\t<div class=\"elementor-element elementor-element-60a9314 elementor-widget elementor-widget-heading\" data-id=\"60a9314\" data-element_type=\"widget\" data-widget_type=\"heading.default\">\n\t\t\t\t<div class=\"elementor-widget-container\">\n\t\t\t\t\t<h2 class=\"elementor-heading-title elementor-size-default\">Mehrere Optionen f\u00fcr die Zusammenarbeit:<\/h2>\t\t\t\t<\/div>\n\t\t\t\t<\/div>\n\t\t\t\t\t<\/div>\n\t\t<\/div>\n\t\t\t\t\t<\/div>\n\t\t<\/section>\n\t\t\t\t<section class=\"elementor-section elementor-top-section elementor-element elementor-element-d51b916 elementor-section-boxed elementor-section-height-default elementor-section-height-default\" data-id=\"d51b916\" data-element_type=\"section\">\n\t\t\t\t\t\t<div class=\"elementor-container elementor-column-gap-default\">\n\t\t\t\t\t<div class=\"elementor-column elementor-col-50 elementor-top-column elementor-element elementor-element-274f863\" data-id=\"274f863\" data-element_type=\"column\">\n\t\t\t<div class=\"elementor-widget-wrap elementor-element-populated\">\n\t\t\t\t\t\t<div class=\"elementor-element elementor-element-8ed1d55 elementor-widget elementor-widget-text-editor\" data-id=\"8ed1d55\" data-element_type=\"widget\" data-widget_type=\"text-editor.default\">\n\t\t\t\t<div class=\"elementor-widget-container\">\n\t\t\t\t\t\t\t\t\t<div id=\"acc-Partnership-headingOne\">\n<h6><strong>Partnerschaftsprogramm<\/strong><\/h6>\n<p>Wenn Sie sich mit der Installation von Online-Shops befassen, k\u00f6nnen Sie Ihren Kunden vorschlagen, den Shop \u00fcber PartsLinker in Marktplatzplattformen zu integrieren.<\/p>\n<p>F\u00fcr jeden Kunden, den Sie mit unserem System verbinden, erhalten Sie eine Provision. Die H\u00f6he wird individuell mit jedem Partner festgelegt und h\u00e4ngt im Wesentlichen von der Anzahl der angeschlossenen Filialen ab.<\/p>\n<\/div>\n\t\t\t\t\t\t\t\t<\/div>\n\t\t\t\t<\/div>\n\t\t\t\t<div class=\"elementor-element elementor-element-68b8d02 elementor-align-left elementor-widget elementor-widget-button\" data-id=\"68b8d02\" data-element_type=\"widget\" data-widget_type=\"button.default\">\n\t\t\t\t<div class=\"elementor-widget-container\">\n\t\t\t\t\t\t\t\t\t<div class=\"elementor-button-wrapper\">\n\t\t\t\t\t<a class=\"elementor-button elementor-button-link elementor-size-xs elementor-animation-shrink\" href=\"https:\/\/partslinker.com\/de\/kontakt\/\">\n\t\t\t\t\t\t<span class=\"elementor-button-content-wrapper\">\n\t\t\t\t\t\t\t\t\t<span class=\"elementor-button-text\">Kontaktieren Sie uns<\/span>\n\t\t\t\t\t<\/span>\n\t\t\t\t\t<\/a>\n\t\t\t\t<\/div>\n\t\t\t\t\t\t\t\t<\/div>\n\t\t\t\t<\/div>\n\t\t\t\t<div class=\"elementor-element elementor-element-78147ad elementor-widget elementor-widget-text-editor\" data-id=\"78147ad\" data-element_type=\"widget\" data-widget_type=\"text-editor.default\">\n\t\t\t\t<div class=\"elementor-widget-container\">\n\t\t\t\t\t\t\t\t\t<h6>Zusammenarbeit mit Unternehmen, die Dienstleistungen f\u00fcr die E-Commerce-Branche anbieten<\/h6>\n<p>Unternehmen, die Online-Verk\u00e4ufer unterst\u00fctzen, sind zur Zusammenarbeit willkommen.<\/p>\n<p>Gerne integrieren wir Transportsysteme, Buchhaltungsprogramme und andere E-Commerce-Plattformen oder -Tools.<\/p>\n<p>Die Konditionen der Zusammenarbeit werden individuell vereinbart, wir sind immer offen f\u00fcr interessante Angebote!<\/p>\n\t\t\t\t\t\t\t\t<\/div>\n\t\t\t\t<\/div>\n\t\t\t\t<div class=\"elementor-element elementor-element-7fee529 elementor-align-left elementor-widget elementor-widget-button\" data-id=\"7fee529\" data-element_type=\"widget\" data-widget_type=\"button.default\">\n\t\t\t\t<div class=\"elementor-widget-container\">\n\t\t\t\t\t\t\t\t\t<div class=\"elementor-button-wrapper\">\n\t\t\t\t\t<a class=\"elementor-button elementor-button-link elementor-size-xs elementor-animation-shrink\" href=\"https:\/\/partslinker.com\/de\/kontakt\/\">\n\t\t\t\t\t\t<span class=\"elementor-button-content-wrapper\">\n\t\t\t\t\t\t\t\t\t<span class=\"elementor-button-text\">Kontaktieren Sie uns<\/span>\n\t\t\t\t\t<\/span>\n\t\t\t\t\t<\/a>\n\t\t\t\t<\/div>\n\t\t\t\t\t\t\t\t<\/div>\n\t\t\t\t<\/div>\n\t\t\t\t\t<\/div>\n\t\t<\/div>\n\t\t\t\t<div class=\"elementor-column elementor-col-50 elementor-top-column elementor-element elementor-element-3a1b410\" data-id=\"3a1b410\" data-element_type=\"column\">\n\t\t\t<div class=\"elementor-widget-wrap elementor-element-populated\">\n\t\t\t\t\t\t<div class=\"elementor-element elementor-element-2c7d689 elementor-widget elementor-widget-text-editor\" data-id=\"2c7d689\" data-element_type=\"widget\" data-widget_type=\"text-editor.default\">\n\t\t\t\t<div class=\"elementor-widget-container\">\n\t\t\t\t\t\t\t\t\t<h6>Zusammenarbeit mit Entwicklern von E-Commerce-Plattformen.<\/h6>\n<p>Verbinden Sie Ihre Shop-Plattform mit BaseLinker und bewerben Sie sie als vollst\u00e4ndig in den Marktplatz integrierte Plattform.<\/p>\n<p>Unser System sorgt f\u00fcr eine bidirektionale Kommunikation mit dem Marktplatz und aktualisiert sich als Reaktion auf \u00c4nderungen in der API des jeweiligen Dienstes. Somit bleiben arbeitsintensive \u00c4nderungen auf PartsLinker-Seite und Sie haben Zugriff auf eine immer aktuelle Schnittstelle zur Kommunikation mit dem jeweiligen Marktplatz.<\/p>\n\t\t\t\t\t\t\t\t<\/div>\n\t\t\t\t<\/div>\n\t\t\t\t<div class=\"elementor-element elementor-element-1fa0c55 elementor-align-left elementor-widget elementor-widget-button\" data-id=\"1fa0c55\" data-element_type=\"widget\" data-widget_type=\"button.default\">\n\t\t\t\t<div class=\"elementor-widget-container\">\n\t\t\t\t\t\t\t\t\t<div class=\"elementor-button-wrapper\">\n\t\t\t\t\t<a class=\"elementor-button elementor-button-link elementor-size-xs elementor-animation-shrink\" href=\"https:\/\/partslinker.com\/de\/kontakt\/\">\n\t\t\t\t\t\t<span class=\"elementor-button-content-wrapper\">\n\t\t\t\t\t\t\t\t\t<span class=\"elementor-button-text\">Kontaktieren Sie uns<\/span>\n\t\t\t\t\t<\/span>\n\t\t\t\t\t<\/a>\n\t\t\t\t<\/div>\n\t\t\t\t\t\t\t\t<\/div>\n\t\t\t\t<\/div>\n\t\t\t\t\t<\/div>\n\t\t<\/div>\n\t\t\t\t\t<\/div>\n\t\t<\/section>\n\t\t\t\t<section class=\"elementor-section elementor-top-section elementor-element elementor-element-1595b917 elementor-section-boxed elementor-section-height-default elementor-section-height-default\" data-id=\"1595b917\" data-element_type=\"section\" data-settings=\"{&quot;shape_divider_bottom&quot;:&quot;curve&quot;}\">\n\t\t\t\t\t<div class=\"elementor-shape elementor-shape-bottom\" aria-hidden=\"true\" data-negative=\"false\">\n\t\t\t<svg xmlns=\"http:\/\/www.w3.org\/2000\/svg\" viewBox=\"0 0 1000 100\" preserveAspectRatio=\"none\">\n    <path class=\"elementor-shape-fill\" d=\"M1000,4.3V0H0v4.3C0.9,23.1,126.7,99.2,500,100S1000,22.7,1000,4.3z\"\/>\n<\/svg>\t\t<\/div>\n\t\t\t\t\t<div class=\"elementor-container elementor-column-gap-default\">\n\t\t\t\t\t<div class=\"elementor-column elementor-col-100 elementor-top-column elementor-element elementor-element-7dd8cc72\" data-id=\"7dd8cc72\" data-element_type=\"column\">\n\t\t\t<div class=\"elementor-widget-wrap elementor-element-populated\">\n\t\t\t\t\t\t<div class=\"elementor-element elementor-element-542ce8b3 elementor-headline--style-highlight elementor-widget elementor-widget-animated-headline\" data-id=\"542ce8b3\" data-element_type=\"widget\" data-settings=\"{&quot;highlighted_text&quot;:&quot;14 Tage&quot;,&quot;headline_style&quot;:&quot;highlight&quot;,&quot;marker&quot;:&quot;circle&quot;,&quot;loop&quot;:&quot;yes&quot;,&quot;highlight_animation_duration&quot;:1200,&quot;highlight_iteration_delay&quot;:8000}\" data-widget_type=\"animated-headline.default\">\n\t\t\t\t<div class=\"elementor-widget-container\">\n\t\t\t\t\t\t\t<h3 class=\"elementor-headline\">\n\t\t\t\t\t<span class=\"elementor-headline-plain-text elementor-headline-text-wrapper\">Testen Sie alle Systemintegrationen und Funktionen kostenlos<\/span>\n\t\t\t\t<span class=\"elementor-headline-dynamic-wrapper elementor-headline-text-wrapper\">\n\t\t\t\t\t<span class=\"elementor-headline-dynamic-text elementor-headline-text-active\">14 Tage<\/span>\n\t\t\t\t<\/span>\n\t\t\t\t<\/h3>\n\t\t\t\t\t\t<\/div>\n\t\t\t\t<\/div>\n\t\t\t\t<div class=\"elementor-element elementor-element-690d345c elementor-align-center elementor-widget elementor-widget-button\" data-id=\"690d345c\" data-element_type=\"widget\" data-widget_type=\"button.default\">\n\t\t\t\t<div class=\"elementor-widget-container\">\n\t\t\t\t\t\t\t\t\t<div class=\"elementor-button-wrapper\">\n\t\t\t\t\t<a class=\"elementor-button elementor-button-link elementor-size-md elementor-animation-shrink\" href=\"https:\/\/partslinker.com\/de\/kontakt\/\">\n\t\t\t\t\t\t<span class=\"elementor-button-content-wrapper\">\n\t\t\t\t\t\t\t\t\t<span class=\"elementor-button-text\">Kostenlos testen<\/span>\n\t\t\t\t\t<\/span>\n\t\t\t\t\t<\/a>\n\t\t\t\t<\/div>\n\t\t\t\t\t\t\t\t<\/div>\n\t\t\t\t<\/div>\n\t\t\t\t\t<\/div>\n\t\t<\/div>\n\t\t\t\t\t<\/div>\n\t\t<\/section>\n\t\t\t\t<\/div>\n\t\t","protected":false},"excerpt":{"rendered":"<p>Zusammenarbeit und Partnerschaften Mehrere Optionen f\u00fcr die Zusammenarbeit: Partnerschaftsprogramm Wenn Sie sich mit der Installation von Online-Shops befassen, k\u00f6nnen Sie Ihren Kunden vorschlagen, den Shop \u00fcber PartsLinker in Marktplatzplattformen zu integrieren. F\u00fcr jeden Kunden, den Sie mit unserem System verbinden, erhalten Sie eine Provision. Die H\u00f6he wird individuell mit jedem Partner festgelegt und h\u00e4ngt im [&hellip;]<\/p>\n","protected":false},"author":1,"featured_media":0,"parent":0,"menu_order":0,"comment_status":"closed","ping_status":"closed","template":"","meta":{"footnotes":""},"class_list":["post-134233","page","type-page","status-publish","hentry"],"yoast_head":"<!-- This site is optimized with the Yoast SEO plugin v25.1 - https:\/\/yoast.com\/wordpress\/plugins\/seo\/ -->\n<title>Zusammenarbeit - PartsLinker<\/title>\n<meta name=\"robots\" content=\"index, follow, max-snippet:-1, max-image-preview:large, max-video-preview:-1\" \/>\n<link rel=\"canonical\" href=\"https:\/\/partslinker.com\/de\/zusammenarbeit\/\" \/>\n<meta property=\"og:locale\" content=\"de_DE\" \/>\n<meta property=\"og:type\" content=\"article\" \/>\n<meta property=\"og:title\" content=\"Zusammenarbeit - PartsLinker\" \/>\n<meta property=\"og:description\" content=\"Zusammenarbeit und Partnerschaften Mehrere Optionen f\u00fcr die Zusammenarbeit: Partnerschaftsprogramm Wenn Sie sich mit der Installation von Online-Shops befassen, k\u00f6nnen Sie Ihren Kunden vorschlagen, den Shop \u00fcber PartsLinker in Marktplatzplattformen zu integrieren. F\u00fcr jeden Kunden, den Sie mit unserem System verbinden, erhalten Sie eine Provision. Die H\u00f6he wird individuell mit jedem Partner festgelegt und h\u00e4ngt im [&hellip;]\" \/>\n<meta property=\"og:url\" content=\"https:\/\/partslinker.com\/de\/zusammenarbeit\/\" \/>\n<meta property=\"og:site_name\" content=\"PartsLinker\" \/>\n<meta property=\"article:modified_time\" content=\"2024-12-23T19:04:33+00:00\" \/>\n<meta name=\"twitter:card\" content=\"summary_large_image\" \/>\n<meta name=\"twitter:label1\" content=\"Gesch\u00e4tzte Lesezeit\" \/>\n\t<meta name=\"twitter:data1\" content=\"1\u00a0Minute\" \/>\n<script type=\"application\/ld+json\" class=\"yoast-schema-graph\">{\"@context\":\"https:\/\/schema.org\",\"@graph\":[{\"@type\":\"WebPage\",\"@id\":\"https:\/\/partslinker.com\/de\/zusammenarbeit\/\",\"url\":\"https:\/\/partslinker.com\/de\/zusammenarbeit\/\",\"name\":\"Zusammenarbeit - PartsLinker\",\"isPartOf\":{\"@id\":\"https:\/\/partslinker.com\/en\/#website\"},\"datePublished\":\"2024-05-20T10:47:14+00:00\",\"dateModified\":\"2024-12-23T19:04:33+00:00\",\"breadcrumb\":{\"@id\":\"https:\/\/partslinker.com\/de\/zusammenarbeit\/#breadcrumb\"},\"inLanguage\":\"de\",\"potentialAction\":[{\"@type\":\"ReadAction\",\"target\":[\"https:\/\/partslinker.com\/de\/zusammenarbeit\/\"]}]},{\"@type\":\"BreadcrumbList\",\"@id\":\"https:\/\/partslinker.com\/de\/zusammenarbeit\/#breadcrumb\",\"itemListElement\":[{\"@type\":\"ListItem\",\"position\":1,\"name\":\"Home\",\"item\":\"https:\/\/partslinker.com\/en\/\"},{\"@type\":\"ListItem\",\"position\":2,\"name\":\"Zusammenarbeit\"}]},{\"@type\":\"WebSite\",\"@id\":\"https:\/\/partslinker.com\/en\/#website\",\"url\":\"https:\/\/partslinker.com\/en\/\",\"name\":\"PartsLinker\",\"description\":\"Autoparts Managment Software\",\"publisher\":{\"@id\":\"https:\/\/partslinker.com\/en\/#organization\"},\"potentialAction\":[{\"@type\":\"SearchAction\",\"target\":{\"@type\":\"EntryPoint\",\"urlTemplate\":\"https:\/\/partslinker.com\/en\/?s={search_term_string}\"},\"query-input\":{\"@type\":\"PropertyValueSpecification\",\"valueRequired\":true,\"valueName\":\"search_term_string\"}}],\"inLanguage\":\"de\"},{\"@type\":\"Organization\",\"@id\":\"https:\/\/partslinker.com\/en\/#organization\",\"name\":\"PartsLinker\",\"url\":\"https:\/\/partslinker.com\/en\/\",\"logo\":{\"@type\":\"ImageObject\",\"inLanguage\":\"de\",\"@id\":\"https:\/\/partslinker.com\/en\/#\/schema\/logo\/image\/\",\"url\":\"https:\/\/partslinker.com\/wp-content\/uploads\/2023\/06\/logo-partslinker-soluzione-gestionale-autodemolizioni-white-250px.png\",\"contentUrl\":\"https:\/\/partslinker.com\/wp-content\/uploads\/2023\/06\/logo-partslinker-soluzione-gestionale-autodemolizioni-white-250px.png\",\"width\":250,\"height\":42,\"caption\":\"PartsLinker\"},\"image\":{\"@id\":\"https:\/\/partslinker.com\/en\/#\/schema\/logo\/image\/\"}}]}<\/script>\n<!-- \/ Yoast SEO plugin. -->","yoast_head_json":{"title":"Zusammenarbeit - PartsLinker","robots":{"index":"index","follow":"follow","max-snippet":"max-snippet:-1","max-image-preview":"max-image-preview:large","max-video-preview":"max-video-preview:-1"},"canonical":"https:\/\/partslinker.com\/de\/zusammenarbeit\/","og_locale":"de_DE","og_type":"article","og_title":"Zusammenarbeit - PartsLinker","og_description":"Zusammenarbeit und Partnerschaften Mehrere Optionen f\u00fcr die Zusammenarbeit: Partnerschaftsprogramm Wenn Sie sich mit der Installation von Online-Shops befassen, k\u00f6nnen Sie Ihren Kunden vorschlagen, den Shop \u00fcber PartsLinker in Marktplatzplattformen zu integrieren. F\u00fcr jeden Kunden, den Sie mit unserem System verbinden, erhalten Sie eine Provision. Die H\u00f6he wird individuell mit jedem Partner festgelegt und h\u00e4ngt im [&hellip;]","og_url":"https:\/\/partslinker.com\/de\/zusammenarbeit\/","og_site_name":"PartsLinker","article_modified_time":"2024-12-23T19:04:33+00:00","twitter_card":"summary_large_image","twitter_misc":{"Gesch\u00e4tzte Lesezeit":"1\u00a0Minute"},"schema":{"@context":"https:\/\/schema.org","@graph":[{"@type":"WebPage","@id":"https:\/\/partslinker.com\/de\/zusammenarbeit\/","url":"https:\/\/partslinker.com\/de\/zusammenarbeit\/","name":"Zusammenarbeit - PartsLinker","isPartOf":{"@id":"https:\/\/partslinker.com\/en\/#website"},"datePublished":"2024-05-20T10:47:14+00:00","dateModified":"2024-12-23T19:04:33+00:00","breadcrumb":{"@id":"https:\/\/partslinker.com\/de\/zusammenarbeit\/#breadcrumb"},"inLanguage":"de","potentialAction":[{"@type":"ReadAction","target":["https:\/\/partslinker.com\/de\/zusammenarbeit\/"]}]},{"@type":"BreadcrumbList","@id":"https:\/\/partslinker.com\/de\/zusammenarbeit\/#breadcrumb","itemListElement":[{"@type":"ListItem","position":1,"name":"Home","item":"https:\/\/partslinker.com\/en\/"},{"@type":"ListItem","position":2,"name":"Zusammenarbeit"}]},{"@type":"WebSite","@id":"https:\/\/partslinker.com\/en\/#website","url":"https:\/\/partslinker.com\/en\/","name":"PartsLinker","description":"Autoparts Managment Software","publisher":{"@id":"https:\/\/partslinker.com\/en\/#organization"},"potentialAction":[{"@type":"SearchAction","target":{"@type":"EntryPoint","urlTemplate":"https:\/\/partslinker.com\/en\/?s={search_term_string}"},"query-input":{"@type":"PropertyValueSpecification","valueRequired":true,"valueName":"search_term_string"}}],"inLanguage":"de"},{"@type":"Organization","@id":"https:\/\/partslinker.com\/en\/#organization","name":"PartsLinker","url":"https:\/\/partslinker.com\/en\/","logo":{"@type":"ImageObject","inLanguage":"de","@id":"https:\/\/partslinker.com\/en\/#\/schema\/logo\/image\/","url":"https:\/\/partslinker.com\/wp-content\/uploads\/2023\/06\/logo-partslinker-soluzione-gestionale-autodemolizioni-white-250px.png","contentUrl":"https:\/\/partslinker.com\/wp-content\/uploads\/2023\/06\/logo-partslinker-soluzione-gestionale-autodemolizioni-white-250px.png","width":250,"height":42,"caption":"PartsLinker"},"image":{"@id":"https:\/\/partslinker.com\/en\/#\/schema\/logo\/image\/"}}]}},"_links":{"self":[{"href":"https:\/\/partslinker.com\/de\/wp-json\/wp\/v2\/pages\/134233","targetHints":{"allow":["GET"]}}],"collection":[{"href":"https:\/\/partslinker.com\/de\/wp-json\/wp\/v2\/pages"}],"about":[{"href":"https:\/\/partslinker.com\/de\/wp-json\/wp\/v2\/types\/page"}],"author":[{"embeddable":true,"href":"https:\/\/partslinker.com\/de\/wp-json\/wp\/v2\/users\/1"}],"replies":[{"embeddable":true,"href":"https:\/\/partslinker.com\/de\/wp-json\/wp\/v2\/comments?post=134233"}],"version-history":[{"count":1,"href":"https:\/\/partslinker.com\/de\/wp-json\/wp\/v2\/pages\/134233\/revisions"}],"predecessor-version":[{"id":134234,"href":"https:\/\/partslinker.com\/de\/wp-json\/wp\/v2\/pages\/134233\/revisions\/134234"}],"wp:attachment":[{"href":"https:\/\/partslinker.com\/de\/wp-json\/wp\/v2\/media?parent=134233"}],"curies":[{"name":"wp","href":"https:\/\/api.w.org\/{rel}","templated":true}]}}