{"id":134239,"date":"2024-05-20T13:02:23","date_gmt":"2024-05-20T11:02:23","guid":{"rendered":"https:\/\/partslinker.com\/haeufige-fragen\/"},"modified":"2024-12-24T14:39:23","modified_gmt":"2024-12-24T13:39:23","slug":"haeufige-fragen","status":"publish","type":"page","link":"https:\/\/partslinker.com\/de\/haeufige-fragen\/","title":{"rendered":"H\u00e4ufige Fragen"},"content":{"rendered":"\t\t<div data-elementor-type=\"wp-page\" data-elementor-id=\"134239\" class=\"elementor elementor-134239 elementor-12327\" data-elementor-post-type=\"page\">\n\t\t\t\t\t\t<section class=\"elementor-section elementor-top-section elementor-element elementor-element-c5a7bc9 elementor-section-full_width elementor-section-height-default elementor-section-height-default\" data-id=\"c5a7bc9\" data-element_type=\"section\">\n\t\t\t\t\t\t<div class=\"elementor-container elementor-column-gap-no\">\n\t\t\t\t\t<div class=\"elementor-column elementor-col-100 elementor-top-column elementor-element elementor-element-f380c30\" data-id=\"f380c30\" data-element_type=\"column\">\n\t\t\t<div class=\"elementor-widget-wrap elementor-element-populated\">\n\t\t\t\t\t\t<div class=\"elementor-element elementor-element-724e3b0 elementor-widget elementor-widget-heading\" data-id=\"724e3b0\" data-element_type=\"widget\" data-widget_type=\"heading.default\">\n\t\t\t\t<div class=\"elementor-widget-container\">\n\t\t\t\t\t<h2 class=\"elementor-heading-title elementor-size-default\">H\u00e4ufige Fragen<\/h2>\t\t\t\t<\/div>\n\t\t\t\t<\/div>\n\t\t\t\t\t<\/div>\n\t\t<\/div>\n\t\t\t\t\t<\/div>\n\t\t<\/section>\n\t\t\t\t<section class=\"elementor-section elementor-top-section elementor-element elementor-element-780fb973 elementor-section-boxed elementor-section-height-default elementor-section-height-default\" data-id=\"780fb973\" data-element_type=\"section\">\n\t\t\t\t\t\t<div class=\"elementor-container elementor-column-gap-default\">\n\t\t\t\t\t<div class=\"elementor-column elementor-col-100 elementor-top-column elementor-element elementor-element-71217579\" data-id=\"71217579\" data-element_type=\"column\">\n\t\t\t<div class=\"elementor-widget-wrap elementor-element-populated\">\n\t\t\t\t\t\t<div class=\"elementor-element elementor-element-1b431375 elementor-widget elementor-widget-restly_faq\" data-id=\"1b431375\" data-element_type=\"widget\" data-widget_type=\"restly_faq.default\">\n\t\t\t\t<div class=\"elementor-widget-container\">\n\t\t\t\t\t        <div class=\"accordion accordion-flush faq-accordion\" id=\"accordionFlushExample2728013\">\n                        <div class=\"accordion-item\">\n                <h2 class=\"accordion-header\" id=\"faq-27280131\">\n                <button class=\"accordion-button collapse\" type=\"button\" data-bs-toggle=\"collapse\" data-bs-target=\"#faq-item-27280131\" aria-expanded=\"false\" aria-controls=\"faq-item-27280131\">\n                   System vor dem Kauf ausprobieren?                <\/button>\n                <\/h2>\n                <div id=\"faq-item-27280131\" class=\"accordion-collapse collapse show\" aria-labelledby=\"faq-27280131\" data-bs-parent=\"#accordionFlushExample2728013\">\n                    <div class=\"accordion-body\"><p>Bevor Sie sich f\u00fcr den Kauf unserer Leistungen entscheiden, k\u00f6nnen Sie das Programm 14 Tage lang unverbindlich testen. W\u00e4hrend des Testzeitraums ist das System voll funktionsf\u00e4hig.<\/p><\/div>\n                <\/div>\n            <\/div>\n                        <div class=\"accordion-item\">\n                <h2 class=\"accordion-header\" id=\"faq-27280132\">\n                <button class=\"accordion-button collapsed\" type=\"button\" data-bs-toggle=\"collapse\" data-bs-target=\"#faq-item-27280132\" aria-expanded=\"false\" aria-controls=\"faq-item-27280132\">\n                   Kann ich das von mir verwendete Abonnement \u00e4ndern?                <\/button>\n                <\/h2>\n                <div id=\"faq-item-27280132\" class=\"accordion-collapse collapse \" aria-labelledby=\"faq-27280132\" data-bs-parent=\"#accordionFlushExample2728013\">\n                    <div class=\"accordion-body\"><p>Sie k\u00f6nnen das Abonnement von Freemium auf Business oder von Business auf Enterprise \u00e4ndern. Weitere \u00c4nderungen des Abonnements sind nicht m\u00f6glich.<\/p><\/div>\n                <\/div>\n            <\/div>\n                        <div class=\"accordion-item\">\n                <h2 class=\"accordion-header\" id=\"faq-27280133\">\n                <button class=\"accordion-button collapsed\" type=\"button\" data-bs-toggle=\"collapse\" data-bs-target=\"#faq-item-27280133\" aria-expanded=\"false\" aria-controls=\"faq-item-27280133\">\n                   Kann ich zwischen dem Business-Abonnement und dem Enterprise-Abonnement w\u00e4hlen?                <\/button>\n                <\/h2>\n                <div id=\"faq-item-27280133\" class=\"accordion-collapse collapse \" aria-labelledby=\"faq-27280133\" data-bs-parent=\"#accordionFlushExample2728013\">\n                    <div class=\"accordion-body\"><p>Nachdem Sie sich f\u00fcr das Enterprise-Abonnement qualifiziert haben, werden Sie von unserem Team kontaktiert. Um BaseLinker weiterhin nutzen zu k\u00f6nnen, m\u00fcssen Sie zu einem dedizierten Enterprise-Abonnement wechseln.<\/p><\/div>\n                <\/div>\n            <\/div>\n                        <div class=\"accordion-item\">\n                <h2 class=\"accordion-header\" id=\"faq-27280134\">\n                <button class=\"accordion-button collapsed\" type=\"button\" data-bs-toggle=\"collapse\" data-bs-target=\"#faq-item-27280134\" aria-expanded=\"false\" aria-controls=\"faq-item-27280134\">\n                   Kann ich das Enterprise-Abonnement nutzen, wenn meine Anzahl an Bestellungen und mein GMV niedriger sind als die im Enterprise-Abonnement angegebenen Werte?                <\/button>\n                <\/h2>\n                <div id=\"faq-item-27280134\" class=\"accordion-collapse collapse \" aria-labelledby=\"faq-27280134\" data-bs-parent=\"#accordionFlushExample2728013\">\n                    <div class=\"accordion-body\"><p>Ja. Vereinbaren Sie dazu \u00fcber diesen Link einen Anruf mit unserem <a href=\"https:\/\/partslinker.com\/contact\">Unternehmensteam<\/a>.\u00a0<\/p><\/div>\n                <\/div>\n            <\/div>\n                        <div class=\"accordion-item\">\n                <h2 class=\"accordion-header\" id=\"faq-27280135\">\n                <button class=\"accordion-button collapsed\" type=\"button\" data-bs-toggle=\"collapse\" data-bs-target=\"#faq-item-27280135\" aria-expanded=\"false\" aria-controls=\"faq-item-27280135\">\n                   Wenn ich mehrere PartsLinker-Konten habe, werden die Volumina addiert, um festzustellen, ob ich f\u00fcr das Enterprise-Abonnement qualifiziert bin?                <\/button>\n                <\/h2>\n                <div id=\"faq-item-27280135\" class=\"accordion-collapse collapse \" aria-labelledby=\"faq-27280135\" data-bs-parent=\"#accordionFlushExample2728013\">\n                    <div class=\"accordion-body\"><p>Ja, wenn Sie das Gesch\u00e4ft mithilfe mehrerer Konten verwalten, ber\u00fccksichtigen wir die aggregierten Volumina aller Konten, um sich f\u00fcr das Enterprise-Abonnement zu qualifizieren.<\/p><\/div>\n                <\/div>\n            <\/div>\n                        <div class=\"accordion-item\">\n                <h2 class=\"accordion-header\" id=\"faq-27280136\">\n                <button class=\"accordion-button collapsed\" type=\"button\" data-bs-toggle=\"collapse\" data-bs-target=\"#faq-item-27280136\" aria-expanded=\"false\" aria-controls=\"faq-item-27280136\">\n                   Erstellen Sie Rechnungen mit ausgewiesener Mehrwertsteuer?                <\/button>\n                <\/h2>\n                <div id=\"faq-item-27280136\" class=\"accordion-collapse collapse \" aria-labelledby=\"faq-27280136\" data-bs-parent=\"#accordionFlushExample2728013\">\n                    <div class=\"accordion-body\"><ul><li>Ja, wir stellen Rechnungen mit ausgewiesener Mehrwertsteuer aus. Die Abonnementgeb\u00fchr f\u00fcr die Nutzung des Systems und die Zahlungsdetails sind im Abschnitt <a href=\"https:\/\/partslinker.com\/preturi\">Preisliste beschrieben<\/a>.<\/li><\/ul><\/div>\n                <\/div>\n            <\/div>\n                    <\/div>\n        \t\t\t\t<\/div>\n\t\t\t\t<\/div>\n\t\t\t\t\t<\/div>\n\t\t<\/div>\n\t\t\t\t\t<\/div>\n\t\t<\/section>\n\t\t\t\t<\/div>\n\t\t","protected":false},"excerpt":{"rendered":"<p>H\u00e4ufige Fragen System vor dem Kauf ausprobieren? Bevor Sie sich f\u00fcr den Kauf unserer Leistungen entscheiden, k\u00f6nnen Sie das Programm 14 Tage lang unverbindlich testen. W\u00e4hrend des Testzeitraums ist das System voll funktionsf\u00e4hig. Kann ich das von mir verwendete Abonnement \u00e4ndern? Sie k\u00f6nnen das Abonnement von Freemium auf Business oder von Business auf Enterprise \u00e4ndern. [&hellip;]<\/p>\n","protected":false},"author":1,"featured_media":0,"parent":0,"menu_order":0,"comment_status":"closed","ping_status":"closed","template":"","meta":{"footnotes":""},"class_list":["post-134239","page","type-page","status-publish","hentry"],"yoast_head":"<!-- This site is optimized with the Yoast SEO plugin v25.1 - https:\/\/yoast.com\/wordpress\/plugins\/seo\/ -->\n<title>H\u00e4ufige Fragen - PartsLinker<\/title>\n<meta name=\"robots\" content=\"index, follow, max-snippet:-1, max-image-preview:large, max-video-preview:-1\" \/>\n<link rel=\"canonical\" href=\"https:\/\/partslinker.com\/de\/haeufige-fragen\/\" \/>\n<meta property=\"og:locale\" content=\"de_DE\" \/>\n<meta property=\"og:type\" content=\"article\" \/>\n<meta property=\"og:title\" content=\"H\u00e4ufige Fragen - PartsLinker\" \/>\n<meta property=\"og:description\" content=\"H\u00e4ufige Fragen System vor dem Kauf ausprobieren? Bevor Sie sich f\u00fcr den Kauf unserer Leistungen entscheiden, k\u00f6nnen Sie das Programm 14 Tage lang unverbindlich testen. W\u00e4hrend des Testzeitraums ist das System voll funktionsf\u00e4hig. Kann ich das von mir verwendete Abonnement \u00e4ndern? Sie k\u00f6nnen das Abonnement von Freemium auf Business oder von Business auf Enterprise \u00e4ndern. [&hellip;]\" \/>\n<meta property=\"og:url\" content=\"https:\/\/partslinker.com\/de\/haeufige-fragen\/\" \/>\n<meta property=\"og:site_name\" content=\"PartsLinker\" \/>\n<meta property=\"article:modified_time\" content=\"2024-12-24T13:39:23+00:00\" \/>\n<meta name=\"twitter:card\" content=\"summary_large_image\" \/>\n<meta name=\"twitter:label1\" content=\"Gesch\u00e4tzte Lesezeit\" \/>\n\t<meta name=\"twitter:data1\" content=\"1\u00a0Minute\" \/>\n<script type=\"application\/ld+json\" class=\"yoast-schema-graph\">{\"@context\":\"https:\/\/schema.org\",\"@graph\":[{\"@type\":\"WebPage\",\"@id\":\"https:\/\/partslinker.com\/de\/haeufige-fragen\/\",\"url\":\"https:\/\/partslinker.com\/de\/haeufige-fragen\/\",\"name\":\"H\u00e4ufige Fragen - PartsLinker\",\"isPartOf\":{\"@id\":\"https:\/\/partslinker.com\/en\/#website\"},\"datePublished\":\"2024-05-20T11:02:23+00:00\",\"dateModified\":\"2024-12-24T13:39:23+00:00\",\"breadcrumb\":{\"@id\":\"https:\/\/partslinker.com\/de\/haeufige-fragen\/#breadcrumb\"},\"inLanguage\":\"de\",\"potentialAction\":[{\"@type\":\"ReadAction\",\"target\":[\"https:\/\/partslinker.com\/de\/haeufige-fragen\/\"]}]},{\"@type\":\"BreadcrumbList\",\"@id\":\"https:\/\/partslinker.com\/de\/haeufige-fragen\/#breadcrumb\",\"itemListElement\":[{\"@type\":\"ListItem\",\"position\":1,\"name\":\"Home\",\"item\":\"https:\/\/partslinker.com\/en\/\"},{\"@type\":\"ListItem\",\"position\":2,\"name\":\"H\u00e4ufige Fragen\"}]},{\"@type\":\"WebSite\",\"@id\":\"https:\/\/partslinker.com\/en\/#website\",\"url\":\"https:\/\/partslinker.com\/en\/\",\"name\":\"PartsLinker\",\"description\":\"Autoparts Managment Software\",\"publisher\":{\"@id\":\"https:\/\/partslinker.com\/en\/#organization\"},\"potentialAction\":[{\"@type\":\"SearchAction\",\"target\":{\"@type\":\"EntryPoint\",\"urlTemplate\":\"https:\/\/partslinker.com\/en\/?s={search_term_string}\"},\"query-input\":{\"@type\":\"PropertyValueSpecification\",\"valueRequired\":true,\"valueName\":\"search_term_string\"}}],\"inLanguage\":\"de\"},{\"@type\":\"Organization\",\"@id\":\"https:\/\/partslinker.com\/en\/#organization\",\"name\":\"PartsLinker\",\"url\":\"https:\/\/partslinker.com\/en\/\",\"logo\":{\"@type\":\"ImageObject\",\"inLanguage\":\"de\",\"@id\":\"https:\/\/partslinker.com\/en\/#\/schema\/logo\/image\/\",\"url\":\"https:\/\/partslinker.com\/wp-content\/uploads\/2023\/06\/logo-partslinker-soluzione-gestionale-autodemolizioni-white-250px.png\",\"contentUrl\":\"https:\/\/partslinker.com\/wp-content\/uploads\/2023\/06\/logo-partslinker-soluzione-gestionale-autodemolizioni-white-250px.png\",\"width\":250,\"height\":42,\"caption\":\"PartsLinker\"},\"image\":{\"@id\":\"https:\/\/partslinker.com\/en\/#\/schema\/logo\/image\/\"}}]}<\/script>\n<!-- \/ Yoast SEO plugin. -->","yoast_head_json":{"title":"H\u00e4ufige Fragen - PartsLinker","robots":{"index":"index","follow":"follow","max-snippet":"max-snippet:-1","max-image-preview":"max-image-preview:large","max-video-preview":"max-video-preview:-1"},"canonical":"https:\/\/partslinker.com\/de\/haeufige-fragen\/","og_locale":"de_DE","og_type":"article","og_title":"H\u00e4ufige Fragen - PartsLinker","og_description":"H\u00e4ufige Fragen System vor dem Kauf ausprobieren? Bevor Sie sich f\u00fcr den Kauf unserer Leistungen entscheiden, k\u00f6nnen Sie das Programm 14 Tage lang unverbindlich testen. W\u00e4hrend des Testzeitraums ist das System voll funktionsf\u00e4hig. Kann ich das von mir verwendete Abonnement \u00e4ndern? Sie k\u00f6nnen das Abonnement von Freemium auf Business oder von Business auf Enterprise \u00e4ndern. [&hellip;]","og_url":"https:\/\/partslinker.com\/de\/haeufige-fragen\/","og_site_name":"PartsLinker","article_modified_time":"2024-12-24T13:39:23+00:00","twitter_card":"summary_large_image","twitter_misc":{"Gesch\u00e4tzte Lesezeit":"1\u00a0Minute"},"schema":{"@context":"https:\/\/schema.org","@graph":[{"@type":"WebPage","@id":"https:\/\/partslinker.com\/de\/haeufige-fragen\/","url":"https:\/\/partslinker.com\/de\/haeufige-fragen\/","name":"H\u00e4ufige Fragen - PartsLinker","isPartOf":{"@id":"https:\/\/partslinker.com\/en\/#website"},"datePublished":"2024-05-20T11:02:23+00:00","dateModified":"2024-12-24T13:39:23+00:00","breadcrumb":{"@id":"https:\/\/partslinker.com\/de\/haeufige-fragen\/#breadcrumb"},"inLanguage":"de","potentialAction":[{"@type":"ReadAction","target":["https:\/\/partslinker.com\/de\/haeufige-fragen\/"]}]},{"@type":"BreadcrumbList","@id":"https:\/\/partslinker.com\/de\/haeufige-fragen\/#breadcrumb","itemListElement":[{"@type":"ListItem","position":1,"name":"Home","item":"https:\/\/partslinker.com\/en\/"},{"@type":"ListItem","position":2,"name":"H\u00e4ufige Fragen"}]},{"@type":"WebSite","@id":"https:\/\/partslinker.com\/en\/#website","url":"https:\/\/partslinker.com\/en\/","name":"PartsLinker","description":"Autoparts Managment Software","publisher":{"@id":"https:\/\/partslinker.com\/en\/#organization"},"potentialAction":[{"@type":"SearchAction","target":{"@type":"EntryPoint","urlTemplate":"https:\/\/partslinker.com\/en\/?s={search_term_string}"},"query-input":{"@type":"PropertyValueSpecification","valueRequired":true,"valueName":"search_term_string"}}],"inLanguage":"de"},{"@type":"Organization","@id":"https:\/\/partslinker.com\/en\/#organization","name":"PartsLinker","url":"https:\/\/partslinker.com\/en\/","logo":{"@type":"ImageObject","inLanguage":"de","@id":"https:\/\/partslinker.com\/en\/#\/schema\/logo\/image\/","url":"https:\/\/partslinker.com\/wp-content\/uploads\/2023\/06\/logo-partslinker-soluzione-gestionale-autodemolizioni-white-250px.png","contentUrl":"https:\/\/partslinker.com\/wp-content\/uploads\/2023\/06\/logo-partslinker-soluzione-gestionale-autodemolizioni-white-250px.png","width":250,"height":42,"caption":"PartsLinker"},"image":{"@id":"https:\/\/partslinker.com\/en\/#\/schema\/logo\/image\/"}}]}},"_links":{"self":[{"href":"https:\/\/partslinker.com\/de\/wp-json\/wp\/v2\/pages\/134239","targetHints":{"allow":["GET"]}}],"collection":[{"href":"https:\/\/partslinker.com\/de\/wp-json\/wp\/v2\/pages"}],"about":[{"href":"https:\/\/partslinker.com\/de\/wp-json\/wp\/v2\/types\/page"}],"author":[{"embeddable":true,"href":"https:\/\/partslinker.com\/de\/wp-json\/wp\/v2\/users\/1"}],"replies":[{"embeddable":true,"href":"https:\/\/partslinker.com\/de\/wp-json\/wp\/v2\/comments?post=134239"}],"version-history":[{"count":4,"href":"https:\/\/partslinker.com\/de\/wp-json\/wp\/v2\/pages\/134239\/revisions"}],"predecessor-version":[{"id":135288,"href":"https:\/\/partslinker.com\/de\/wp-json\/wp\/v2\/pages\/134239\/revisions\/135288"}],"wp:attachment":[{"href":"https:\/\/partslinker.com\/de\/wp-json\/wp\/v2\/media?parent=134239"}],"curies":[{"name":"wp","href":"https:\/\/api.w.org\/{rel}","templated":true}]}}