{"id":134271,"date":"2024-05-19T19:11:06","date_gmt":"2024-05-19T17:11:06","guid":{"rendered":"https:\/\/partslinker.com\/integrationen\/fan-courier\/"},"modified":"2024-12-23T20:04:20","modified_gmt":"2024-12-23T19:04:20","slug":"fan-courier","status":"publish","type":"page","link":"https:\/\/partslinker.com\/de\/integrationen\/fan-courier\/","title":{"rendered":"Fan Courier"},"content":{"rendered":"\t\t<div data-elementor-type=\"wp-page\" data-elementor-id=\"134271\" class=\"elementor elementor-134271 elementor-11993\" data-elementor-post-type=\"page\">\n\t\t\t\t\t\t<section class=\"elementor-section elementor-top-section elementor-element elementor-element-7986230d elementor-section-boxed elementor-section-height-default elementor-section-height-default\" data-id=\"7986230d\" data-element_type=\"section\">\n\t\t\t\t\t\t<div class=\"elementor-container elementor-column-gap-default\">\n\t\t\t\t\t<div class=\"elementor-column elementor-col-33 elementor-top-column elementor-element elementor-element-706f17d6\" data-id=\"706f17d6\" data-element_type=\"column\">\n\t\t\t<div class=\"elementor-widget-wrap\">\n\t\t\t\t\t\t\t<\/div>\n\t\t<\/div>\n\t\t\t\t<div class=\"elementor-column elementor-col-33 elementor-top-column elementor-element elementor-element-221aec30\" data-id=\"221aec30\" data-element_type=\"column\">\n\t\t\t<div class=\"elementor-widget-wrap elementor-element-populated\">\n\t\t\t\t\t\t<div class=\"elementor-element elementor-element-29619cc0 elementor-flip-box--effect-fade elementor-widget elementor-widget-flip-box\" data-id=\"29619cc0\" data-element_type=\"widget\" data-widget_type=\"flip-box.default\">\n\t\t\t\t<div class=\"elementor-widget-container\">\n\t\t\t\t\t\t\t<div class=\"elementor-flip-box\" tabindex=\"0\">\n\t\t\t<div class=\"elementor-flip-box__layer elementor-flip-box__front\">\n\t\t\t\t<div class=\"elementor-flip-box__layer__overlay\">\n\t\t\t\t\t<div class=\"elementor-flip-box__layer__inner\">\n\t\t\t\t\t\t\n\t\t\t\t\t\t\n\t\t\t\t\t\t\t\t\t\t\t<\/div>\n\t\t\t\t<\/div>\n\t\t\t<\/div>\n\t\t\t<div class=\"elementor-flip-box__layer elementor-flip-box__back\">\n\t\t\t<div class=\"elementor-flip-box__layer__overlay\">\n\t\t\t\t<div class=\"elementor-flip-box__layer__inner\">\n\t\t\t\t\t\n\t\t\t\t\t\n\t\t\t\t\t\t\t\t<\/div>\n\t\t<\/div>\n\t\t<\/div>\n\t\t<\/div>\n\t\t\t\t\t\t<\/div>\n\t\t\t\t<\/div>\n\t\t\t\t\t<\/div>\n\t\t<\/div>\n\t\t\t\t<div class=\"elementor-column elementor-col-33 elementor-top-column elementor-element elementor-element-4ec1aa4c\" data-id=\"4ec1aa4c\" data-element_type=\"column\">\n\t\t\t<div class=\"elementor-widget-wrap\">\n\t\t\t\t\t\t\t<\/div>\n\t\t<\/div>\n\t\t\t\t\t<\/div>\n\t\t<\/section>\n\t\t\t\t<section class=\"elementor-section elementor-top-section elementor-element elementor-element-e6c439d elementor-section-boxed elementor-section-height-default elementor-section-height-default\" data-id=\"e6c439d\" data-element_type=\"section\">\n\t\t\t\t\t\t<div class=\"elementor-container elementor-column-gap-default\">\n\t\t\t\t\t<div class=\"elementor-column elementor-col-100 elementor-top-column elementor-element elementor-element-2fe85a55\" data-id=\"2fe85a55\" data-element_type=\"column\">\n\t\t\t<div class=\"elementor-widget-wrap elementor-element-populated\">\n\t\t\t\t\t\t<div class=\"elementor-element elementor-element-d13f50d elementor-widget elementor-widget-heading\" data-id=\"d13f50d\" data-element_type=\"widget\" data-widget_type=\"heading.default\">\n\t\t\t\t<div class=\"elementor-widget-container\">\n\t\t\t\t\t<h1 class=\"elementor-heading-title elementor-size-default\">Fan Courier<\/h1>\t\t\t\t<\/div>\n\t\t\t\t<\/div>\n\t\t\t\t\t<\/div>\n\t\t<\/div>\n\t\t\t\t\t<\/div>\n\t\t<\/section>\n\t\t\t\t<section class=\"elementor-section elementor-top-section elementor-element elementor-element-2aab8dc9 elementor-section-boxed elementor-section-height-default elementor-section-height-default\" data-id=\"2aab8dc9\" data-element_type=\"section\">\n\t\t\t\t\t\t<div class=\"elementor-container elementor-column-gap-default\">\n\t\t\t\t\t<div class=\"elementor-column elementor-col-100 elementor-top-column elementor-element elementor-element-a98aa45\" data-id=\"a98aa45\" data-element_type=\"column\">\n\t\t\t<div class=\"elementor-widget-wrap elementor-element-populated\">\n\t\t\t\t\t\t<div class=\"elementor-element elementor-element-54577cd4 elementor-widget elementor-widget-text-editor\" data-id=\"54577cd4\" data-element_type=\"widget\" data-widget_type=\"text-editor.default\">\n\t\t\t\t<div class=\"elementor-widget-container\">\n\t\t\t\t\t\t\t\t\t<div class=\"padding-x-16\">\n<p><strong>Verbinden Sie Ihr Fan Courier-Konto mit PartsLinker<\/strong>, um den Prozess des Versendens von Bestellungen zu vereinfachen. Sie k\u00f6nnen mehrere Kurierkonten und mehrere Vertriebskan\u00e4le verbinden und diese in einem einzigen intuitiven Bestellmanager verwalten. Durch die Integration von Fan Courier in das PartsLinker-System k\u00f6nnen Sie Pakete schnell versenden \u2013 sowohl einzeln als auch in gro\u00dfen Mengen oder sogar automatisch, ohne Ihr Zutun.<\/p>\n<p><strong>Viele der Schritte zur Vorbereitung eines Pakets k\u00f6nnen vom System erledigt werden:<\/strong><\/p>\n<\/div>\n\t\t\t\t\t\t\t\t<\/div>\n\t\t\t\t<\/div>\n\t\t\t\t\t<\/div>\n\t\t<\/div>\n\t\t\t\t\t<\/div>\n\t\t<\/section>\n\t\t\t\t<section class=\"elementor-section elementor-top-section elementor-element elementor-element-4868ed51 elementor-section-boxed elementor-section-height-default elementor-section-height-default\" data-id=\"4868ed51\" data-element_type=\"section\">\n\t\t\t\t\t\t<div class=\"elementor-container elementor-column-gap-default\">\n\t\t\t\t\t<div class=\"elementor-column elementor-col-50 elementor-top-column elementor-element elementor-element-67cd9c0e\" data-id=\"67cd9c0e\" data-element_type=\"column\">\n\t\t\t<div class=\"elementor-widget-wrap elementor-element-populated\">\n\t\t\t\t\t\t<div class=\"elementor-element elementor-element-350de1fe elementor-icon-list--layout-traditional elementor-list-item-link-full_width elementor-widget elementor-widget-icon-list\" data-id=\"350de1fe\" data-element_type=\"widget\" data-widget_type=\"icon-list.default\">\n\t\t\t\t<div class=\"elementor-widget-container\">\n\t\t\t\t\t\t\t<ul class=\"elementor-icon-list-items\">\n\t\t\t\t\t\t\t<li class=\"elementor-icon-list-item\">\n\t\t\t\t\t\t\t\t\t\t\t<span class=\"elementor-icon-list-icon\">\n\t\t\t\t\t\t\t<i aria-hidden=\"true\" class=\"bi bi-check-circle\"><\/i>\t\t\t\t\t\t<\/span>\n\t\t\t\t\t\t\t\t\t\t<span class=\"elementor-icon-list-text\"><b>AWBs drucken<\/b> (sowohl einzeln von der Bestellseite als auch in gro\u00dfen Mengen aus der Bestellliste)<\/span>\n\t\t\t\t\t\t\t\t\t<\/li>\n\t\t\t\t\t\t<\/ul>\n\t\t\t\t\t\t<\/div>\n\t\t\t\t<\/div>\n\t\t\t\t<div class=\"elementor-element elementor-element-2722d3ae elementor-icon-list--layout-traditional elementor-list-item-link-full_width elementor-widget elementor-widget-icon-list\" data-id=\"2722d3ae\" data-element_type=\"widget\" data-widget_type=\"icon-list.default\">\n\t\t\t\t<div class=\"elementor-widget-container\">\n\t\t\t\t\t\t\t<ul class=\"elementor-icon-list-items\">\n\t\t\t\t\t\t\t<li class=\"elementor-icon-list-item\">\n\t\t\t\t\t\t\t\t\t\t\t<span class=\"elementor-icon-list-icon\">\n\t\t\t\t\t\t\t<i aria-hidden=\"true\" class=\"bi bi-check-circle\"><\/i>\t\t\t\t\t\t<\/span>\n\t\t\t\t\t\t\t\t\t\t<span class=\"elementor-icon-list-text\"><b>Senden Sie dem Kunden die Sendungsnummer<\/b> und den Tracking-Link der Bestellung<\/span>\n\t\t\t\t\t\t\t\t\t<\/li>\n\t\t\t\t\t\t<\/ul>\n\t\t\t\t\t\t<\/div>\n\t\t\t\t<\/div>\n\t\t\t\t\t<\/div>\n\t\t<\/div>\n\t\t\t\t<div class=\"elementor-column elementor-col-50 elementor-top-column elementor-element elementor-element-78beaa60\" data-id=\"78beaa60\" data-element_type=\"column\">\n\t\t\t<div class=\"elementor-widget-wrap elementor-element-populated\">\n\t\t\t\t\t\t<div class=\"elementor-element elementor-element-599907f7 elementor-icon-list--layout-traditional elementor-list-item-link-full_width elementor-widget elementor-widget-icon-list\" data-id=\"599907f7\" data-element_type=\"widget\" data-widget_type=\"icon-list.default\">\n\t\t\t\t<div class=\"elementor-widget-container\">\n\t\t\t\t\t\t\t<ul class=\"elementor-icon-list-items\">\n\t\t\t\t\t\t\t<li class=\"elementor-icon-list-item\">\n\t\t\t\t\t\t\t\t\t\t\t<span class=\"elementor-icon-list-icon\">\n\t\t\t\t\t\t\t<i aria-hidden=\"true\" class=\"bi bi-check-circle\"><\/i>\t\t\t\t\t\t<\/span>\n\t\t\t\t\t\t\t\t\t\t<span class=\"elementor-icon-list-text\"><b>\u00dcbermitteln Sie die Sendungsnummer<\/b> an den Marktplatz und den Online-Shop<\/span>\n\t\t\t\t\t\t\t\t\t<\/li>\n\t\t\t\t\t\t<\/ul>\n\t\t\t\t\t\t<\/div>\n\t\t\t\t<\/div>\n\t\t\t\t\t<\/div>\n\t\t<\/div>\n\t\t\t\t\t<\/div>\n\t\t<\/section>\n\t\t\t\t<section class=\"elementor-section elementor-top-section elementor-element elementor-element-48dfd539 elementor-section-boxed elementor-section-height-default elementor-section-height-default\" data-id=\"48dfd539\" data-element_type=\"section\">\n\t\t\t\t\t\t<div class=\"elementor-container elementor-column-gap-default\">\n\t\t\t\t\t<div class=\"elementor-column elementor-col-100 elementor-top-column elementor-element elementor-element-633532fa\" data-id=\"633532fa\" data-element_type=\"column\">\n\t\t\t<div class=\"elementor-widget-wrap elementor-element-populated\">\n\t\t\t\t\t\t<div class=\"elementor-element elementor-element-6e6e75a0 elementor-widget elementor-widget-text-editor\" data-id=\"6e6e75a0\" data-element_type=\"widget\" data-widget_type=\"text-editor.default\">\n\t\t\t\t<div class=\"elementor-widget-container\">\n\t\t\t\t\t\t\t\t\t<div class=\"padding-x-16\">\r\n\r\nDa die Integration die Fan Courier API nutzt, ist die Nummer des versendeten Pakets sofort im System verf\u00fcgbar und kann schnell an den Kunden \u00fcbermittelt werden. PartsLinker bietet eine unbegrenzte Anzahl von Fan Courier-Konten, die Sie integrieren k\u00f6nnen \u2013 Sie k\u00f6nnen dasselbe Konto mehrmals verbinden, um beispielsweise eine andere Absenderadresse festzulegen.\r\n\r\n<\/div>\t\t\t\t\t\t\t\t<\/div>\n\t\t\t\t<\/div>\n\t\t\t\t\t<\/div>\n\t\t<\/div>\n\t\t\t\t\t<\/div>\n\t\t<\/section>\n\t\t\t\t<section class=\"elementor-section elementor-top-section elementor-element elementor-element-6b6714d elementor-section-boxed elementor-section-height-default elementor-section-height-default\" data-id=\"6b6714d\" data-element_type=\"section\" data-settings=\"{&quot;shape_divider_bottom&quot;:&quot;curve&quot;}\">\n\t\t\t\t\t<div class=\"elementor-shape elementor-shape-bottom\" aria-hidden=\"true\" data-negative=\"false\">\n\t\t\t<svg xmlns=\"http:\/\/www.w3.org\/2000\/svg\" viewBox=\"0 0 1000 100\" preserveAspectRatio=\"none\">\n    <path class=\"elementor-shape-fill\" d=\"M1000,4.3V0H0v4.3C0.9,23.1,126.7,99.2,500,100S1000,22.7,1000,4.3z\"\/>\n<\/svg>\t\t<\/div>\n\t\t\t\t\t<div class=\"elementor-container elementor-column-gap-default\">\n\t\t\t\t\t<div class=\"elementor-column elementor-col-100 elementor-top-column elementor-element elementor-element-28acf50e\" data-id=\"28acf50e\" data-element_type=\"column\">\n\t\t\t<div class=\"elementor-widget-wrap elementor-element-populated\">\n\t\t\t\t\t\t<div class=\"elementor-element elementor-element-395913bc elementor-headline--style-highlight elementor-widget elementor-widget-animated-headline\" data-id=\"395913bc\" data-element_type=\"widget\" data-settings=\"{&quot;highlighted_text&quot;:&quot;14 Tage&quot;,&quot;headline_style&quot;:&quot;highlight&quot;,&quot;marker&quot;:&quot;circle&quot;,&quot;loop&quot;:&quot;yes&quot;,&quot;highlight_animation_duration&quot;:1200,&quot;highlight_iteration_delay&quot;:8000}\" data-widget_type=\"animated-headline.default\">\n\t\t\t\t<div class=\"elementor-widget-container\">\n\t\t\t\t\t\t\t<h3 class=\"elementor-headline\">\n\t\t\t\t\t<span class=\"elementor-headline-plain-text elementor-headline-text-wrapper\">Testen Sie alle Systemintegrationen und Funktionen kostenlos<\/span>\n\t\t\t\t<span class=\"elementor-headline-dynamic-wrapper elementor-headline-text-wrapper\">\n\t\t\t\t\t<span class=\"elementor-headline-dynamic-text elementor-headline-text-active\">14 Tage<\/span>\n\t\t\t\t<\/span>\n\t\t\t\t<\/h3>\n\t\t\t\t\t\t<\/div>\n\t\t\t\t<\/div>\n\t\t\t\t<div class=\"elementor-element elementor-element-25e80342 elementor-align-center elementor-widget elementor-widget-button\" data-id=\"25e80342\" data-element_type=\"widget\" data-widget_type=\"button.default\">\n\t\t\t\t<div class=\"elementor-widget-container\">\n\t\t\t\t\t\t\t\t\t<div class=\"elementor-button-wrapper\">\n\t\t\t\t\t<a class=\"elementor-button elementor-button-link elementor-size-md elementor-animation-shrink\" href=\"https:\/\/partslinker.com\/de\/kontakt\/\">\n\t\t\t\t\t\t<span class=\"elementor-button-content-wrapper\">\n\t\t\t\t\t\t\t\t\t<span class=\"elementor-button-text\">Kostenlos testen<\/span>\n\t\t\t\t\t<\/span>\n\t\t\t\t\t<\/a>\n\t\t\t\t<\/div>\n\t\t\t\t\t\t\t\t<\/div>\n\t\t\t\t<\/div>\n\t\t\t\t\t<\/div>\n\t\t<\/div>\n\t\t\t\t\t<\/div>\n\t\t<\/section>\n\t\t\t\t<\/div>\n\t\t","protected":false},"excerpt":{"rendered":"<p>Fan Courier Verbinden Sie Ihr Fan Courier-Konto mit PartsLinker, um den Prozess des Versendens von Bestellungen zu vereinfachen. Sie k\u00f6nnen mehrere Kurierkonten und mehrere Vertriebskan\u00e4le verbinden und diese in einem einzigen intuitiven Bestellmanager verwalten. Durch die Integration von Fan Courier in das PartsLinker-System k\u00f6nnen Sie Pakete schnell versenden \u2013 sowohl einzeln als auch in gro\u00dfen [&hellip;]<\/p>\n","protected":false},"author":1,"featured_media":0,"parent":133768,"menu_order":9,"comment_status":"closed","ping_status":"closed","template":"","meta":{"footnotes":""},"class_list":["post-134271","page","type-page","status-publish","hentry"],"yoast_head":"<!-- This site is optimized with the Yoast SEO plugin v25.1 - https:\/\/yoast.com\/wordpress\/plugins\/seo\/ -->\n<title>Fan Courier - PartsLinker<\/title>\n<meta name=\"robots\" content=\"index, follow, max-snippet:-1, max-image-preview:large, max-video-preview:-1\" \/>\n<link rel=\"canonical\" href=\"https:\/\/partslinker.com\/de\/integrationen\/fan-courier\/\" \/>\n<meta property=\"og:locale\" content=\"de_DE\" \/>\n<meta property=\"og:type\" content=\"article\" \/>\n<meta property=\"og:title\" content=\"Fan Courier - PartsLinker\" \/>\n<meta property=\"og:description\" content=\"Fan Courier Verbinden Sie Ihr Fan Courier-Konto mit PartsLinker, um den Prozess des Versendens von Bestellungen zu vereinfachen. Sie k\u00f6nnen mehrere Kurierkonten und mehrere Vertriebskan\u00e4le verbinden und diese in einem einzigen intuitiven Bestellmanager verwalten. Durch die Integration von Fan Courier in das PartsLinker-System k\u00f6nnen Sie Pakete schnell versenden \u2013 sowohl einzeln als auch in gro\u00dfen [&hellip;]\" \/>\n<meta property=\"og:url\" content=\"https:\/\/partslinker.com\/de\/integrationen\/fan-courier\/\" \/>\n<meta property=\"og:site_name\" content=\"PartsLinker\" \/>\n<meta property=\"article:modified_time\" content=\"2024-12-23T19:04:20+00:00\" \/>\n<meta name=\"twitter:card\" content=\"summary_large_image\" \/>\n<meta name=\"twitter:label1\" content=\"Gesch\u00e4tzte Lesezeit\" \/>\n\t<meta name=\"twitter:data1\" content=\"1\u00a0Minute\" \/>\n<script type=\"application\/ld+json\" class=\"yoast-schema-graph\">{\"@context\":\"https:\/\/schema.org\",\"@graph\":[{\"@type\":\"WebPage\",\"@id\":\"https:\/\/partslinker.com\/de\/integrationen\/fan-courier\/\",\"url\":\"https:\/\/partslinker.com\/de\/integrationen\/fan-courier\/\",\"name\":\"Fan Courier - PartsLinker\",\"isPartOf\":{\"@id\":\"https:\/\/partslinker.com\/en\/#website\"},\"datePublished\":\"2024-05-19T17:11:06+00:00\",\"dateModified\":\"2024-12-23T19:04:20+00:00\",\"breadcrumb\":{\"@id\":\"https:\/\/partslinker.com\/de\/integrationen\/fan-courier\/#breadcrumb\"},\"inLanguage\":\"de\",\"potentialAction\":[{\"@type\":\"ReadAction\",\"target\":[\"https:\/\/partslinker.com\/de\/integrationen\/fan-courier\/\"]}]},{\"@type\":\"BreadcrumbList\",\"@id\":\"https:\/\/partslinker.com\/de\/integrationen\/fan-courier\/#breadcrumb\",\"itemListElement\":[{\"@type\":\"ListItem\",\"position\":1,\"name\":\"Home\",\"item\":\"https:\/\/partslinker.com\/en\/\"},{\"@type\":\"ListItem\",\"position\":2,\"name\":\"Integrationen\",\"item\":\"https:\/\/partslinker.com\/en\/integrations\/\"},{\"@type\":\"ListItem\",\"position\":3,\"name\":\"Fan Courier\"}]},{\"@type\":\"WebSite\",\"@id\":\"https:\/\/partslinker.com\/en\/#website\",\"url\":\"https:\/\/partslinker.com\/en\/\",\"name\":\"PartsLinker\",\"description\":\"Autoparts Managment Software\",\"publisher\":{\"@id\":\"https:\/\/partslinker.com\/en\/#organization\"},\"potentialAction\":[{\"@type\":\"SearchAction\",\"target\":{\"@type\":\"EntryPoint\",\"urlTemplate\":\"https:\/\/partslinker.com\/en\/?s={search_term_string}\"},\"query-input\":{\"@type\":\"PropertyValueSpecification\",\"valueRequired\":true,\"valueName\":\"search_term_string\"}}],\"inLanguage\":\"de\"},{\"@type\":\"Organization\",\"@id\":\"https:\/\/partslinker.com\/en\/#organization\",\"name\":\"PartsLinker\",\"url\":\"https:\/\/partslinker.com\/en\/\",\"logo\":{\"@type\":\"ImageObject\",\"inLanguage\":\"de\",\"@id\":\"https:\/\/partslinker.com\/en\/#\/schema\/logo\/image\/\",\"url\":\"https:\/\/partslinker.com\/wp-content\/uploads\/2023\/06\/logo-partslinker-soluzione-gestionale-autodemolizioni-white-250px.png\",\"contentUrl\":\"https:\/\/partslinker.com\/wp-content\/uploads\/2023\/06\/logo-partslinker-soluzione-gestionale-autodemolizioni-white-250px.png\",\"width\":250,\"height\":42,\"caption\":\"PartsLinker\"},\"image\":{\"@id\":\"https:\/\/partslinker.com\/en\/#\/schema\/logo\/image\/\"}}]}<\/script>\n<!-- \/ Yoast SEO plugin. -->","yoast_head_json":{"title":"Fan Courier - PartsLinker","robots":{"index":"index","follow":"follow","max-snippet":"max-snippet:-1","max-image-preview":"max-image-preview:large","max-video-preview":"max-video-preview:-1"},"canonical":"https:\/\/partslinker.com\/de\/integrationen\/fan-courier\/","og_locale":"de_DE","og_type":"article","og_title":"Fan Courier - PartsLinker","og_description":"Fan Courier Verbinden Sie Ihr Fan Courier-Konto mit PartsLinker, um den Prozess des Versendens von Bestellungen zu vereinfachen. Sie k\u00f6nnen mehrere Kurierkonten und mehrere Vertriebskan\u00e4le verbinden und diese in einem einzigen intuitiven Bestellmanager verwalten. Durch die Integration von Fan Courier in das PartsLinker-System k\u00f6nnen Sie Pakete schnell versenden \u2013 sowohl einzeln als auch in gro\u00dfen [&hellip;]","og_url":"https:\/\/partslinker.com\/de\/integrationen\/fan-courier\/","og_site_name":"PartsLinker","article_modified_time":"2024-12-23T19:04:20+00:00","twitter_card":"summary_large_image","twitter_misc":{"Gesch\u00e4tzte Lesezeit":"1\u00a0Minute"},"schema":{"@context":"https:\/\/schema.org","@graph":[{"@type":"WebPage","@id":"https:\/\/partslinker.com\/de\/integrationen\/fan-courier\/","url":"https:\/\/partslinker.com\/de\/integrationen\/fan-courier\/","name":"Fan Courier - PartsLinker","isPartOf":{"@id":"https:\/\/partslinker.com\/en\/#website"},"datePublished":"2024-05-19T17:11:06+00:00","dateModified":"2024-12-23T19:04:20+00:00","breadcrumb":{"@id":"https:\/\/partslinker.com\/de\/integrationen\/fan-courier\/#breadcrumb"},"inLanguage":"de","potentialAction":[{"@type":"ReadAction","target":["https:\/\/partslinker.com\/de\/integrationen\/fan-courier\/"]}]},{"@type":"BreadcrumbList","@id":"https:\/\/partslinker.com\/de\/integrationen\/fan-courier\/#breadcrumb","itemListElement":[{"@type":"ListItem","position":1,"name":"Home","item":"https:\/\/partslinker.com\/en\/"},{"@type":"ListItem","position":2,"name":"Integrationen","item":"https:\/\/partslinker.com\/en\/integrations\/"},{"@type":"ListItem","position":3,"name":"Fan Courier"}]},{"@type":"WebSite","@id":"https:\/\/partslinker.com\/en\/#website","url":"https:\/\/partslinker.com\/en\/","name":"PartsLinker","description":"Autoparts Managment Software","publisher":{"@id":"https:\/\/partslinker.com\/en\/#organization"},"potentialAction":[{"@type":"SearchAction","target":{"@type":"EntryPoint","urlTemplate":"https:\/\/partslinker.com\/en\/?s={search_term_string}"},"query-input":{"@type":"PropertyValueSpecification","valueRequired":true,"valueName":"search_term_string"}}],"inLanguage":"de"},{"@type":"Organization","@id":"https:\/\/partslinker.com\/en\/#organization","name":"PartsLinker","url":"https:\/\/partslinker.com\/en\/","logo":{"@type":"ImageObject","inLanguage":"de","@id":"https:\/\/partslinker.com\/en\/#\/schema\/logo\/image\/","url":"https:\/\/partslinker.com\/wp-content\/uploads\/2023\/06\/logo-partslinker-soluzione-gestionale-autodemolizioni-white-250px.png","contentUrl":"https:\/\/partslinker.com\/wp-content\/uploads\/2023\/06\/logo-partslinker-soluzione-gestionale-autodemolizioni-white-250px.png","width":250,"height":42,"caption":"PartsLinker"},"image":{"@id":"https:\/\/partslinker.com\/en\/#\/schema\/logo\/image\/"}}]}},"_links":{"self":[{"href":"https:\/\/partslinker.com\/de\/wp-json\/wp\/v2\/pages\/134271","targetHints":{"allow":["GET"]}}],"collection":[{"href":"https:\/\/partslinker.com\/de\/wp-json\/wp\/v2\/pages"}],"about":[{"href":"https:\/\/partslinker.com\/de\/wp-json\/wp\/v2\/types\/page"}],"author":[{"embeddable":true,"href":"https:\/\/partslinker.com\/de\/wp-json\/wp\/v2\/users\/1"}],"replies":[{"embeddable":true,"href":"https:\/\/partslinker.com\/de\/wp-json\/wp\/v2\/comments?post=134271"}],"version-history":[{"count":1,"href":"https:\/\/partslinker.com\/de\/wp-json\/wp\/v2\/pages\/134271\/revisions"}],"predecessor-version":[{"id":134272,"href":"https:\/\/partslinker.com\/de\/wp-json\/wp\/v2\/pages\/134271\/revisions\/134272"}],"up":[{"embeddable":true,"href":"https:\/\/partslinker.com\/de\/wp-json\/wp\/v2\/pages\/133768"}],"wp:attachment":[{"href":"https:\/\/partslinker.com\/de\/wp-json\/wp\/v2\/media?parent=134271"}],"curies":[{"name":"wp","href":"https:\/\/api.w.org\/{rel}","templated":true}]}}