{"id":105647,"date":"2024-09-25T15:27:45","date_gmt":"2024-09-25T13:27:45","guid":{"rendered":"https:\/\/partslinker.com\/ro\/product\/curea-distributie-1-2-1-4-1-9-diesel-seat-cordoba-iii-6l2-2002-2009-honda-stream-rn-2001-ford-fiesta-iv-ja_-jb_-1995-2002-fiat-scudo-box-220_-1996-2006-citroe\/"},"modified":"2024-09-25T15:27:45","modified_gmt":"2024-09-25T13:27:45","slug":"curea-distributie-1-2-1-4-1-9-diesel-seat-cordoba-iii-6l2-2002-2009-honda-stream-rn-2001-ford-fiesta-iv-ja_-jb_-1995-2002-fiat-scudo-box-220_-1996-2006-citroe","status":"publish","type":"product","link":"https:\/\/partslinker.com\/en\/product\/curea-distributie-1-2-1-4-1-9-diesel-seat-cordoba-iii-6l2-2002-2009-honda-stream-rn-2001-ford-fiesta-iv-ja_-jb_-1995-2002-fiat-scudo-box-220_-1996-2006-citroe\/","title":{"rendered":"Curea distributie 1.2\/1.4\/1.9 Diesel SEAT CORDOBA III (6L2) [ 2002 &#8211; 2009 ], HONDA STREAM (RN) [ 2001 &#8211; &gt; ], FORD FIESTA IV (JA_, JB_) [ 1995 &#8211; 2002 ], FIAT SCUDO Box (220_) [ 1996 &#8211; 2006 ], CITRO\u00cbN JUMPY (U6U) [ 1994 &#8211; 2006 ], AUDI A2 (8Z0) [ 2000 &#8211; 2005 ] OEM 045903137"},"content":{"rendered":"<p>&#8211; Not\u0103:<\/p>\n<p>AUDI<\/p>\n<p>AUDI A2 (8Z0) ( 02.2000 &#8211; 08.2005)<\/p>\n<p>CITROEN<\/p>\n<p>CITRO\u00cbN Jumpy I MPV ( 06.1994 &#8211; 12.2006)<\/p>\n<p>CITRO\u00cbN Berlingo \/ Berlingo First I Van (M) ( 07.1996 &#8211; 12.2011)<\/p>\n<p>CITRO\u00cbN Berlingo \/ Berlingo First I (MF, GJK, GFK) ( 07.1996 &#8211; 12.2011)<\/p>\n<p>CITRO\u00cbN Xsara Hatchback (N1) ( 04.1997 &#8211; 12.2005)<\/p>\n<p>CITRO\u00cbN Xsara Break (N2) ( 10.1997 &#8211; 03.2010)<\/p>\n<p>CITRO\u00cbN Xsara Coupe (N0) ( 01.1998 &#8211; 04.2005)<\/p>\n<p>CITRO\u00cbN Jumpy I Van ( 06.1994 &#8211; 10.2006)<\/p>\n<p>DAIHATSU<\/p>\n<p>DAIHATSU Sirion II (M300) ( 01.2005 &#8211; &#8230;)<\/p>\n<p>FIAT<\/p>\n<p>FIAT Scudo I Van (220) ( 02.1996 &#8211; 12.2006)<\/p>\n<p>FORD<\/p>\n<p>FORD Fiesta Mk4 Hatchback (JAS, JBS) ( 08.1995 &#8211; 09.2002)<\/p>\n<p>FORD Fiesta Mk4 (J3S, J5S) ( 02.1996 &#8211; &#8230;)<\/p>\n<p>FORD KA Hatchback (RB) ( 09.1996 &#8211; 11.2008)<\/p>\n<p>HONDA<\/p>\n<p>HONDA Civic VII Hatchback (EU, EP, EV) ( 03.1999 &#8211; 02.2006)<\/p>\n<p>HONDA Stream I (RN) ( 05.2001 &#8211; &#8230;)<\/p>\n<p>HONDA Civic VII Sedan (ES, ET) ( 10.2000 &#8211; 04.2006)<\/p>\n<p>MAZDA<\/p>\n<p>MAZDA 121 III Hatchback (JASM, JBSM) ( 03.1996 &#8211; 04.2003)<\/p>\n<p>OPEL<\/p>\n<p>OPEL Movano A Van (X70) ( 01.1999 &#8211; &#8230;)<\/p>\n<p>OPEL Movano A Camion cu platform\u0103 \/ Sasiu (X70) ( 07.1998 &#8211; &#8230;)<\/p>\n<p>OPEL Movano A Bus (X70) ( 07.1998 &#8211; &#8230;)<\/p>\n<p>OPEL Movano A Autobasculanta (X70) ( 01.1999 &#8211; &#8230;)<\/p>\n<p>PEUGEOT<\/p>\n<p>PEUGEOT 306 Hatchback ( 01.1993 &#8211; 10.2003)<\/p>\n<p>PEUGEOT 306 Sedan ( 04.1993 &#8211; 10.2003)<\/p>\n<p>PEUGEOT Partner I Van ( 04.1996 &#8211; 12.2015)<\/p>\n<p>PEUGEOT Partner I Combispace ( 05.1996 &#8211; 12.2015)<\/p>\n<p>PEUGEOT Expert I Van ( 07.1995 &#8211; 12.2006)<\/p>\n<p>PEUGEOT Expert I Camion cu platform\u0103\/Sasiu ( 12.1995 &#8211; 12.2006)<\/p>\n<p>PEUGEOT 206 Hatchback (2A\/C) ( 08.1998 &#8211; 12.2012)<\/p>\n<p>PEUGEOT 306 Break ( 06.1994 &#8211; 04.2002)<\/p>\n<p>PORSCHE<\/p>\n<p>PORSCHE 928 Coupe ( 09.1977 &#8211; 11.1995)<\/p>\n<p>RENAULT<\/p>\n<p>RENAULT Master II Van ( 07.1998 &#8211; &#8230;)<\/p>\n<p>RENAULT Master II Camion cu platform\u0103\/Sasiu ( 07.1998 &#8211; &#8230;)<\/p>\n<p>RENAULT Master II Bus ( 03.1998 &#8211; &#8230;)<\/p>\n<p>SEAT<\/p>\n<p>SEAT Ibiza III Hatchback (6L) ( 02.2002 &#8211; 11.2009)<\/p>\n<p>SEAT C\u00f3rdoba II Sedan (6L2) ( 09.2002 &#8211; 11.2009)<\/p>\n<p>SKODA<\/p>\n<p>SKODA Fabia I Hatchback (6Y2) ( 08.1999 &#8211; 03.2008)<\/p>\n<p>SKODA Fabia I Combi (6Y5) ( 04.2000 &#8211; 12.2007)<\/p>\n<p>SKODA Fabia I Sedan (6Y3) ( 10.1999 &#8211; 12.2007)<\/p>\n<p>SKODA Fabia I Praktik (6Y5) ( 07.2001 &#8211; 12.2007)<\/p>\n<p>VAUXHALL<\/p>\n<p>VAUXHALL Movano Mk1 (A) Van (X70) ( 10.1998 &#8211; 12.2010)<\/p>\n<p>VAUXHALL Movano Mk1 (A) Combi (X70) ( 10.1998 &#8211; 05.2010)<\/p>\n<p>VAUXHALL Movano Mk1 (A) Camion cu platform\u0103 \/ Sasiu (X70) ( 10.1998 &#8211; 12.2010)<\/p>\n<p>VW<\/p>\n<p>VW Lupo \/ Lupo 3L (6X1, 6E1) ( 09.1998 &#8211; 07.2005)<\/p>\n<p>VW Polo III Hatchback (6N2) ( 10.1999 &#8211; 10.2001)<\/p>\n<p>VW Polo IV Hatchback (9N) ( 10.2001 &#8211; 01.2012)<\/p>\n<p>VW Polo IV Sedan (9A4, 9A2, 9N2, 9A6) ( 09.2002 &#8211; &#8230;)<\/p>\n<p>VW Fox Hatchback (5Z1, 5Z3, 5Z4) ( 10.2003 &#8211; 10.2015)<\/p>\n<p>OE 045903137E \u2014 VW \/ AUDI \/ SKODA \/ SEAT<\/p>\n<p>OE 9160334 \u2014 OPEL \/ VAUXHALL<\/p>\n<p>OE 4500034 \u2014 OPEL \/ VAUXHALL<\/p>\n<p>OE 31110PLAE01 \u2014 HONDA<\/p>\n<p>OE 31110PLAE02 \u2014 HONDA<\/p>\n<p>OE 1004582 \u2014 FORD<\/p>\n<p>OE 7701064330 \u2014 RENAULT<\/p>\n<p>OE 7700300348 \u2014 RENAULT<\/p>\n<p>OE 99919226650 \u2014 PORSCHE<\/p>\n<p>OE 99919226950 \u2014 PORSCHE<\/p>\n<p>OE 5750XZ \u2014 PEUGEOT<\/p>\n<p>OE 5750S1 \u2014 PEUGEOT<\/p>\n<p>OE 5750X0 \u2014 PEUGEOT<\/p>\n<p>OE 5750X4 \u2014 CITRO\u00cbN<\/p>\n<p>OE 5750S2 \u2014 CITRO\u00cbN<\/p>\n<p>OE 96294858 \u2014 CITRO\u00cbN<\/p>\n<p>OE 9004831046 \u2014 DAIHATSU<\/p>\n<p>OE 9633010080 \u2014 FIAT<\/p>\n<p>OE 96294857 \u2014 FIAT<\/p>\n<p>OE 96FB6C301AC \u2014 FORD \/ MAZDA<\/p>\n<p>OE 1E0318381A \u2014 MAZDA<\/p>\n<p>OE 1E0318381 \u2014 MAZDA<\/p>\n<p><b><\/p>\n<p>&#8211; Cod Intern AZ18358<\/p>\n<p>&#8211; Cod OEM: 045903137<\/p>\n<p>&#8211; Aplica\u021bie auto:<\/p>\n<ul>\n<li>SEAT CORDOBA III (6L2) [ 2002 &#8211; 2009 ]<\/li>\n<li>HONDA STREAM (RN) [ 2001 &#8211; &gt; ]<\/li>\n<li>FORD FIESTA IV (JA_, JB_) [ 1995 &#8211; 2002 ]<\/li>\n<li>FIAT SCUDO Box (220_) [ 1996 &#8211; 2006 ]<\/li>\n<li>CITRO\u00cbN JUMPY (U6U) [ 1994 &#8211; 2006 ]<\/li>\n<li>AUDI A2 (8Z0) [ 2000 &#8211; 2005 ]<\/li>\n<\/ul>\n<p>&#8211; Calitate: Nou<\/p>\n","protected":false},"excerpt":{"rendered":"<p>&#8211; Not\u0103: AUDI AUDI A2 (8Z0) ( 02.2000 &#8211; 08.2005) CITROEN CITRO\u00cbN Jumpy I MPV ( 06.1994 &#8211; 12.2006) CITRO\u00cbN Berlingo \/ Berlingo First I Van (M) ( 07.1996&#8230;<\/p>\n","protected":false},"author":1,"featured_media":105632,"comment_status":"open","ping_status":"closed","template":"","meta":[],"product_brand":[],"product_cat":[16],"product_tag":[],"class_list":{"0":"post-105647","1":"product","2":"type-product","3":"status-publish","4":"has-post-thumbnail","6":"product_cat-uncategorized","8":"first","9":"instock","10":"shipping-taxable","11":"purchasable","12":"product-type-simple"},"yoast_head":"<!-- This site is optimized with the Yoast SEO plugin v25.1 - https:\/\/yoast.com\/wordpress\/plugins\/seo\/ -->\n<title>Curea distributie 1.2\/1.4\/1.9 Diesel SEAT CORDOBA III (6L2) [ 2002 - 2009 ], HONDA STREAM (RN) [ 2001 - &gt; ], FORD FIESTA IV (JA_, JB_) [ 1995 - 2002 ], FIAT SCUDO Box (220_) [ 1996 - 2006 ], CITRO\u00cbN JUMPY (U6U) [ 1994 - 2006 ], AUDI A2 (8Z0) [ 2000 - 2005 ] OEM 045903137 - PartsLinker<\/title>\n<meta name=\"robots\" content=\"index, follow, max-snippet:-1, max-image-preview:large, max-video-preview:-1\" \/>\n<link rel=\"canonical\" href=\"https:\/\/partslinker.com\/it\/product\/curea-distributie-1-2-1-4-1-9-diesel-seat-cordoba-iii-6l2-2002-2009-honda-stream-rn-2001-ford-fiesta-iv-ja_-jb_-1995-2002-fiat-scudo-box-220_-1996-2006-citroe\/\" \/>\n<meta property=\"og:locale\" content=\"en_US\" \/>\n<meta property=\"og:type\" content=\"article\" \/>\n<meta property=\"og:title\" content=\"Curea distributie 1.2\/1.4\/1.9 Diesel SEAT CORDOBA III (6L2) [ 2002 - 2009 ], HONDA STREAM (RN) [ 2001 - &gt; ], FORD FIESTA IV (JA_, JB_) [ 1995 - 2002 ], FIAT SCUDO Box (220_) [ 1996 - 2006 ], CITRO\u00cbN JUMPY (U6U) [ 1994 - 2006 ], AUDI A2 (8Z0) [ 2000 - 2005 ] OEM 045903137 - PartsLinker\" \/>\n<meta property=\"og:description\" content=\"- Not\u0103: AUDI AUDI A2 (8Z0) ( 02.2000 - 08.2005) CITROEN CITRO\u00cbN Jumpy I MPV ( 06.1994 - 12.2006) CITRO\u00cbN Berlingo \/ Berlingo First I Van (M) ( 07.1996...\" \/>\n<meta property=\"og:url\" content=\"https:\/\/partslinker.com\/it\/product\/curea-distributie-1-2-1-4-1-9-diesel-seat-cordoba-iii-6l2-2002-2009-honda-stream-rn-2001-ford-fiesta-iv-ja_-jb_-1995-2002-fiat-scudo-box-220_-1996-2006-citroe\/\" \/>\n<meta property=\"og:site_name\" content=\"PartsLinker\" \/>\n<meta property=\"og:image\" content=\"https:\/\/partslinker.com\/wp-content\/uploads\/2024\/09\/16923382722214.jpg\" \/>\n\t<meta property=\"og:image:width\" content=\"900\" \/>\n\t<meta property=\"og:image:height\" content=\"1200\" \/>\n\t<meta property=\"og:image:type\" content=\"image\/jpeg\" \/>\n<meta name=\"twitter:card\" content=\"summary_large_image\" \/>\n<meta name=\"twitter:label1\" content=\"Est. reading time\" \/>\n\t<meta name=\"twitter:data1\" content=\"2 minutes\" \/>\n<script type=\"application\/ld+json\" class=\"yoast-schema-graph\">{\"@context\":\"https:\/\/schema.org\",\"@graph\":[{\"@type\":\"WebPage\",\"@id\":\"https:\/\/partslinker.com\/it\/product\/curea-distributie-1-2-1-4-1-9-diesel-seat-cordoba-iii-6l2-2002-2009-honda-stream-rn-2001-ford-fiesta-iv-ja_-jb_-1995-2002-fiat-scudo-box-220_-1996-2006-citroe\/\",\"url\":\"https:\/\/partslinker.com\/it\/product\/curea-distributie-1-2-1-4-1-9-diesel-seat-cordoba-iii-6l2-2002-2009-honda-stream-rn-2001-ford-fiesta-iv-ja_-jb_-1995-2002-fiat-scudo-box-220_-1996-2006-citroe\/\",\"name\":\"Curea distributie 1.2\/1.4\/1.9 Diesel SEAT CORDOBA III (6L2) [ 2002 - 2009 ], HONDA STREAM (RN) [ 2001 - &gt; ], FORD FIESTA IV (JA_, JB_) [ 1995 - 2002 ], FIAT SCUDO Box (220_) [ 1996 - 2006 ], CITRO\u00cbN JUMPY (U6U) [ 1994 - 2006 ], AUDI A2 (8Z0) [ 2000 - 2005 ] OEM 045903137 - PartsLinker\",\"isPartOf\":{\"@id\":\"https:\/\/partslinker.com\/en\/#website\"},\"primaryImageOfPage\":{\"@id\":\"https:\/\/partslinker.com\/it\/product\/curea-distributie-1-2-1-4-1-9-diesel-seat-cordoba-iii-6l2-2002-2009-honda-stream-rn-2001-ford-fiesta-iv-ja_-jb_-1995-2002-fiat-scudo-box-220_-1996-2006-citroe\/#primaryimage\"},\"image\":{\"@id\":\"https:\/\/partslinker.com\/it\/product\/curea-distributie-1-2-1-4-1-9-diesel-seat-cordoba-iii-6l2-2002-2009-honda-stream-rn-2001-ford-fiesta-iv-ja_-jb_-1995-2002-fiat-scudo-box-220_-1996-2006-citroe\/#primaryimage\"},\"thumbnailUrl\":\"https:\/\/partslinker.com\/wp-content\/uploads\/2024\/09\/16923382722214.jpg\",\"datePublished\":\"2024-09-25T13:27:45+00:00\",\"breadcrumb\":{\"@id\":\"https:\/\/partslinker.com\/it\/product\/curea-distributie-1-2-1-4-1-9-diesel-seat-cordoba-iii-6l2-2002-2009-honda-stream-rn-2001-ford-fiesta-iv-ja_-jb_-1995-2002-fiat-scudo-box-220_-1996-2006-citroe\/#breadcrumb\"},\"inLanguage\":\"en-US\",\"potentialAction\":[{\"@type\":\"ReadAction\",\"target\":[\"https:\/\/partslinker.com\/it\/product\/curea-distributie-1-2-1-4-1-9-diesel-seat-cordoba-iii-6l2-2002-2009-honda-stream-rn-2001-ford-fiesta-iv-ja_-jb_-1995-2002-fiat-scudo-box-220_-1996-2006-citroe\/\"]}]},{\"@type\":\"ImageObject\",\"inLanguage\":\"en-US\",\"@id\":\"https:\/\/partslinker.com\/it\/product\/curea-distributie-1-2-1-4-1-9-diesel-seat-cordoba-iii-6l2-2002-2009-honda-stream-rn-2001-ford-fiesta-iv-ja_-jb_-1995-2002-fiat-scudo-box-220_-1996-2006-citroe\/#primaryimage\",\"url\":\"https:\/\/partslinker.com\/wp-content\/uploads\/2024\/09\/16923382722214.jpg\",\"contentUrl\":\"https:\/\/partslinker.com\/wp-content\/uploads\/2024\/09\/16923382722214.jpg\",\"width\":900,\"height\":1200},{\"@type\":\"BreadcrumbList\",\"@id\":\"https:\/\/partslinker.com\/it\/product\/curea-distributie-1-2-1-4-1-9-diesel-seat-cordoba-iii-6l2-2002-2009-honda-stream-rn-2001-ford-fiesta-iv-ja_-jb_-1995-2002-fiat-scudo-box-220_-1996-2006-citroe\/#breadcrumb\",\"itemListElement\":[{\"@type\":\"ListItem\",\"position\":1,\"name\":\"Home\",\"item\":\"https:\/\/partslinker.com\/en\/\"},{\"@type\":\"ListItem\",\"position\":2,\"name\":\"shop\",\"item\":\"https:\/\/partslinker.com\/it\/shop\/\"},{\"@type\":\"ListItem\",\"position\":3,\"name\":\"Curea distributie 1.2\/1.4\/1.9 Diesel SEAT CORDOBA III (6L2) [ 2002 &#8211; 2009 ], HONDA STREAM (RN) [ 2001 &#8211; &gt; ], FORD FIESTA IV (JA_, JB_) [ 1995 &#8211; 2002 ], FIAT SCUDO Box (220_) [ 1996 &#8211; 2006 ], CITRO\u00cbN JUMPY (U6U) [ 1994 &#8211; 2006 ], AUDI A2 (8Z0) [ 2000 &#8211; 2005 ] OEM 045903137\"}]},{\"@type\":\"WebSite\",\"@id\":\"https:\/\/partslinker.com\/en\/#website\",\"url\":\"https:\/\/partslinker.com\/en\/\",\"name\":\"PartsLinker\",\"description\":\"Auto parts Management and Selling Solution\",\"publisher\":{\"@id\":\"https:\/\/partslinker.com\/en\/#organization\"},\"potentialAction\":[{\"@type\":\"SearchAction\",\"target\":{\"@type\":\"EntryPoint\",\"urlTemplate\":\"https:\/\/partslinker.com\/en\/?s={search_term_string}\"},\"query-input\":{\"@type\":\"PropertyValueSpecification\",\"valueRequired\":true,\"valueName\":\"search_term_string\"}}],\"inLanguage\":\"en-US\"},{\"@type\":\"Organization\",\"@id\":\"https:\/\/partslinker.com\/en\/#organization\",\"name\":\"PartsLinker\",\"url\":\"https:\/\/partslinker.com\/en\/\",\"logo\":{\"@type\":\"ImageObject\",\"inLanguage\":\"en-US\",\"@id\":\"https:\/\/partslinker.com\/en\/#\/schema\/logo\/image\/\",\"url\":\"https:\/\/partslinker.com\/wp-content\/uploads\/2023\/06\/logo-partslinker-soluzione-gestionale-autodemolizioni-white-250px.png\",\"contentUrl\":\"https:\/\/partslinker.com\/wp-content\/uploads\/2023\/06\/logo-partslinker-soluzione-gestionale-autodemolizioni-white-250px.png\",\"width\":250,\"height\":42,\"caption\":\"PartsLinker\"},\"image\":{\"@id\":\"https:\/\/partslinker.com\/en\/#\/schema\/logo\/image\/\"}}]}<\/script>\n<!-- \/ Yoast SEO plugin. -->","yoast_head_json":{"title":"Curea distributie 1.2\/1.4\/1.9 Diesel SEAT CORDOBA III (6L2) [ 2002 - 2009 ], HONDA STREAM (RN) [ 2001 - &gt; ], FORD FIESTA IV (JA_, JB_) [ 1995 - 2002 ], FIAT SCUDO Box (220_) [ 1996 - 2006 ], CITRO\u00cbN JUMPY (U6U) [ 1994 - 2006 ], AUDI A2 (8Z0) [ 2000 - 2005 ] OEM 045903137 - PartsLinker","robots":{"index":"index","follow":"follow","max-snippet":"max-snippet:-1","max-image-preview":"max-image-preview:large","max-video-preview":"max-video-preview:-1"},"canonical":"https:\/\/partslinker.com\/it\/product\/curea-distributie-1-2-1-4-1-9-diesel-seat-cordoba-iii-6l2-2002-2009-honda-stream-rn-2001-ford-fiesta-iv-ja_-jb_-1995-2002-fiat-scudo-box-220_-1996-2006-citroe\/","og_locale":"en_US","og_type":"article","og_title":"Curea distributie 1.2\/1.4\/1.9 Diesel SEAT CORDOBA III (6L2) [ 2002 - 2009 ], HONDA STREAM (RN) [ 2001 - &gt; ], FORD FIESTA IV (JA_, JB_) [ 1995 - 2002 ], FIAT SCUDO Box (220_) [ 1996 - 2006 ], CITRO\u00cbN JUMPY (U6U) [ 1994 - 2006 ], AUDI A2 (8Z0) [ 2000 - 2005 ] OEM 045903137 - PartsLinker","og_description":"- Not\u0103: AUDI AUDI A2 (8Z0) ( 02.2000 - 08.2005) CITROEN CITRO\u00cbN Jumpy I MPV ( 06.1994 - 12.2006) CITRO\u00cbN Berlingo \/ Berlingo First I Van (M) ( 07.1996...","og_url":"https:\/\/partslinker.com\/it\/product\/curea-distributie-1-2-1-4-1-9-diesel-seat-cordoba-iii-6l2-2002-2009-honda-stream-rn-2001-ford-fiesta-iv-ja_-jb_-1995-2002-fiat-scudo-box-220_-1996-2006-citroe\/","og_site_name":"PartsLinker","og_image":[{"width":900,"height":1200,"url":"https:\/\/partslinker.com\/wp-content\/uploads\/2024\/09\/16923382722214.jpg","type":"image\/jpeg"}],"twitter_card":"summary_large_image","twitter_misc":{"Est. reading time":"2 minutes"},"schema":{"@context":"https:\/\/schema.org","@graph":[{"@type":"WebPage","@id":"https:\/\/partslinker.com\/it\/product\/curea-distributie-1-2-1-4-1-9-diesel-seat-cordoba-iii-6l2-2002-2009-honda-stream-rn-2001-ford-fiesta-iv-ja_-jb_-1995-2002-fiat-scudo-box-220_-1996-2006-citroe\/","url":"https:\/\/partslinker.com\/it\/product\/curea-distributie-1-2-1-4-1-9-diesel-seat-cordoba-iii-6l2-2002-2009-honda-stream-rn-2001-ford-fiesta-iv-ja_-jb_-1995-2002-fiat-scudo-box-220_-1996-2006-citroe\/","name":"Curea distributie 1.2\/1.4\/1.9 Diesel SEAT CORDOBA III (6L2) [ 2002 - 2009 ], HONDA STREAM (RN) [ 2001 - &gt; ], FORD FIESTA IV (JA_, JB_) [ 1995 - 2002 ], FIAT SCUDO Box (220_) [ 1996 - 2006 ], CITRO\u00cbN JUMPY (U6U) [ 1994 - 2006 ], AUDI A2 (8Z0) [ 2000 - 2005 ] OEM 045903137 - PartsLinker","isPartOf":{"@id":"https:\/\/partslinker.com\/en\/#website"},"primaryImageOfPage":{"@id":"https:\/\/partslinker.com\/it\/product\/curea-distributie-1-2-1-4-1-9-diesel-seat-cordoba-iii-6l2-2002-2009-honda-stream-rn-2001-ford-fiesta-iv-ja_-jb_-1995-2002-fiat-scudo-box-220_-1996-2006-citroe\/#primaryimage"},"image":{"@id":"https:\/\/partslinker.com\/it\/product\/curea-distributie-1-2-1-4-1-9-diesel-seat-cordoba-iii-6l2-2002-2009-honda-stream-rn-2001-ford-fiesta-iv-ja_-jb_-1995-2002-fiat-scudo-box-220_-1996-2006-citroe\/#primaryimage"},"thumbnailUrl":"https:\/\/partslinker.com\/wp-content\/uploads\/2024\/09\/16923382722214.jpg","datePublished":"2024-09-25T13:27:45+00:00","breadcrumb":{"@id":"https:\/\/partslinker.com\/it\/product\/curea-distributie-1-2-1-4-1-9-diesel-seat-cordoba-iii-6l2-2002-2009-honda-stream-rn-2001-ford-fiesta-iv-ja_-jb_-1995-2002-fiat-scudo-box-220_-1996-2006-citroe\/#breadcrumb"},"inLanguage":"en-US","potentialAction":[{"@type":"ReadAction","target":["https:\/\/partslinker.com\/it\/product\/curea-distributie-1-2-1-4-1-9-diesel-seat-cordoba-iii-6l2-2002-2009-honda-stream-rn-2001-ford-fiesta-iv-ja_-jb_-1995-2002-fiat-scudo-box-220_-1996-2006-citroe\/"]}]},{"@type":"ImageObject","inLanguage":"en-US","@id":"https:\/\/partslinker.com\/it\/product\/curea-distributie-1-2-1-4-1-9-diesel-seat-cordoba-iii-6l2-2002-2009-honda-stream-rn-2001-ford-fiesta-iv-ja_-jb_-1995-2002-fiat-scudo-box-220_-1996-2006-citroe\/#primaryimage","url":"https:\/\/partslinker.com\/wp-content\/uploads\/2024\/09\/16923382722214.jpg","contentUrl":"https:\/\/partslinker.com\/wp-content\/uploads\/2024\/09\/16923382722214.jpg","width":900,"height":1200},{"@type":"BreadcrumbList","@id":"https:\/\/partslinker.com\/it\/product\/curea-distributie-1-2-1-4-1-9-diesel-seat-cordoba-iii-6l2-2002-2009-honda-stream-rn-2001-ford-fiesta-iv-ja_-jb_-1995-2002-fiat-scudo-box-220_-1996-2006-citroe\/#breadcrumb","itemListElement":[{"@type":"ListItem","position":1,"name":"Home","item":"https:\/\/partslinker.com\/en\/"},{"@type":"ListItem","position":2,"name":"shop","item":"https:\/\/partslinker.com\/it\/shop\/"},{"@type":"ListItem","position":3,"name":"Curea distributie 1.2\/1.4\/1.9 Diesel SEAT CORDOBA III (6L2) [ 2002 &#8211; 2009 ], HONDA STREAM (RN) [ 2001 &#8211; &gt; ], FORD FIESTA IV (JA_, JB_) [ 1995 &#8211; 2002 ], FIAT SCUDO Box (220_) [ 1996 &#8211; 2006 ], CITRO\u00cbN JUMPY (U6U) [ 1994 &#8211; 2006 ], AUDI A2 (8Z0) [ 2000 &#8211; 2005 ] OEM 045903137"}]},{"@type":"WebSite","@id":"https:\/\/partslinker.com\/en\/#website","url":"https:\/\/partslinker.com\/en\/","name":"PartsLinker","description":"Auto parts Management and Selling Solution","publisher":{"@id":"https:\/\/partslinker.com\/en\/#organization"},"potentialAction":[{"@type":"SearchAction","target":{"@type":"EntryPoint","urlTemplate":"https:\/\/partslinker.com\/en\/?s={search_term_string}"},"query-input":{"@type":"PropertyValueSpecification","valueRequired":true,"valueName":"search_term_string"}}],"inLanguage":"en-US"},{"@type":"Organization","@id":"https:\/\/partslinker.com\/en\/#organization","name":"PartsLinker","url":"https:\/\/partslinker.com\/en\/","logo":{"@type":"ImageObject","inLanguage":"en-US","@id":"https:\/\/partslinker.com\/en\/#\/schema\/logo\/image\/","url":"https:\/\/partslinker.com\/wp-content\/uploads\/2023\/06\/logo-partslinker-soluzione-gestionale-autodemolizioni-white-250px.png","contentUrl":"https:\/\/partslinker.com\/wp-content\/uploads\/2023\/06\/logo-partslinker-soluzione-gestionale-autodemolizioni-white-250px.png","width":250,"height":42,"caption":"PartsLinker"},"image":{"@id":"https:\/\/partslinker.com\/en\/#\/schema\/logo\/image\/"}}]}},"_links":{"self":[{"href":"https:\/\/partslinker.com\/en\/wp-json\/wp\/v2\/product\/105647","targetHints":{"allow":["GET"]}}],"collection":[{"href":"https:\/\/partslinker.com\/en\/wp-json\/wp\/v2\/product"}],"about":[{"href":"https:\/\/partslinker.com\/en\/wp-json\/wp\/v2\/types\/product"}],"author":[{"embeddable":true,"href":"https:\/\/partslinker.com\/en\/wp-json\/wp\/v2\/users\/1"}],"replies":[{"embeddable":true,"href":"https:\/\/partslinker.com\/en\/wp-json\/wp\/v2\/comments?post=105647"}],"wp:featuredmedia":[{"embeddable":true,"href":"https:\/\/partslinker.com\/en\/wp-json\/wp\/v2\/media\/105632"}],"wp:attachment":[{"href":"https:\/\/partslinker.com\/en\/wp-json\/wp\/v2\/media?parent=105647"}],"wp:term":[{"taxonomy":"product_brand","embeddable":true,"href":"https:\/\/partslinker.com\/en\/wp-json\/wp\/v2\/product_brand?post=105647"},{"taxonomy":"product_cat","embeddable":true,"href":"https:\/\/partslinker.com\/en\/wp-json\/wp\/v2\/product_cat?post=105647"},{"taxonomy":"product_tag","embeddable":true,"href":"https:\/\/partslinker.com\/en\/wp-json\/wp\/v2\/product_tag?post=105647"}],"curies":[{"name":"wp","href":"https:\/\/api.w.org\/{rel}","templated":true}]}}