{"id":109481,"date":"2024-09-26T15:43:42","date_gmt":"2024-09-26T13:43:42","guid":{"rendered":"https:\/\/partslinker.com\/ro\/product\/pompa-spalator-parbriz-bmw-x5-e70-07-10-3-0-d-valeo-3b0955681a\/"},"modified":"2024-09-26T15:43:42","modified_gmt":"2024-09-26T13:43:42","slug":"pompa-spalator-parbriz-bmw-x5-e70-07-10-3-0-d-valeo-3b0955681a","status":"publish","type":"product","link":"https:\/\/partslinker.com\/en\/product\/pompa-spalator-parbriz-bmw-x5-e70-07-10-3-0-d-valeo-3b0955681a\/","title":{"rendered":"Pompa spalator parbriz BMW   X5 (E70) 07-10 3.0 D VALEO 3b0955681a"},"content":{"rendered":"<ul>\n<li>Articol : Pompa spalator\n<\/li>\n<li>Marca model : BMW X5 (E70) 07-10\n<\/li>\n<li>Cilindrata : 3.0 D\n<\/li>\n<li>Producator : VALEO\n<\/li>\n<li>Cod : 3b0955681a\n<\/li>\n<li>Cod Intern : AZ-03376\n<\/li>\n<li>Detalii tehnice : AUDI, SEAT, SKODA, VW (3B0 955 681 A)AUDI, AUDI (FAW), VW (3B7 955 681)BMW (67 12 6 973 097)BMW (67 12 8 362 157)BMW (67 12 8 377 430)BMW (67 12 8 377 613)AUDIAUDI 100 C3 Avant (44, 44Q) (1781 2461 , 70 165 CP)AUDI 100 C3 Sedan (44, 44Q) (1781 2461 , 70 165 CP)AUDI 100 C4 Sedan (4A2) (1984 4172 , 82 280 CP)AUDI 200 C3 Avant (44, 44Q) (2144 2309 , 136 220 CP)AUDI 200 C3 Sedan (44, 44Q) (2144 2309 , 136 220 CP)AUDI 80 B2 (81, 85) (1272 2226 , 55 136 CP)AUDI 80 B3 (89, 89Q, 8A) (1400 2309 , 54 137 CP)AUDI 80 B4 Avant (8C5) (1595 2771 , 75 315 CP)AUDI 80 B4 Sedan (8C2) (1595 2771 , 71 230 CP)AUDI 90 B2 (81, 85) (1588 2226 , 70 136 CP)AUDI 90 B3 (89, 89Q, 8A) (1588 2309 , 80 170 CP)AUDI A2 (8Z0) (1191 1598 , 61 110 CP)AUDI A3 Cabrio (8P7) (1197 1984 , 102 200 CP)AUDI A3 Hatchback (8L1) (1595 1896 , 90 224 CP)AUDI A3 Hatchback (8P1) (1197 3189 , 90 265 CP)AUDI A3 Sportback (8PA) (1197 3189 , 90 340 CP)AUDI A4 B5 Avant (8D5) (1595 2771 , 75 380 CP)AUDI A4 B6 Avant (8E5) (1595 2976 , 101 220 CP)AUDI A4 B7 Avant (8ED) (1595 4163 , 102 420 CP)AUDI A4 B6\/B7 Cabrio (8H7, 8HE) (1781 4163 , 130 420 CP)AUDI A4 B5 Sedan (8D2) (1595 2771 , 75 193 CP)AUDI A4 B6 Sedan (8E2) (1595 2976 , 101 220 CP)AUDI A4 B7 Sedan (8EC) (1595 4163 , 102 420 CP)AUDI A5 B8 Cabrio (8F7) (1798 3197 , 143 333 CP)AUDI A5 B8 Coupe (8T3) (1798 4163 , 160 354 CP)AUDI A5 B8 Sportback (8TA) (1798 3197 , 136 333 CP)AUDI A6 C7 Allroad (4GH, 4GJ) (2967 2995 , 190 333 CP)AUDI A6 C5 Avant (4B5) (1781 4172 , 110 450 CP)AUDI A6 C6 Avant (4F5) (1968 5204 , 121 580 CP)AUDI A6 C7 Avant (4G5, 4GD) (1968 2995 , 163 313 CP)AUDI A6 C5 Sedan (4B2) (1781 4172 , 110 450 CP)AUDI A6 C6 Sedan (4F2) (1968 5204 , 121 580 CP)AUDI A6 C7 Sedan (4G2, 4GC) (1968 3993 , 136 420 CP)AUDI A8 D2 (4D2, 4D8) (2496 5998 , 150 420 CP)AUDI Allroad C5 (4BH) (2496 4163 , 180 299 CP)AUDI Coupe B2 (81, 85) (1781 2309 , 88 136 CP)AUDI Coupe B3 (89, 8B) (1781 2771 , 112 230 CP)AUDI Q5 (8RB) (1968 3197 , 136 354 CP)AUDI Q7 (4LB) (2967 5934 , 204 500 CP)AUDI Quattro (85) (2144 2226 , 200 306 CP)AUDI R8 Coupe (422, 423) (4163 5204 , 420 570 CP)AUDI R8 Spyder (427, 429) (4163 5204 , 430 560 CP)AUDI TT Coupe (8J3) (1798 3189 , 160 360 CP)AUDI TT Coupe (8N3) (1781 3189 , 150 250 CP)AUDI TT Roadster (8J9) (1798 3189 , 160 360 CP)AUDI TT Roadster (8N9) (1781 3189 , 150 250 CP)BMWBMW 1 Cabrio (E88) (1995 2996 , 136 326 CP)BMW 1 Coupe (E82) (1995 2996 , 136 340 CP)BMW 1 Hatchback (E81) (1596 2996 , 115 265 CP)BMW 1 Hatchback (E87) (1596 2996 , 115 265 CP)BMW 3 Cabrio (E36) (1796 3201 , 115 321 CP)BMW 3 Cabrio (E46) (1995 3246 , 143 343 CP)BMW 3 Cabrio (E93) (1995 3999 , 156 420 CP)BMW 3 Compact (E36) (1596 2494 , 90 170 CP)BMW 3 Compact (E46) (1596 2494 , 105 192 CP)BMW 3 Coupe (E36) (1596 3201 , 102 321 CP)BMW 3 Coupe (E46) (1596 3246 , 105 360 CP)BMW 3 Coupe (E92) (1597 3999 , 122 420 CP)BMW 3 Sedan (E36) (1596 3201 , 90 321 CP)BMW 3 Sedan (E46) (1596 2993 , 105 231 CP)BMW 3 Sedan (E90) (1596 3999 , 116 420 CP)BMW 3 Touring (E36) (1596 2793 , 90 193 CP)BMW 3 Touring (E46) (1796 2993 , 115 231 CP)BMW 3 Touring (E91) (1995 2996 , 122 326 CP)BMW 5 Sedan (E39) (1951 4941 , 116 400 CP)BMW 5 Sedan (E60) (1995 4999 , 150 507 CP)BMW 5 Touring (E39) (1951 4398 , 136 286 CP)BMW 5 Touring (E61) (1995 4999 , 150 507 CP)BMW 6 Cabrio (E64) (2993 4999 , 258 507 CP)BMW 6 Coupe (E63) (2993 4999 , 258 507 CP)BMW 7 (E38) (2503 5379 , 143 330 CP)BMW 7 (E65, E66, E67) (2979 5972 , 204 445 CP)BMW X1 (E84) (1592 2996 , 116 258 CP)BMW X3 (E83) (1995 2996 , 136 286 CP)BMW X5 (E53) (2925 4799 , 184 360 CP)BMW X5 (E70) (2993 4799 , 235 355 CP)BMW Z4 Coupe (E86) (2996 3246 , 218 343 CP)BMW Z4 Roadster (E85) (1995 3246 , 150 343 CP)SEATSEAT Alhambra II (710, 711) (1390 1984 , 115 220 CP)SEAT Alhambra I (7V8, 7V9) (1781 2792 , 90 204 CP)SEAT Altea (5P1) (1197 1984 , 86 200 CP)SEAT Altea XL (5P5, 5P8) (1197 1984 , 86 211 CP)SEAT C\u00f3rdoba I Sedan (6K1, 6K2) (999 1598 , 50 101 CP)SEAT C\u00f3rdoba II Sedan (6L2) (1198 1984 , 64 131 CP)SEAT C\u00f3rdoba I Vario (6K5) (1390 1896 , 60 110 CP)SEAT Exeo Sedan (3R2) (1595 1984 , 102 211 CP)SEAT Exeo ST (3R5) (1595 1984 , 102 211 CP)SEAT Ibiza II (6K1) (1595 1598 , 75 CP)SEAT Ibiza III Hatchback (6L) (1198 1984 , 60 180 CP)SEAT Ibiza IV Hatchback (6J5, 6P1) (999 1984 , 60 150 CP)SEAT Ibiza IV Sportcoupe (6J, 6P) (999 1984 , 60 192 CP)SEAT Ibiza IV ST (6J8, 6P8) (999 1598 , 60 150 CP)SEAT Inca (6K9) (1390 1896 , 57 90 CP)SEAT Leon I Hatchback (1M1) (1390 2792 , 68 225 CP)SEAT Leon II Hatchback (1P1) (1896 1984 , 105 185 CP)SEAT Toledo II Sedan (1M2) (1781 1896 , 130 180 CP)SEAT Toledo III (5P2) (1595 1984 , 102 150 CP)SKODASKODA Fabia I Combi (6Y5) (1198 1984 , 60 116 CP)SKODA Fabia II Combi (545) (1197 1896 , 60 180 CP)SKODA Fabia II Hatchback (542) (1197 1896 , 60 180 CP)SKODA Fabia I Sedan (6Y3) (1198 1397 , 54 60 CP)SKODA Octavia I Hatchback (1U2) (1390 1984 , 60 180 CP)SKODA Octavia II Hatchback (1Z3) (1390 1984 , 75 150 CP)SKODA Octavia I Combi (1U5) (1390 1984 , 68 180 CP)SKODA Octavia II Combi (1Z5) (1595 1984 , 102 150 CP)SKODA Roomster (5J) (1197 1896 , 64 105 CP)SKODA Roomster Praktik (5J) (1198 1598 , 70 90 CP)SKODA Superb I Sedan (3U4) (1781 2771 , 115 193 CP)SKODA Yeti (5L) (1197 1968 , 105 170 CP)VWVW Bora Sedan (1J2) (1390 2792 , 68 204 CP)VW Bora Variant (1J6) (1390 2792 , 75 204 CP)VW Caddy I Pick-up (14) (1457 1781 , 55 95 CP)VW Caddy II Break (9K9B) (1390 1896 , 57 90 CP)VW Caddy II Pick-up (9U7) (1598 1896 , 64 75 CP)VW Caddy II Van (9K9A) (1390 1896 , 57 90 CP)VW Caddy III Break (2KB, 2KJ, 2CB, 2CJ) (1390 1968 , 70 105 CP)VW Caddy III Van (2KA, 2KH, 2CA, 2CH) (1390 1968 , 70 105 CP)VW Corrado (53i) (1781 2861 , 115 190 CP)VW Derby I (86) (895 1272 , 40 60 CP)VW Derby II (86C, 80) (1043 1272 , 40 75 CP)VW Eos (1F7, 1F8) (1390 3597 , 115 260 CP)VW Golf I Hatchback (17) (1093 1781 , 50 112 CP)VW Golf I Cabrio (155) (1457 1781 , 70 112 CP)VW Golf II Hatchback (19E, 1G1) (1043 1781 , 45 160 CP)VW Golf III Hatchback (1H1) (1272 2861 , 27 190 CP)VW Golf III Cabrio (1E7) (1595 1984 , 75 115 CP)VW Golf III Break (1H5) (1390 2861 , 55 190 CP)VW Golf IV Cabrio (1E) (1595 1984 , 75 117 CP)VW Golf IV Hatchback (1J1) (998 3189 , 58 241 CP)VW Golf IV Variant (1J5) (1390 2792 , 68 204 CP)VW Golf Plus \/ Crossgolf (5M1, 521) (1197 1984 , 75 170 CP)VW Golf V Hatchback (1K1) (1390 3189 , 75 250 CP)VW Golf V Variant (1K5) (1390 1984 , 80 200 CP)VW Golf VI Hatchback (5K1) (1197 2480 , 80 270 CP)VW Golf VI Cabrio (517) (1197 1984 , 105 265 CP)VW Golf VI Variant (AJ5) (1197 2480 , 80 200 CP)VW Jetta Mk2 (19E, 1G2, 165) (1272 1781 , 54 140 CP)VW Jetta Mk1 (16) (1093 1781 , 50 112 CP)VW Jetta Mk5 (1K) (1390 2480 , 102 200 CP)VW LT 28-35 I Bus (2383 , 75 95 CP)VW LT 28-35 I Camion cu platforma \/ Sasiu (281-363) (1984 2383 , 69 102 CP)VW LT 28-35 I Van (281-363) (1984 2383 , 69 102 CP)VW LT 28-35 II Bus (2295 2799 , 75 158 CP)VW LT 28-46 II Camion cu platforma \/ Sasiu (2DC, 2DF, 2DG, 2DL, 2DM) (2295 2799 , 75 158 CP)VW LT 28-46 II Van (2DA, 2DD, 2DH) (2295 2799 , 75 158 CP)VW Lupo \/ Lupo 3L (6X1, 6E1) (999 1716 , 50 125 CP)VW New Beetle Cabrio (1Y7) (1390 2480 , 75 173 CP)VW New Beetle Hatchback (9C1, 1C1) (1390 3188 , 75 224 CP)VW Passat B2 Hatchback (32B) (1272 2226 , 54 136 CP)VW Passat B3\/B4 Sedan (3A2, 35i) (1588 2792 , 68 174 CP)VW Passat B5 Sedan (3B2) (1595 2771 , 90 193 CP)VW Passat B5 GP Sedan (3BG, 3B3) (1595 3999 , 101 275 CP)VW Passat CC (357) (1390 3597 , 136 300 CP)VW Passat B2 Sedan (32B) (1588 2226 , 69 116 CP)VW Passat B6 Sedan (3C2) (1598 3168 , 105 250 CP)VW Passat B2 Variant (33B) (1272 2226 , 54 136 CP)VW Passat B3\/B4 Break (3A5, 35i) (1588 2861 , 68 184 CP)VW Passat B5 Break (3B5) (1595 2771 , 90 193 CP)VW Passat B5 GP Break (3BG, 3B6) (1595 3999 , 101 275 CP)VW Passat B6 Variant (3C5) (1595 1984 , 102 150 CP)VW Polo I Hatchback (86) (771 1272 , 34 60 CP)VW Polo IV Hatchback (9N) (1198 1896 , 54 130 CP)VW Polo III Classic (6V2) (1390 1896 , 57 110 CP)VW Polo II Classic (86C, 80) (1398 , 48 CP)VW Polo II Coupe (86C, 80) (1043 1272 , 40 78 CP)VW Polo III Hatchback (6N1) (999 1896 , 45 120 CP)VW Polo II Hatchback (86C, 80) (895 1398 , 39 76 CP)VW Polo IV Sedan (9A4, 9A2, 9N2, 9A6) (1390 1896 , 64 101 CP)VW Santana Sedan (32B) (1272 1994 , 54 115 CP)VW Scirocco III (137, 138) (1390 1984 , 122 265 CP)VW Scirocco II (53B) (1272 1781 , 60 139 CP)VW Sharan I (7M8, 7M9, 7M6) (1781 2792 , 90 204 CP)VW Sharan II (7N1, 7N2) (1390 1984 , 116 220 CP)VW Tiguan I (5N) (1390 1984 , 110 200 CP)VW Touareg I (7LA, 7L6, 7L7) (2461 5998 , 163 450 CP)VW Touareg II (7P5, 7P6) (2967 4163 , 204 360 CP)VW Touran I (1T1, 1T2) (1390 1984 , 90 170 CP)VW Transporter T2 Bus (1584 1970 , 47 70 CP)VW Transporter T2 Van (1584 1970 , 50 69 CP)VW Transporter T2 Camion cu platforma\/Sasiu (1584 , 50 CP)VW Transporter T3 Bus (1584 2110 , 50 112 CP)VW Transporter T3 Van (1584 2110 , 50 112 CP)VW Transporter T3 Camion cu platforma\/Sasiu (1588 2110 , 50 112 CP)VW Transporter T4 Bus (70B, 70C, 7DB, 7DK, 70J, 70K, 7DC, 7DJ) (1781 2461 , 60 151 CP)VW Transporter T4 Camion cu platforma \/ Sasiu (70E, 70L, 70M, 7DE, 7DL, 7D) (2461 , 102 CP)VW Transporter T4 Van (70A, 70H, 7DA, 7DH) (2461 , 102 151 CP)VW Transporter T5 Bus (7HB, 7HJ, 7EB, 7EJ, 7EF, 7EG, 7HF, 7EC) (1896 3189 , 85 235 CP)VW Transporter T5 Camion cu platforma \/ Sasiu (7JD, 7JE, 7JL, 7JY, 7JZ, 7FD) (1896 3189 , 85 235 CP)VW Transporter T5 Van (7HA, 7HH, 7EA, 7EH) (1896 3189 , 85 235 CP)VW Vento (1H2) (1390 2792 , 55 174 CP)\n<\/li>\n<\/ul>\n<div>AUDI, SEAT, SKODA, VW (3B0 955 681 A)\n<\/div>\n<div>AUDI, AUDI (FAW), VW (3B7 955 681)\n<\/div>\n<div>BMW (67 12 6 973 097)\n<\/div>\n<div>BMW (67 12 8 362 157)\n<\/div>\n<div>BMW (67 12 8 377 430)\n<\/div>\n<div>BMW (67 12 8 377 613)\n<\/div>\n<div>MEYLE (MIX0194)<\/div>\n","protected":false},"excerpt":{"rendered":"<p>Articol : Pompa spalator<br \/>\n Marca model : BMW X5 (E70) 07-10<br \/>\n Cilindrata : 3.0 D<br \/>\n Producator : VALEO<br \/>\n Cod : 3b0955681a<br \/>\n Cod Intern : AZ-03376<br \/>\n Det&#8230;<\/p>\n","protected":false},"author":1,"featured_media":109478,"comment_status":"open","ping_status":"closed","template":"","meta":[],"product_brand":[],"product_cat":[16],"product_tag":[],"class_list":{"0":"post-109481","1":"product","2":"type-product","3":"status-publish","4":"has-post-thumbnail","6":"product_cat-uncategorized","8":"first","9":"instock","10":"shipping-taxable","11":"purchasable","12":"product-type-simple"},"yoast_head":"<!-- This site is optimized with the Yoast SEO plugin v25.1 - https:\/\/yoast.com\/wordpress\/plugins\/seo\/ -->\n<title>Pompa spalator parbriz BMW  X5 (E70) 07-10 3.0 D VALEO 3b0955681a - PartsLinker<\/title>\n<meta name=\"robots\" content=\"index, follow, max-snippet:-1, max-image-preview:large, max-video-preview:-1\" \/>\n<link rel=\"canonical\" href=\"https:\/\/partslinker.com\/en\/product\/pompa-spalator-parbriz-bmw-x5-e70-07-10-3-0-d-valeo-3b0955681a\/\" \/>\n<meta property=\"og:locale\" content=\"en_US\" \/>\n<meta property=\"og:type\" content=\"article\" \/>\n<meta property=\"og:title\" content=\"Pompa spalator parbriz BMW  X5 (E70) 07-10 3.0 D VALEO 3b0955681a - PartsLinker\" \/>\n<meta property=\"og:description\" content=\"Articol : Pompa spalator  Marca model : BMW X5 (E70) 07-10  Cilindrata : 3.0 D  Producator : VALEO  Cod : 3b0955681a  Cod Intern : AZ-03376  Det...\" \/>\n<meta property=\"og:url\" content=\"https:\/\/partslinker.com\/en\/product\/pompa-spalator-parbriz-bmw-x5-e70-07-10-3-0-d-valeo-3b0955681a\/\" \/>\n<meta property=\"og:site_name\" content=\"PartsLinker\" \/>\n<meta property=\"og:image\" content=\"https:\/\/partslinker.com\/wp-content\/uploads\/2024\/09\/16648059828253194.jpg\" \/>\n\t<meta property=\"og:image:width\" content=\"918\" \/>\n\t<meta property=\"og:image:height\" content=\"689\" \/>\n\t<meta property=\"og:image:type\" content=\"image\/jpeg\" \/>\n<meta name=\"twitter:card\" content=\"summary_large_image\" \/>\n<meta name=\"twitter:label1\" content=\"Est. reading time\" \/>\n\t<meta name=\"twitter:data1\" content=\"6 minutes\" \/>\n<script type=\"application\/ld+json\" class=\"yoast-schema-graph\">{\"@context\":\"https:\/\/schema.org\",\"@graph\":[{\"@type\":\"WebPage\",\"@id\":\"https:\/\/partslinker.com\/en\/product\/pompa-spalator-parbriz-bmw-x5-e70-07-10-3-0-d-valeo-3b0955681a\/\",\"url\":\"https:\/\/partslinker.com\/en\/product\/pompa-spalator-parbriz-bmw-x5-e70-07-10-3-0-d-valeo-3b0955681a\/\",\"name\":\"Pompa spalator parbriz BMW X5 (E70) 07-10 3.0 D VALEO 3b0955681a - PartsLinker\",\"isPartOf\":{\"@id\":\"https:\/\/partslinker.com\/en\/#website\"},\"primaryImageOfPage\":{\"@id\":\"https:\/\/partslinker.com\/en\/product\/pompa-spalator-parbriz-bmw-x5-e70-07-10-3-0-d-valeo-3b0955681a\/#primaryimage\"},\"image\":{\"@id\":\"https:\/\/partslinker.com\/en\/product\/pompa-spalator-parbriz-bmw-x5-e70-07-10-3-0-d-valeo-3b0955681a\/#primaryimage\"},\"thumbnailUrl\":\"https:\/\/partslinker.com\/wp-content\/uploads\/2024\/09\/16648059828253194.jpg\",\"datePublished\":\"2024-09-26T13:43:42+00:00\",\"breadcrumb\":{\"@id\":\"https:\/\/partslinker.com\/en\/product\/pompa-spalator-parbriz-bmw-x5-e70-07-10-3-0-d-valeo-3b0955681a\/#breadcrumb\"},\"inLanguage\":\"en-US\",\"potentialAction\":[{\"@type\":\"ReadAction\",\"target\":[\"https:\/\/partslinker.com\/en\/product\/pompa-spalator-parbriz-bmw-x5-e70-07-10-3-0-d-valeo-3b0955681a\/\"]}]},{\"@type\":\"ImageObject\",\"inLanguage\":\"en-US\",\"@id\":\"https:\/\/partslinker.com\/en\/product\/pompa-spalator-parbriz-bmw-x5-e70-07-10-3-0-d-valeo-3b0955681a\/#primaryimage\",\"url\":\"https:\/\/partslinker.com\/wp-content\/uploads\/2024\/09\/16648059828253194.jpg\",\"contentUrl\":\"https:\/\/partslinker.com\/wp-content\/uploads\/2024\/09\/16648059828253194.jpg\",\"width\":918,\"height\":689},{\"@type\":\"BreadcrumbList\",\"@id\":\"https:\/\/partslinker.com\/en\/product\/pompa-spalator-parbriz-bmw-x5-e70-07-10-3-0-d-valeo-3b0955681a\/#breadcrumb\",\"itemListElement\":[{\"@type\":\"ListItem\",\"position\":1,\"name\":\"Home\",\"item\":\"https:\/\/partslinker.com\/en\/\"},{\"@type\":\"ListItem\",\"position\":2,\"name\":\"shop\",\"item\":\"https:\/\/partslinker.com\/it\/shop\/\"},{\"@type\":\"ListItem\",\"position\":3,\"name\":\"Pompa spalator parbriz BMW X5 (E70) 07-10 3.0 D VALEO 3b0955681a\"}]},{\"@type\":\"WebSite\",\"@id\":\"https:\/\/partslinker.com\/en\/#website\",\"url\":\"https:\/\/partslinker.com\/en\/\",\"name\":\"PartsLinker\",\"description\":\"Auto parts Management and Selling Solution\",\"publisher\":{\"@id\":\"https:\/\/partslinker.com\/en\/#organization\"},\"potentialAction\":[{\"@type\":\"SearchAction\",\"target\":{\"@type\":\"EntryPoint\",\"urlTemplate\":\"https:\/\/partslinker.com\/en\/?s={search_term_string}\"},\"query-input\":{\"@type\":\"PropertyValueSpecification\",\"valueRequired\":true,\"valueName\":\"search_term_string\"}}],\"inLanguage\":\"en-US\"},{\"@type\":\"Organization\",\"@id\":\"https:\/\/partslinker.com\/en\/#organization\",\"name\":\"PartsLinker\",\"url\":\"https:\/\/partslinker.com\/en\/\",\"logo\":{\"@type\":\"ImageObject\",\"inLanguage\":\"en-US\",\"@id\":\"https:\/\/partslinker.com\/en\/#\/schema\/logo\/image\/\",\"url\":\"https:\/\/partslinker.com\/wp-content\/uploads\/2023\/06\/logo-partslinker-soluzione-gestionale-autodemolizioni-white-250px.png\",\"contentUrl\":\"https:\/\/partslinker.com\/wp-content\/uploads\/2023\/06\/logo-partslinker-soluzione-gestionale-autodemolizioni-white-250px.png\",\"width\":250,\"height\":42,\"caption\":\"PartsLinker\"},\"image\":{\"@id\":\"https:\/\/partslinker.com\/en\/#\/schema\/logo\/image\/\"}}]}<\/script>\n<!-- \/ Yoast SEO plugin. -->","yoast_head_json":{"title":"Pompa spalator parbriz BMW  X5 (E70) 07-10 3.0 D VALEO 3b0955681a - PartsLinker","robots":{"index":"index","follow":"follow","max-snippet":"max-snippet:-1","max-image-preview":"max-image-preview:large","max-video-preview":"max-video-preview:-1"},"canonical":"https:\/\/partslinker.com\/en\/product\/pompa-spalator-parbriz-bmw-x5-e70-07-10-3-0-d-valeo-3b0955681a\/","og_locale":"en_US","og_type":"article","og_title":"Pompa spalator parbriz BMW  X5 (E70) 07-10 3.0 D VALEO 3b0955681a - PartsLinker","og_description":"Articol : Pompa spalator  Marca model : BMW X5 (E70) 07-10  Cilindrata : 3.0 D  Producator : VALEO  Cod : 3b0955681a  Cod Intern : AZ-03376  Det...","og_url":"https:\/\/partslinker.com\/en\/product\/pompa-spalator-parbriz-bmw-x5-e70-07-10-3-0-d-valeo-3b0955681a\/","og_site_name":"PartsLinker","og_image":[{"width":918,"height":689,"url":"https:\/\/partslinker.com\/wp-content\/uploads\/2024\/09\/16648059828253194.jpg","type":"image\/jpeg"}],"twitter_card":"summary_large_image","twitter_misc":{"Est. reading time":"6 minutes"},"schema":{"@context":"https:\/\/schema.org","@graph":[{"@type":"WebPage","@id":"https:\/\/partslinker.com\/en\/product\/pompa-spalator-parbriz-bmw-x5-e70-07-10-3-0-d-valeo-3b0955681a\/","url":"https:\/\/partslinker.com\/en\/product\/pompa-spalator-parbriz-bmw-x5-e70-07-10-3-0-d-valeo-3b0955681a\/","name":"Pompa spalator parbriz BMW X5 (E70) 07-10 3.0 D VALEO 3b0955681a - PartsLinker","isPartOf":{"@id":"https:\/\/partslinker.com\/en\/#website"},"primaryImageOfPage":{"@id":"https:\/\/partslinker.com\/en\/product\/pompa-spalator-parbriz-bmw-x5-e70-07-10-3-0-d-valeo-3b0955681a\/#primaryimage"},"image":{"@id":"https:\/\/partslinker.com\/en\/product\/pompa-spalator-parbriz-bmw-x5-e70-07-10-3-0-d-valeo-3b0955681a\/#primaryimage"},"thumbnailUrl":"https:\/\/partslinker.com\/wp-content\/uploads\/2024\/09\/16648059828253194.jpg","datePublished":"2024-09-26T13:43:42+00:00","breadcrumb":{"@id":"https:\/\/partslinker.com\/en\/product\/pompa-spalator-parbriz-bmw-x5-e70-07-10-3-0-d-valeo-3b0955681a\/#breadcrumb"},"inLanguage":"en-US","potentialAction":[{"@type":"ReadAction","target":["https:\/\/partslinker.com\/en\/product\/pompa-spalator-parbriz-bmw-x5-e70-07-10-3-0-d-valeo-3b0955681a\/"]}]},{"@type":"ImageObject","inLanguage":"en-US","@id":"https:\/\/partslinker.com\/en\/product\/pompa-spalator-parbriz-bmw-x5-e70-07-10-3-0-d-valeo-3b0955681a\/#primaryimage","url":"https:\/\/partslinker.com\/wp-content\/uploads\/2024\/09\/16648059828253194.jpg","contentUrl":"https:\/\/partslinker.com\/wp-content\/uploads\/2024\/09\/16648059828253194.jpg","width":918,"height":689},{"@type":"BreadcrumbList","@id":"https:\/\/partslinker.com\/en\/product\/pompa-spalator-parbriz-bmw-x5-e70-07-10-3-0-d-valeo-3b0955681a\/#breadcrumb","itemListElement":[{"@type":"ListItem","position":1,"name":"Home","item":"https:\/\/partslinker.com\/en\/"},{"@type":"ListItem","position":2,"name":"shop","item":"https:\/\/partslinker.com\/it\/shop\/"},{"@type":"ListItem","position":3,"name":"Pompa spalator parbriz BMW X5 (E70) 07-10 3.0 D VALEO 3b0955681a"}]},{"@type":"WebSite","@id":"https:\/\/partslinker.com\/en\/#website","url":"https:\/\/partslinker.com\/en\/","name":"PartsLinker","description":"Auto parts Management and Selling Solution","publisher":{"@id":"https:\/\/partslinker.com\/en\/#organization"},"potentialAction":[{"@type":"SearchAction","target":{"@type":"EntryPoint","urlTemplate":"https:\/\/partslinker.com\/en\/?s={search_term_string}"},"query-input":{"@type":"PropertyValueSpecification","valueRequired":true,"valueName":"search_term_string"}}],"inLanguage":"en-US"},{"@type":"Organization","@id":"https:\/\/partslinker.com\/en\/#organization","name":"PartsLinker","url":"https:\/\/partslinker.com\/en\/","logo":{"@type":"ImageObject","inLanguage":"en-US","@id":"https:\/\/partslinker.com\/en\/#\/schema\/logo\/image\/","url":"https:\/\/partslinker.com\/wp-content\/uploads\/2023\/06\/logo-partslinker-soluzione-gestionale-autodemolizioni-white-250px.png","contentUrl":"https:\/\/partslinker.com\/wp-content\/uploads\/2023\/06\/logo-partslinker-soluzione-gestionale-autodemolizioni-white-250px.png","width":250,"height":42,"caption":"PartsLinker"},"image":{"@id":"https:\/\/partslinker.com\/en\/#\/schema\/logo\/image\/"}}]}},"_links":{"self":[{"href":"https:\/\/partslinker.com\/en\/wp-json\/wp\/v2\/product\/109481","targetHints":{"allow":["GET"]}}],"collection":[{"href":"https:\/\/partslinker.com\/en\/wp-json\/wp\/v2\/product"}],"about":[{"href":"https:\/\/partslinker.com\/en\/wp-json\/wp\/v2\/types\/product"}],"author":[{"embeddable":true,"href":"https:\/\/partslinker.com\/en\/wp-json\/wp\/v2\/users\/1"}],"replies":[{"embeddable":true,"href":"https:\/\/partslinker.com\/en\/wp-json\/wp\/v2\/comments?post=109481"}],"wp:featuredmedia":[{"embeddable":true,"href":"https:\/\/partslinker.com\/en\/wp-json\/wp\/v2\/media\/109478"}],"wp:attachment":[{"href":"https:\/\/partslinker.com\/en\/wp-json\/wp\/v2\/media?parent=109481"}],"wp:term":[{"taxonomy":"product_brand","embeddable":true,"href":"https:\/\/partslinker.com\/en\/wp-json\/wp\/v2\/product_brand?post=109481"},{"taxonomy":"product_cat","embeddable":true,"href":"https:\/\/partslinker.com\/en\/wp-json\/wp\/v2\/product_cat?post=109481"},{"taxonomy":"product_tag","embeddable":true,"href":"https:\/\/partslinker.com\/en\/wp-json\/wp\/v2\/product_tag?post=109481"}],"curies":[{"name":"wp","href":"https:\/\/api.w.org\/{rel}","templated":true}]}}