{"id":73689,"date":"2024-09-11T13:48:06","date_gmt":"2024-09-11T11:48:06","guid":{"rendered":"https:\/\/partslinker.com\/ro\/product\/ansamblu-motoras-stergatoare-mercedes-benz-e-class-w-210-clk-c210-bosch-0390241420\/"},"modified":"2024-10-03T15:35:17","modified_gmt":"2024-10-03T13:35:17","slug":"ansamblu-motoras-stergatoare-mercedes-benz-e-class-w-210-clk-c210-bosch-0390241420","status":"publish","type":"product","link":"https:\/\/partslinker.com\/en\/product\/ansamblu-motoras-stergatoare-mercedes-benz-e-class-w-210-clk-c210-bosch-0390241420\/","title":{"rendered":"Ansamblu + Motoras Stergatoare Mercedes Benz E-Class W-210, CLK C210 Bosch 0390241420"},"content":{"rendered":"<ul>\n<li>Articol: Ansamblu + Motoras Stergatoare Mercedes Benz E-Class W-210, CLK C210 Bosch 390241420Tip Produs: UzatMasini compatibile:MERCEDES BENZ CLK (C208) 200 (208.335) 1997.06-2002.06MERCEDES BENZ CLK (C208) 200 Kompressor (208.344) 2000.06-2002.06MERCEDES BENZ CLK (C208) 200 Kompressor (208.345) 1997.06-2000.06MERCEDES BENZ CLK (C208) 230 Kompressor (208.347) 1997.06-2000.06MERCEDES BENZ CLK (C208) 230 Kompressor (208.348) 2000.06-2002.06MERCEDES BENZ CLK (C208) 320 (208.365) 1997.06-2002.06MERCEDES BENZ CLK (C208) 430 (208.370) 1998.07-2002.06MERCEDES BENZ CLK (C208) 55 AMG (208.374) 1999.08-2002.06MERCEDES BENZ CLK Kabri\u00f3 (A208) 200 (208.435) 1998.03-2002.03MERCEDES BENZ CLK Kabri\u00f3 (A208) 200 Kompressor (208.444) 2000.06-2002.03MERCEDES BENZ CLK Kabri\u00f3 (A208) 200 Kompressor (208.445) 1998.03-2000.06MERCEDES BENZ CLK Kabri\u00f3 (A208) 230 Kompressor (208.447) 1998.03-2000.06MERCEDES BENZ CLK Kabri\u00f3 (A208) 230 Kompressor (208.448) 2000.06-2002.03MERCEDES BENZ CLK Kabri\u00f3 (A208) 320 (208.465) 1998.03-2002.03MERCEDES BENZ CLK Kabri\u00f3 (A208) 430 (208.470) 1998.09-2002.03MERCEDES BENZ E-CLASS (W210) E 200 (210.035) 1995.06-2000.08MERCEDES BENZ E-CLASS (W210) E 200 CDI (210.007) 1998.06-2002.03MERCEDES BENZ E-CLASS (W210) E 200 CDI (210.007) 1999.07-2002.03MERCEDES BENZ E-CLASS (W210) E 200 D (210.003) 1996.01-2002.03MERCEDES BENZ E-CLASS (W210) E 200 Kompressor (210.045) 1997.06-2002.03MERCEDES BENZ E-CLASS (W210) E 200 Kompressor (210.048) 2000.08-2002.03MERCEDES BENZ E-CLASS (W210) E 220 CDI (210.006) 1998.06-1999.07MERCEDES BENZ E-CLASS (W210) E 220 CDI (210.006) 1999.07-2002.03MERCEDES BENZ E-CLASS (W210) E 220 D (210.004) 1995.06-1999.07MERCEDES BENZ E-CLASS (W210) E 220 D 1996.05-2002.03MERCEDES BENZ E-CLASS (W210) E 230 (210.037) 1995.06-1997.06MERCEDES BENZ E-CLASS (W210) E 240 (210.061) 1997.06-2000.08MERCEDES BENZ E-CLASS (W210) E 240 (210.062) 2000.08-2002.03MERCEDES BENZ E-CLASS (W210) E 250 D (210.010) 1995.06-1999.07MERCEDES BENZ E-CLASS (W210) E 250 Turbo-D (210.015) 1997.06-1999.07MERCEDES BENZ E-CLASS (W210) E 270 CDI (210.016) 1999.07-2002.03MERCEDES BENZ E-CLASS (W210) E 280 (210.053) 1996.01-1997.06MERCEDES BENZ E-CLASS (W210) E 280 (210.063) 1996.12-2002.03MERCEDES BENZ E-CLASS (W210) E 280 4-matic (210.081) 1996.12-2002.03MERCEDES BENZ E-CLASS (W210) E 290 Turbo-D (210.017) 1996.03-1999.07MERCEDES BENZ E-CLASS (W210) E 300 (210.020) 1995.06-1997.06MERCEDES BENZ E-CLASS (W210) E 300 TD (210.025) 1996.12-1999.07MERCEDES BENZ E-CLASS (W210) E 320 (210.065) 1997.06-2002.03MERCEDES BENZ E-CLASS (W210) E 320 4-matic (210.082) 1997.06-2002.03MERCEDES BENZ E-CLASS (W210) E 320 CDI (210.026) 1999.07-2002.03MERCEDES BENZ E-CLASS (W210) E 420 (210.072) 1996.01-1997.06MERCEDES BENZ E-CLASS (W210) E 430 (210.070) 1997.06-2002.03MERCEDES BENZ E-CLASS (W210) E 430 4-matic (210.083) 1999.05-2002.03MERCEDES BENZ E-CLASS (W210) E 50 AMG (210.072) 1996.02-1997.08MERCEDES BENZ E-CLASS (W210) E 55 AMG (210.074) 1997.08-2002.03MERCEDES BENZ E-CLASS T-Model (S210) E 200 T (210.235) 1996.06-2000.08MERCEDES BENZ E-CLASS T-Model (S210) E 200 T Kompressor (210.245) 1997.06-2003.03MERCEDES BENZ E-CLASS T-Model (S210) E 200 T Kompressor (210.248) 2000.08-2003.03MERCEDES BENZ E-CLASS T-Model (S210) E 220 T CDI (210.206) 1998.06-1999.07MERCEDES BENZ E-CLASS T-Model (S210) E 220 T CDI (210.206) 1999.07-2003.03MERCEDES BENZ E-CLASS T-Model (S210) E 230 T (210.237) 1996.06-1997.06MERCEDES BENZ E-CLASS T-Model (S210) E 240 T (210.261) 1997.06-2003.03MERCEDES BENZ E-CLASS T-Model (S210) E 240 T (210.262) 2000.08-2003.03MERCEDES BENZ E-CLASS T-Model (S210) E 250 T D (210.210) 1996.06-1999.07MERCEDES BENZ E-CLASS T-Model (S210) E 250 T Turbo-D (210.215) 1997.06-1999.07MERCEDES BENZ E-CLASS T-Model (S210) E 270 T CDI (210.216) 1999.07-2003.03MERCEDES BENZ E-CLASS T-Model (S210) E 270 T CDI 2000.02-2003.03MERCEDES BENZ E-CLASS T-Model (S210) E 280 T (210.263) 1996.12-2003.03MERCEDES BENZ E-CLASS T-Model (S210) E 280 T 4-matic (210.281) 1996.12-2003.03MERCEDES BENZ E-CLASS T-Model (S210) E 290 T Turbo-D (210.217) 1996.06-1999.07MERCEDES BENZ E-CLASS T-Model (S210) E 300 T Turbo-D (210.225) 1996.12-1999.07MERCEDES BENZ E-CLASS T-Model (S210) E 320 T (210.265) 1996.12-2003.03MERCEDES BENZ E-CLASS T-Model (S210) E 320 T 4-matic (210.282) 1996.12-2003.03MERCEDES BENZ E-CLASS T-Model (S210) E 320 T CDI (210.226) 1999.07-2003.03MERCEDES BENZ E-CLASS T-Model (S210) E 420 T (210.272) 1996.06-1997.06MERCEDES BENZ E-CLASS T-Model (S210) E 430 T (210.270) 1997.06-2003.03MERCEDES BENZ E-CLASS T-Model (S210) E 430 T 4-matic (210.283) 1999.05-2003.03MERCEDES BENZ E-CLASS T-Model (S210) E 55 T AMG (210.274) 1997.08-2003.03Coduri OEM:MERCEDES-BENZ (2108201742)MERCEDES-BENZ (A2108201742)<\/li>\n<\/ul>\n","protected":false},"excerpt":{"rendered":"<p>Articol: Ansamblu + Motoras Stergatoare Mercedes Benz E-Class W-210, CLK C210 Bosch 390241420Tip Produs: UzatMasini compatibile:MERCEDES BENZ CLK (C20&#8230;<\/p>\n","protected":false},"author":1,"featured_media":120666,"comment_status":"open","ping_status":"closed","template":"","meta":[],"product_brand":[],"product_cat":[635],"product_tag":[],"class_list":{"0":"post-73689","1":"product","2":"type-product","3":"status-publish","4":"has-post-thumbnail","6":"product_cat-ansamblu-stergatoare","8":"first","9":"instock","10":"shipping-taxable","11":"purchasable","12":"product-type-simple"},"yoast_head":"<!-- This site is optimized with the Yoast SEO plugin v25.1 - https:\/\/yoast.com\/wordpress\/plugins\/seo\/ -->\n<title>Ansamblu + Motoras Stergatoare Mercedes Benz E-Class W-210, CLK C210 Bosch 0390241420 - PartsLinker<\/title>\n<meta name=\"robots\" content=\"index, follow, max-snippet:-1, max-image-preview:large, max-video-preview:-1\" \/>\n<link rel=\"canonical\" href=\"https:\/\/partslinker.com\/it\/product\/ansamblu-motoras-stergatoare-mercedes-benz-e-class-w-210-clk-c210-bosch-0390241420\/\" \/>\n<meta property=\"og:locale\" content=\"en_US\" \/>\n<meta property=\"og:type\" content=\"article\" \/>\n<meta property=\"og:title\" content=\"Ansamblu + Motoras Stergatoare Mercedes Benz E-Class W-210, CLK C210 Bosch 0390241420 - PartsLinker\" \/>\n<meta property=\"og:description\" content=\"Articol: Ansamblu + Motoras Stergatoare Mercedes Benz E-Class W-210, CLK C210 Bosch 390241420Tip Produs: UzatMasini compatibile:MERCEDES BENZ CLK (C20...\" \/>\n<meta property=\"og:url\" content=\"https:\/\/partslinker.com\/it\/product\/ansamblu-motoras-stergatoare-mercedes-benz-e-class-w-210-clk-c210-bosch-0390241420\/\" \/>\n<meta property=\"og:site_name\" content=\"PartsLinker\" \/>\n<meta property=\"article:modified_time\" content=\"2024-10-03T13:35:17+00:00\" \/>\n<meta property=\"og:image\" content=\"https:\/\/partslinker.com\/wp-content\/uploads\/2024\/10\/16648062849962044-scaled.jpg\" \/>\n\t<meta property=\"og:image:width\" content=\"2560\" \/>\n\t<meta property=\"og:image:height\" content=\"1920\" \/>\n\t<meta property=\"og:image:type\" content=\"image\/jpeg\" \/>\n<meta name=\"twitter:card\" content=\"summary_large_image\" \/>\n<meta name=\"twitter:label1\" content=\"Est. reading time\" \/>\n\t<meta name=\"twitter:data1\" content=\"3 minutes\" \/>\n<script type=\"application\/ld+json\" class=\"yoast-schema-graph\">{\"@context\":\"https:\/\/schema.org\",\"@graph\":[{\"@type\":\"WebPage\",\"@id\":\"https:\/\/partslinker.com\/it\/product\/ansamblu-motoras-stergatoare-mercedes-benz-e-class-w-210-clk-c210-bosch-0390241420\/\",\"url\":\"https:\/\/partslinker.com\/it\/product\/ansamblu-motoras-stergatoare-mercedes-benz-e-class-w-210-clk-c210-bosch-0390241420\/\",\"name\":\"Ansamblu + Motoras Stergatoare Mercedes Benz E-Class W-210, CLK C210 Bosch 0390241420 - PartsLinker\",\"isPartOf\":{\"@id\":\"https:\/\/partslinker.com\/en\/#website\"},\"primaryImageOfPage\":{\"@id\":\"https:\/\/partslinker.com\/it\/product\/ansamblu-motoras-stergatoare-mercedes-benz-e-class-w-210-clk-c210-bosch-0390241420\/#primaryimage\"},\"image\":{\"@id\":\"https:\/\/partslinker.com\/it\/product\/ansamblu-motoras-stergatoare-mercedes-benz-e-class-w-210-clk-c210-bosch-0390241420\/#primaryimage\"},\"thumbnailUrl\":\"https:\/\/partslinker.com\/wp-content\/uploads\/2024\/10\/16648062849962044-scaled.jpg\",\"datePublished\":\"2024-09-11T11:48:06+00:00\",\"dateModified\":\"2024-10-03T13:35:17+00:00\",\"breadcrumb\":{\"@id\":\"https:\/\/partslinker.com\/it\/product\/ansamblu-motoras-stergatoare-mercedes-benz-e-class-w-210-clk-c210-bosch-0390241420\/#breadcrumb\"},\"inLanguage\":\"en-US\",\"potentialAction\":[{\"@type\":\"ReadAction\",\"target\":[\"https:\/\/partslinker.com\/it\/product\/ansamblu-motoras-stergatoare-mercedes-benz-e-class-w-210-clk-c210-bosch-0390241420\/\"]}]},{\"@type\":\"ImageObject\",\"inLanguage\":\"en-US\",\"@id\":\"https:\/\/partslinker.com\/it\/product\/ansamblu-motoras-stergatoare-mercedes-benz-e-class-w-210-clk-c210-bosch-0390241420\/#primaryimage\",\"url\":\"https:\/\/partslinker.com\/wp-content\/uploads\/2024\/10\/16648062849962044-scaled.jpg\",\"contentUrl\":\"https:\/\/partslinker.com\/wp-content\/uploads\/2024\/10\/16648062849962044-scaled.jpg\",\"width\":2560,\"height\":1920},{\"@type\":\"BreadcrumbList\",\"@id\":\"https:\/\/partslinker.com\/it\/product\/ansamblu-motoras-stergatoare-mercedes-benz-e-class-w-210-clk-c210-bosch-0390241420\/#breadcrumb\",\"itemListElement\":[{\"@type\":\"ListItem\",\"position\":1,\"name\":\"Home\",\"item\":\"https:\/\/partslinker.com\/en\/\"},{\"@type\":\"ListItem\",\"position\":2,\"name\":\"shop\",\"item\":\"https:\/\/partslinker.com\/it\/shop\/\"},{\"@type\":\"ListItem\",\"position\":3,\"name\":\"Ansamblu + Motoras Stergatoare Mercedes Benz E-Class W-210, CLK C210 Bosch 0390241420\"}]},{\"@type\":\"WebSite\",\"@id\":\"https:\/\/partslinker.com\/en\/#website\",\"url\":\"https:\/\/partslinker.com\/en\/\",\"name\":\"PartsLinker\",\"description\":\"Auto parts Management and Selling Solution\",\"publisher\":{\"@id\":\"https:\/\/partslinker.com\/en\/#organization\"},\"potentialAction\":[{\"@type\":\"SearchAction\",\"target\":{\"@type\":\"EntryPoint\",\"urlTemplate\":\"https:\/\/partslinker.com\/en\/?s={search_term_string}\"},\"query-input\":{\"@type\":\"PropertyValueSpecification\",\"valueRequired\":true,\"valueName\":\"search_term_string\"}}],\"inLanguage\":\"en-US\"},{\"@type\":\"Organization\",\"@id\":\"https:\/\/partslinker.com\/en\/#organization\",\"name\":\"PartsLinker\",\"url\":\"https:\/\/partslinker.com\/en\/\",\"logo\":{\"@type\":\"ImageObject\",\"inLanguage\":\"en-US\",\"@id\":\"https:\/\/partslinker.com\/en\/#\/schema\/logo\/image\/\",\"url\":\"https:\/\/partslinker.com\/wp-content\/uploads\/2023\/06\/logo-partslinker-soluzione-gestionale-autodemolizioni-white-250px.png\",\"contentUrl\":\"https:\/\/partslinker.com\/wp-content\/uploads\/2023\/06\/logo-partslinker-soluzione-gestionale-autodemolizioni-white-250px.png\",\"width\":250,\"height\":42,\"caption\":\"PartsLinker\"},\"image\":{\"@id\":\"https:\/\/partslinker.com\/en\/#\/schema\/logo\/image\/\"}}]}<\/script>\n<!-- \/ Yoast SEO plugin. -->","yoast_head_json":{"title":"Ansamblu + Motoras Stergatoare Mercedes Benz E-Class W-210, CLK C210 Bosch 0390241420 - PartsLinker","robots":{"index":"index","follow":"follow","max-snippet":"max-snippet:-1","max-image-preview":"max-image-preview:large","max-video-preview":"max-video-preview:-1"},"canonical":"https:\/\/partslinker.com\/it\/product\/ansamblu-motoras-stergatoare-mercedes-benz-e-class-w-210-clk-c210-bosch-0390241420\/","og_locale":"en_US","og_type":"article","og_title":"Ansamblu + Motoras Stergatoare Mercedes Benz E-Class W-210, CLK C210 Bosch 0390241420 - PartsLinker","og_description":"Articol: Ansamblu + Motoras Stergatoare Mercedes Benz E-Class W-210, CLK C210 Bosch 390241420Tip Produs: UzatMasini compatibile:MERCEDES BENZ CLK (C20...","og_url":"https:\/\/partslinker.com\/it\/product\/ansamblu-motoras-stergatoare-mercedes-benz-e-class-w-210-clk-c210-bosch-0390241420\/","og_site_name":"PartsLinker","article_modified_time":"2024-10-03T13:35:17+00:00","og_image":[{"width":2560,"height":1920,"url":"https:\/\/partslinker.com\/wp-content\/uploads\/2024\/10\/16648062849962044-scaled.jpg","type":"image\/jpeg"}],"twitter_card":"summary_large_image","twitter_misc":{"Est. reading time":"3 minutes"},"schema":{"@context":"https:\/\/schema.org","@graph":[{"@type":"WebPage","@id":"https:\/\/partslinker.com\/it\/product\/ansamblu-motoras-stergatoare-mercedes-benz-e-class-w-210-clk-c210-bosch-0390241420\/","url":"https:\/\/partslinker.com\/it\/product\/ansamblu-motoras-stergatoare-mercedes-benz-e-class-w-210-clk-c210-bosch-0390241420\/","name":"Ansamblu + Motoras Stergatoare Mercedes Benz E-Class W-210, CLK C210 Bosch 0390241420 - PartsLinker","isPartOf":{"@id":"https:\/\/partslinker.com\/en\/#website"},"primaryImageOfPage":{"@id":"https:\/\/partslinker.com\/it\/product\/ansamblu-motoras-stergatoare-mercedes-benz-e-class-w-210-clk-c210-bosch-0390241420\/#primaryimage"},"image":{"@id":"https:\/\/partslinker.com\/it\/product\/ansamblu-motoras-stergatoare-mercedes-benz-e-class-w-210-clk-c210-bosch-0390241420\/#primaryimage"},"thumbnailUrl":"https:\/\/partslinker.com\/wp-content\/uploads\/2024\/10\/16648062849962044-scaled.jpg","datePublished":"2024-09-11T11:48:06+00:00","dateModified":"2024-10-03T13:35:17+00:00","breadcrumb":{"@id":"https:\/\/partslinker.com\/it\/product\/ansamblu-motoras-stergatoare-mercedes-benz-e-class-w-210-clk-c210-bosch-0390241420\/#breadcrumb"},"inLanguage":"en-US","potentialAction":[{"@type":"ReadAction","target":["https:\/\/partslinker.com\/it\/product\/ansamblu-motoras-stergatoare-mercedes-benz-e-class-w-210-clk-c210-bosch-0390241420\/"]}]},{"@type":"ImageObject","inLanguage":"en-US","@id":"https:\/\/partslinker.com\/it\/product\/ansamblu-motoras-stergatoare-mercedes-benz-e-class-w-210-clk-c210-bosch-0390241420\/#primaryimage","url":"https:\/\/partslinker.com\/wp-content\/uploads\/2024\/10\/16648062849962044-scaled.jpg","contentUrl":"https:\/\/partslinker.com\/wp-content\/uploads\/2024\/10\/16648062849962044-scaled.jpg","width":2560,"height":1920},{"@type":"BreadcrumbList","@id":"https:\/\/partslinker.com\/it\/product\/ansamblu-motoras-stergatoare-mercedes-benz-e-class-w-210-clk-c210-bosch-0390241420\/#breadcrumb","itemListElement":[{"@type":"ListItem","position":1,"name":"Home","item":"https:\/\/partslinker.com\/en\/"},{"@type":"ListItem","position":2,"name":"shop","item":"https:\/\/partslinker.com\/it\/shop\/"},{"@type":"ListItem","position":3,"name":"Ansamblu + Motoras Stergatoare Mercedes Benz E-Class W-210, CLK C210 Bosch 0390241420"}]},{"@type":"WebSite","@id":"https:\/\/partslinker.com\/en\/#website","url":"https:\/\/partslinker.com\/en\/","name":"PartsLinker","description":"Auto parts Management and Selling Solution","publisher":{"@id":"https:\/\/partslinker.com\/en\/#organization"},"potentialAction":[{"@type":"SearchAction","target":{"@type":"EntryPoint","urlTemplate":"https:\/\/partslinker.com\/en\/?s={search_term_string}"},"query-input":{"@type":"PropertyValueSpecification","valueRequired":true,"valueName":"search_term_string"}}],"inLanguage":"en-US"},{"@type":"Organization","@id":"https:\/\/partslinker.com\/en\/#organization","name":"PartsLinker","url":"https:\/\/partslinker.com\/en\/","logo":{"@type":"ImageObject","inLanguage":"en-US","@id":"https:\/\/partslinker.com\/en\/#\/schema\/logo\/image\/","url":"https:\/\/partslinker.com\/wp-content\/uploads\/2023\/06\/logo-partslinker-soluzione-gestionale-autodemolizioni-white-250px.png","contentUrl":"https:\/\/partslinker.com\/wp-content\/uploads\/2023\/06\/logo-partslinker-soluzione-gestionale-autodemolizioni-white-250px.png","width":250,"height":42,"caption":"PartsLinker"},"image":{"@id":"https:\/\/partslinker.com\/en\/#\/schema\/logo\/image\/"}}]}},"_links":{"self":[{"href":"https:\/\/partslinker.com\/en\/wp-json\/wp\/v2\/product\/73689","targetHints":{"allow":["GET"]}}],"collection":[{"href":"https:\/\/partslinker.com\/en\/wp-json\/wp\/v2\/product"}],"about":[{"href":"https:\/\/partslinker.com\/en\/wp-json\/wp\/v2\/types\/product"}],"author":[{"embeddable":true,"href":"https:\/\/partslinker.com\/en\/wp-json\/wp\/v2\/users\/1"}],"replies":[{"embeddable":true,"href":"https:\/\/partslinker.com\/en\/wp-json\/wp\/v2\/comments?post=73689"}],"wp:featuredmedia":[{"embeddable":true,"href":"https:\/\/partslinker.com\/en\/wp-json\/wp\/v2\/media\/120666"}],"wp:attachment":[{"href":"https:\/\/partslinker.com\/en\/wp-json\/wp\/v2\/media?parent=73689"}],"wp:term":[{"taxonomy":"product_brand","embeddable":true,"href":"https:\/\/partslinker.com\/en\/wp-json\/wp\/v2\/product_brand?post=73689"},{"taxonomy":"product_cat","embeddable":true,"href":"https:\/\/partslinker.com\/en\/wp-json\/wp\/v2\/product_cat?post=73689"},{"taxonomy":"product_tag","embeddable":true,"href":"https:\/\/partslinker.com\/en\/wp-json\/wp\/v2\/product_tag?post=73689"}],"curies":[{"name":"wp","href":"https:\/\/api.w.org\/{rel}","templated":true}]}}