{"id":18259,"date":"2024-05-19T19:10:25","date_gmt":"2024-05-19T17:10:25","guid":{"rendered":"https:\/\/partslinker.com\/integrazioni\/autozon-pro\/"},"modified":"2024-12-24T14:35:05","modified_gmt":"2024-12-24T13:35:05","slug":"autozon-pro","status":"publish","type":"page","link":"https:\/\/partslinker.com\/it\/integrazioni\/autozon-pro\/","title":{"rendered":"AutoZon.pro"},"content":{"rendered":"\t\t<div data-elementor-type=\"wp-page\" data-elementor-id=\"18259\" class=\"elementor elementor-18259 elementor-11989\" data-elementor-post-type=\"page\">\n\t\t\t\t\t\t<section class=\"elementor-section elementor-top-section elementor-element elementor-element-234f0c51 elementor-section-boxed elementor-section-height-default elementor-section-height-default\" data-id=\"234f0c51\" data-element_type=\"section\">\n\t\t\t\t\t\t<div class=\"elementor-container elementor-column-gap-default\">\n\t\t\t\t\t<div class=\"elementor-column elementor-col-100 elementor-top-column elementor-element elementor-element-60a03ada\" data-id=\"60a03ada\" data-element_type=\"column\">\n\t\t\t<div class=\"elementor-widget-wrap elementor-element-populated\">\n\t\t\t\t\t\t<div class=\"elementor-element elementor-element-520b2e71 elementor-flip-box--effect-fade elementor-widget elementor-widget-flip-box\" data-id=\"520b2e71\" data-element_type=\"widget\" data-widget_type=\"flip-box.default\">\n\t\t\t\t<div class=\"elementor-widget-container\">\n\t\t\t\t\t\t\t<div class=\"elementor-flip-box\" tabindex=\"0\">\n\t\t\t<div class=\"elementor-flip-box__layer elementor-flip-box__front\">\n\t\t\t\t<div class=\"elementor-flip-box__layer__overlay\">\n\t\t\t\t\t<div class=\"elementor-flip-box__layer__inner\">\n\t\t\t\t\t\t\n\t\t\t\t\t\t\n\t\t\t\t\t\t\t\t\t\t\t<\/div>\n\t\t\t\t<\/div>\n\t\t\t<\/div>\n\t\t\t<div class=\"elementor-flip-box__layer elementor-flip-box__back\">\n\t\t\t<div class=\"elementor-flip-box__layer__overlay\">\n\t\t\t\t<div class=\"elementor-flip-box__layer__inner\">\n\t\t\t\t\t\n\t\t\t\t\t\n\t\t\t\t\t\t\t\t<\/div>\n\t\t<\/div>\n\t\t<\/div>\n\t\t<\/div>\n\t\t\t\t\t\t<\/div>\n\t\t\t\t<\/div>\n\t\t\t\t\t<\/div>\n\t\t<\/div>\n\t\t\t\t\t<\/div>\n\t\t<\/section>\n\t\t\t\t<section class=\"elementor-section elementor-top-section elementor-element elementor-element-3ec33c6d elementor-section-boxed elementor-section-height-default elementor-section-height-default\" data-id=\"3ec33c6d\" data-element_type=\"section\">\n\t\t\t\t\t\t<div class=\"elementor-container elementor-column-gap-default\">\n\t\t\t\t\t<div class=\"elementor-column elementor-col-100 elementor-top-column elementor-element elementor-element-ce713ee\" data-id=\"ce713ee\" data-element_type=\"column\">\n\t\t\t<div class=\"elementor-widget-wrap elementor-element-populated\">\n\t\t\t\t\t\t<div class=\"elementor-element elementor-element-6eecc7c8 elementor-widget elementor-widget-heading\" data-id=\"6eecc7c8\" data-element_type=\"widget\" data-widget_type=\"heading.default\">\n\t\t\t\t<div class=\"elementor-widget-container\">\n\t\t\t\t\t<h1 class=\"elementor-heading-title elementor-size-default\">AutoZon.pro<\/h1>\t\t\t\t<\/div>\n\t\t\t\t<\/div>\n\t\t\t\t\t<\/div>\n\t\t<\/div>\n\t\t\t\t\t<\/div>\n\t\t<\/section>\n\t\t\t\t<section class=\"elementor-section elementor-top-section elementor-element elementor-element-30c797ab elementor-section-boxed elementor-section-height-default elementor-section-height-default\" data-id=\"30c797ab\" data-element_type=\"section\">\n\t\t\t\t\t\t<div class=\"elementor-container elementor-column-gap-default\">\n\t\t\t\t\t<div class=\"elementor-column elementor-col-100 elementor-top-column elementor-element elementor-element-865923d\" data-id=\"865923d\" data-element_type=\"column\">\n\t\t\t<div class=\"elementor-widget-wrap elementor-element-populated\">\n\t\t\t\t\t\t<div class=\"elementor-element elementor-element-6fd65790 elementor-widget elementor-widget-text-editor\" data-id=\"6fd65790\" data-element_type=\"widget\" data-widget_type=\"text-editor.default\">\n\t\t\t\t<div class=\"elementor-widget-container\">\n\t\t\t\t\t\t\t\t\t<p><strong>L&#8217;integrazione del negozio online AutoZon.pro nel sistema PartsLinker<\/strong> si concentra sul collegamento della piattaforma del negozio con i servizi del mercato, come eBay, eMAG o Amazon. I moduli di integrazione del mercato incorporati nelle piattaforme dei negozi offrono solitamente funzionalit\u00e0 molto limitate. I venditori spesso scelgono PartsLinker come intermediario per accedere alle sue funzionalit\u00e0 per elencare le offerte e gestire le vendite. Rimarrai sorpreso da quanto semplice e veloce diventi effettivamente un simile processo di integrazione!<\/p>\n<p>Anche i rivenditori che svolgono la propria attivit\u00e0 esclusivamente nel negozio online passano la gestione degli ordini a PartsLinker per migliorare il flusso di lavoro utilizzando l&#8217;Assistente Pick&amp;Pack o azioni automatizzate e beneficiano delle integrazioni di operatore e contabilit\u00e0 in un unico posto.<\/p>\n<p><strong>L&#8217;integrazione di un negozio AutoZon.pro con PartsLinker consente<\/strong>:<\/p>\n\t\t\t\t\t\t\t\t<\/div>\n\t\t\t\t<\/div>\n\t\t\t\t\t<\/div>\n\t\t<\/div>\n\t\t\t\t\t<\/div>\n\t\t<\/section>\n\t\t\t\t<section class=\"elementor-section elementor-top-section elementor-element elementor-element-6f7542af elementor-section-boxed elementor-section-height-default elementor-section-height-default\" data-id=\"6f7542af\" data-element_type=\"section\">\n\t\t\t\t\t\t<div class=\"elementor-container elementor-column-gap-default\">\n\t\t\t\t\t<div class=\"elementor-column elementor-col-50 elementor-top-column elementor-element elementor-element-f28f40e\" data-id=\"f28f40e\" data-element_type=\"column\">\n\t\t\t<div class=\"elementor-widget-wrap elementor-element-populated\">\n\t\t\t\t\t\t<div class=\"elementor-element elementor-element-3f155141 elementor-icon-list--layout-traditional elementor-list-item-link-full_width elementor-widget elementor-widget-icon-list\" data-id=\"3f155141\" data-element_type=\"widget\" data-widget_type=\"icon-list.default\">\n\t\t\t\t<div class=\"elementor-widget-container\">\n\t\t\t\t\t\t\t<ul class=\"elementor-icon-list-items\">\n\t\t\t\t\t\t\t<li class=\"elementor-icon-list-item\">\n\t\t\t\t\t\t\t\t\t\t\t<span class=\"elementor-icon-list-icon\">\n\t\t\t\t\t\t\t<i aria-hidden=\"true\" class=\"bi bi-check-circle\"><\/i>\t\t\t\t\t\t<\/span>\n\t\t\t\t\t\t\t\t\t\t<span class=\"elementor-icon-list-text\"><b>scarica gli ordini da AutoZon.pro <\/b>nel pannello PartsLinker (gli ordini da tutti i canali vengono gestiti in un unico posto, ovvero nel Gestore ordini PartsLinker)<\/span>\n\t\t\t\t\t\t\t\t\t<\/li>\n\t\t\t\t\t\t<\/ul>\n\t\t\t\t\t\t<\/div>\n\t\t\t\t<\/div>\n\t\t\t\t<div class=\"elementor-element elementor-element-61da03ac elementor-icon-list--layout-traditional elementor-list-item-link-full_width elementor-widget elementor-widget-icon-list\" data-id=\"61da03ac\" data-element_type=\"widget\" data-widget_type=\"icon-list.default\">\n\t\t\t\t<div class=\"elementor-widget-container\">\n\t\t\t\t\t\t\t<ul class=\"elementor-icon-list-items\">\n\t\t\t\t\t\t\t<li class=\"elementor-icon-list-item\">\n\t\t\t\t\t\t\t\t\t\t\t<span class=\"elementor-icon-list-icon\">\n\t\t\t\t\t\t\t<i aria-hidden=\"true\" class=\"bi bi-check-circle\"><\/i>\t\t\t\t\t\t<\/span>\n\t\t\t\t\t\t\t\t\t\t<span class=\"elementor-icon-list-text\"><b>trasmissione degli ordini dal mercato<\/b> (in due direzioni integrate) al negozio online<\/span>\n\t\t\t\t\t\t\t\t\t<\/li>\n\t\t\t\t\t\t<\/ul>\n\t\t\t\t\t\t<\/div>\n\t\t\t\t<\/div>\n\t\t\t\t<div class=\"elementor-element elementor-element-750ce4dd elementor-icon-list--layout-traditional elementor-list-item-link-full_width elementor-widget elementor-widget-icon-list\" data-id=\"750ce4dd\" data-element_type=\"widget\" data-widget_type=\"icon-list.default\">\n\t\t\t\t<div class=\"elementor-widget-container\">\n\t\t\t\t\t\t\t<ul class=\"elementor-icon-list-items\">\n\t\t\t\t\t\t\t<li class=\"elementor-icon-list-item\">\n\t\t\t\t\t\t\t\t\t\t\t<span class=\"elementor-icon-list-icon\">\n\t\t\t\t\t\t\t<i aria-hidden=\"true\" class=\"bi bi-check-circle\"><\/i>\t\t\t\t\t\t<\/span>\n\t\t\t\t\t\t\t\t\t\t<span class=\"elementor-icon-list-text\"><b>Reindirizzamento dei numeri di spedizione e degli stati degli ordini<\/b> da PartsLinker al negozio (in modo che il negozio disponga anche dei dati sugli ordini in tempo reale quando vengono elaborati in PartsLinker)<\/span>\n\t\t\t\t\t\t\t\t\t<\/li>\n\t\t\t\t\t\t<\/ul>\n\t\t\t\t\t\t<\/div>\n\t\t\t\t<\/div>\n\t\t\t\t<div class=\"elementor-element elementor-element-654206ab elementor-icon-list--layout-traditional elementor-list-item-link-full_width elementor-widget elementor-widget-icon-list\" data-id=\"654206ab\" data-element_type=\"widget\" data-widget_type=\"icon-list.default\">\n\t\t\t\t<div class=\"elementor-widget-container\">\n\t\t\t\t\t\t\t<ul class=\"elementor-icon-list-items\">\n\t\t\t\t\t\t\t<li class=\"elementor-icon-list-item\">\n\t\t\t\t\t\t\t\t\t\t\t<span class=\"elementor-icon-list-icon\">\n\t\t\t\t\t\t\t<i aria-hidden=\"true\" class=\"bi bi-check-circle\"><\/i>\t\t\t\t\t\t<\/span>\n\t\t\t\t\t\t\t\t\t\t<span class=\"elementor-icon-list-text\"><b>creazione di fatture<\/b> in base agli ordini di AutoZon.pro e possibile reindirizzamento al programma di contabilit\u00e0 esterno<\/span>\n\t\t\t\t\t\t\t\t\t<\/li>\n\t\t\t\t\t\t<\/ul>\n\t\t\t\t\t\t<\/div>\n\t\t\t\t<\/div>\n\t\t\t\t\t<\/div>\n\t\t<\/div>\n\t\t\t\t<div class=\"elementor-column elementor-col-50 elementor-top-column elementor-element elementor-element-285ded9\" data-id=\"285ded9\" data-element_type=\"column\">\n\t\t\t<div class=\"elementor-widget-wrap elementor-element-populated\">\n\t\t\t\t\t\t<div class=\"elementor-element elementor-element-23a09be7 elementor-icon-list--layout-traditional elementor-list-item-link-full_width elementor-widget elementor-widget-icon-list\" data-id=\"23a09be7\" data-element_type=\"widget\" data-widget_type=\"icon-list.default\">\n\t\t\t\t<div class=\"elementor-widget-container\">\n\t\t\t\t\t\t\t<ul class=\"elementor-icon-list-items\">\n\t\t\t\t\t\t\t<li class=\"elementor-icon-list-item\">\n\t\t\t\t\t\t\t\t\t\t\t<span class=\"elementor-icon-list-icon\">\n\t\t\t\t\t\t\t<i aria-hidden=\"true\" class=\"bi bi-check-circle\"><\/i>\t\t\t\t\t\t<\/span>\n\t\t\t\t\t\t\t\t\t\t<span class=\"elementor-icon-list-text\"><b>elencare i prodotti<\/b> dal magazzino del negozio sul mercato (negozio AutoZon.pro come magazzino esterno)<\/span>\n\t\t\t\t\t\t\t\t\t<\/li>\n\t\t\t\t\t\t<\/ul>\n\t\t\t\t\t\t<\/div>\n\t\t\t\t<\/div>\n\t\t\t\t<div class=\"elementor-element elementor-element-12360fa9 elementor-icon-list--layout-traditional elementor-list-item-link-full_width elementor-widget elementor-widget-icon-list\" data-id=\"12360fa9\" data-element_type=\"widget\" data-widget_type=\"icon-list.default\">\n\t\t\t\t<div class=\"elementor-widget-container\">\n\t\t\t\t\t\t\t<ul class=\"elementor-icon-list-items\">\n\t\t\t\t\t\t\t<li class=\"elementor-icon-list-item\">\n\t\t\t\t\t\t\t\t\t\t\t<span class=\"elementor-icon-list-icon\">\n\t\t\t\t\t\t\t<i aria-hidden=\"true\" class=\"bi bi-check-circle\"><\/i>\t\t\t\t\t\t<\/span>\n\t\t\t\t\t\t\t\t\t\t<span class=\"elementor-icon-list-text\"><b>sincronizzazione dei prezzi e delle scorte<\/b> tra il negozio e diversi servizi sul mercato<\/span>\n\t\t\t\t\t\t\t\t\t<\/li>\n\t\t\t\t\t\t<\/ul>\n\t\t\t\t\t\t<\/div>\n\t\t\t\t<\/div>\n\t\t\t\t<div class=\"elementor-element elementor-element-6ebe1947 elementor-icon-list--layout-traditional elementor-list-item-link-full_width elementor-widget elementor-widget-icon-list\" data-id=\"6ebe1947\" data-element_type=\"widget\" data-widget_type=\"icon-list.default\">\n\t\t\t\t<div class=\"elementor-widget-container\">\n\t\t\t\t\t\t\t<ul class=\"elementor-icon-list-items\">\n\t\t\t\t\t\t\t<li class=\"elementor-icon-list-item\">\n\t\t\t\t\t\t\t\t\t\t\t<span class=\"elementor-icon-list-icon\">\n\t\t\t\t\t\t\t<i aria-hidden=\"true\" class=\"bi bi-check-circle\"><\/i>\t\t\t\t\t\t<\/span>\n\t\t\t\t\t\t\t\t\t\t<span class=\"elementor-icon-list-text\"><b>aggiornamento dei prodotti<\/b> nelle offerte in base alle informazioni nel magazzino del negozio<\/span>\n\t\t\t\t\t\t\t\t\t<\/li>\n\t\t\t\t\t\t<\/ul>\n\t\t\t\t\t\t<\/div>\n\t\t\t\t<\/div>\n\t\t\t\t<div class=\"elementor-element elementor-element-5b2553e8 elementor-icon-list--layout-traditional elementor-list-item-link-full_width elementor-widget elementor-widget-icon-list\" data-id=\"5b2553e8\" data-element_type=\"widget\" data-widget_type=\"icon-list.default\">\n\t\t\t\t<div class=\"elementor-widget-container\">\n\t\t\t\t\t\t\t<ul class=\"elementor-icon-list-items\">\n\t\t\t\t\t\t\t<li class=\"elementor-icon-list-item\">\n\t\t\t\t\t\t\t\t\t\t\t<span class=\"elementor-icon-list-icon\">\n\t\t\t\t\t\t\t<i aria-hidden=\"true\" class=\"bi bi-check-circle\"><\/i>\t\t\t\t\t\t<\/span>\n\t\t\t\t\t\t\t\t\t\t<span class=\"elementor-icon-list-text\"><b>stampa di ricevute<\/b> su una stampante fiscale per gli ordini scaricati da AutoZon.pro<\/span>\n\t\t\t\t\t\t\t\t\t<\/li>\n\t\t\t\t\t\t<\/ul>\n\t\t\t\t\t\t<\/div>\n\t\t\t\t<\/div>\n\t\t\t\t<div class=\"elementor-element elementor-element-6c6e118 elementor-icon-list--layout-traditional elementor-list-item-link-full_width elementor-widget elementor-widget-icon-list\" data-id=\"6c6e118\" data-element_type=\"widget\" data-widget_type=\"icon-list.default\">\n\t\t\t\t<div class=\"elementor-widget-container\">\n\t\t\t\t\t\t\t<ul class=\"elementor-icon-list-items\">\n\t\t\t\t\t\t\t<li class=\"elementor-icon-list-item\">\n\t\t\t\t\t\t\t\t\t\t\t<span class=\"elementor-icon-list-icon\">\n\t\t\t\t\t\t\t<i aria-hidden=\"true\" class=\"bi bi-check-circle\"><\/i>\t\t\t\t\t\t<\/span>\n\t\t\t\t\t\t\t\t\t\t<span class=\"elementor-icon-list-text\"><b>facile creazione di etichette di spedizione<\/b><\/span>\n\t\t\t\t\t\t\t\t\t<\/li>\n\t\t\t\t\t\t<\/ul>\n\t\t\t\t\t\t<\/div>\n\t\t\t\t<\/div>\n\t\t\t\t\t<\/div>\n\t\t<\/div>\n\t\t\t\t\t<\/div>\n\t\t<\/section>\n\t\t\t\t<section class=\"elementor-section elementor-top-section elementor-element elementor-element-29bd2d5c elementor-section-boxed elementor-section-height-default elementor-section-height-default\" data-id=\"29bd2d5c\" data-element_type=\"section\">\n\t\t\t\t\t\t<div class=\"elementor-container elementor-column-gap-default\">\n\t\t\t\t\t<div class=\"elementor-column elementor-col-100 elementor-top-column elementor-element elementor-element-72b1a6b6\" data-id=\"72b1a6b6\" data-element_type=\"column\">\n\t\t\t<div class=\"elementor-widget-wrap elementor-element-populated\">\n\t\t\t\t\t\t<div class=\"elementor-element elementor-element-5063033f elementor-widget elementor-widget-text-editor\" data-id=\"5063033f\" data-element_type=\"widget\" data-widget_type=\"text-editor.default\">\n\t\t\t\t<div class=\"elementor-widget-container\">\n\t\t\t\t\t\t\t\t\t<p>Il compito fondamentale della piattaforma del negozio online \u00e8 presentare la merce e fornire all&#8217;acquirente un processo di acquisto conveniente. Il flusso di gestione degli ordini in s\u00e9 di solito non \u00e8 avanzato nella maggior parte delle piattaforme del negozio ed \u00e8 per questo che vale la pena collegare il negozio a uno strumento creato per questo scopo: PartsLinker.<\/p>\n<p>Le integrazioni del negozio AutoZon.pro con il marketplace, l&#8217;operatore o il sistema di contabilit\u00e0, disponibili in PartsLinker, sono sempre aggiornate e molto facili da configurare. Tutti si trovano in un unico posto e sono supportati da un&#8217;unica interfaccia. Non devi pi\u00f9 preoccuparti del malfunzionamento del plug-in del negozio o dei problemi di installazione dei moduli.<\/p>\n<p>Integra il tuo negozio AutoZon.pro in PartsLinker in pochi minuti e potrai portare le tue vendite al livello successivo!<\/p>\n\t\t\t\t\t\t\t\t<\/div>\n\t\t\t\t<\/div>\n\t\t\t\t\t<\/div>\n\t\t<\/div>\n\t\t\t\t\t<\/div>\n\t\t<\/section>\n\t\t\t\t<section class=\"elementor-section elementor-top-section elementor-element elementor-element-1a6122cb elementor-section-boxed elementor-section-height-default elementor-section-height-default\" data-id=\"1a6122cb\" data-element_type=\"section\" data-settings=\"{&quot;shape_divider_bottom&quot;:&quot;curve&quot;}\">\n\t\t\t\t\t<div class=\"elementor-shape elementor-shape-bottom\" aria-hidden=\"true\" data-negative=\"false\">\n\t\t\t<svg xmlns=\"http:\/\/www.w3.org\/2000\/svg\" viewBox=\"0 0 1000 100\" preserveAspectRatio=\"none\">\n    <path class=\"elementor-shape-fill\" d=\"M1000,4.3V0H0v4.3C0.9,23.1,126.7,99.2,500,100S1000,22.7,1000,4.3z\"\/>\n<\/svg>\t\t<\/div>\n\t\t\t\t\t<div class=\"elementor-container elementor-column-gap-default\">\n\t\t\t\t\t<div class=\"elementor-column elementor-col-100 elementor-top-column elementor-element elementor-element-12aee932\" data-id=\"12aee932\" data-element_type=\"column\">\n\t\t\t<div class=\"elementor-widget-wrap elementor-element-populated\">\n\t\t\t\t\t\t<div class=\"elementor-element elementor-element-da6a812 elementor-headline--style-highlight elementor-widget elementor-widget-animated-headline\" data-id=\"da6a812\" data-element_type=\"widget\" data-settings=\"{&quot;highlighted_text&quot;:&quot;14 giorni&quot;,&quot;headline_style&quot;:&quot;highlight&quot;,&quot;marker&quot;:&quot;circle&quot;,&quot;loop&quot;:&quot;yes&quot;,&quot;highlight_animation_duration&quot;:1200,&quot;highlight_iteration_delay&quot;:8000}\" data-widget_type=\"animated-headline.default\">\n\t\t\t\t<div class=\"elementor-widget-container\">\n\t\t\t\t\t\t\t<h3 class=\"elementor-headline\">\n\t\t\t\t\t<span class=\"elementor-headline-plain-text elementor-headline-text-wrapper\">Testa gratuitamente tutte le integrazioni e le funzioni del sistema<\/span>\n\t\t\t\t<span class=\"elementor-headline-dynamic-wrapper elementor-headline-text-wrapper\">\n\t\t\t\t\t<span class=\"elementor-headline-dynamic-text elementor-headline-text-active\">14 giorni<\/span>\n\t\t\t\t<\/span>\n\t\t\t\t<\/h3>\n\t\t\t\t\t\t<\/div>\n\t\t\t\t<\/div>\n\t\t\t\t<div class=\"elementor-element elementor-element-2140c049 elementor-align-center elementor-widget elementor-widget-button\" data-id=\"2140c049\" data-element_type=\"widget\" data-widget_type=\"button.default\">\n\t\t\t\t<div class=\"elementor-widget-container\">\n\t\t\t\t\t\t\t\t\t<div class=\"elementor-button-wrapper\">\n\t\t\t\t\t<a class=\"elementor-button elementor-button-link elementor-size-md elementor-animation-shrink\" href=\"https:\/\/partslinker.com\/it\/contatto\/\">\n\t\t\t\t\t\t<span class=\"elementor-button-content-wrapper\">\n\t\t\t\t\t\t\t\t\t<span class=\"elementor-button-text\">Prova gratuitamente<\/span>\n\t\t\t\t\t<\/span>\n\t\t\t\t\t<\/a>\n\t\t\t\t<\/div>\n\t\t\t\t\t\t\t\t<\/div>\n\t\t\t\t<\/div>\n\t\t\t\t\t<\/div>\n\t\t<\/div>\n\t\t\t\t\t<\/div>\n\t\t<\/section>\n\t\t\t\t<\/div>\n\t\t","protected":false},"excerpt":{"rendered":"<p>AutoZon.pro L&#8217;integrazione del negozio online AutoZon.pro nel sistema PartsLinker si concentra sul collegamento della piattaforma del negozio con i servizi del mercato, come eBay, eMAG o Amazon. I moduli di integrazione del mercato incorporati nelle piattaforme dei negozi offrono solitamente funzionalit\u00e0 molto limitate. I venditori spesso scelgono PartsLinker come intermediario per accedere alle sue funzionalit\u00e0 [&hellip;]<\/p>\n","protected":false},"author":1,"featured_media":0,"parent":14075,"menu_order":7,"comment_status":"closed","ping_status":"closed","template":"","meta":{"footnotes":""},"class_list":["post-18259","page","type-page","status-publish","hentry"],"yoast_head":"<!-- This site is optimized with the Yoast SEO plugin v25.1 - https:\/\/yoast.com\/wordpress\/plugins\/seo\/ -->\n<title>AutoZon.pro - PartsLinker<\/title>\n<meta name=\"robots\" content=\"index, follow, max-snippet:-1, max-image-preview:large, max-video-preview:-1\" \/>\n<link rel=\"canonical\" href=\"https:\/\/partslinker.com\/it\/integrazioni\/autozon-pro\/\" \/>\n<meta property=\"og:locale\" content=\"it_IT\" \/>\n<meta property=\"og:type\" content=\"article\" \/>\n<meta property=\"og:title\" content=\"AutoZon.pro - PartsLinker\" \/>\n<meta property=\"og:description\" content=\"AutoZon.pro L&#8217;integrazione del negozio online AutoZon.pro nel sistema PartsLinker si concentra sul collegamento della piattaforma del negozio con i servizi del mercato, come eBay, eMAG o Amazon. I moduli di integrazione del mercato incorporati nelle piattaforme dei negozi offrono solitamente funzionalit\u00e0 molto limitate. I venditori spesso scelgono PartsLinker come intermediario per accedere alle sue funzionalit\u00e0 [&hellip;]\" \/>\n<meta property=\"og:url\" content=\"https:\/\/partslinker.com\/it\/integrazioni\/autozon-pro\/\" \/>\n<meta property=\"og:site_name\" content=\"PartsLinker\" \/>\n<meta property=\"article:modified_time\" content=\"2024-12-24T13:35:05+00:00\" \/>\n<meta name=\"twitter:card\" content=\"summary_large_image\" \/>\n<meta name=\"twitter:label1\" content=\"Tempo di lettura stimato\" \/>\n\t<meta name=\"twitter:data1\" content=\"2 minuti\" \/>\n<script type=\"application\/ld+json\" class=\"yoast-schema-graph\">{\"@context\":\"https:\/\/schema.org\",\"@graph\":[{\"@type\":\"WebPage\",\"@id\":\"https:\/\/partslinker.com\/it\/integrazioni\/autozon-pro\/\",\"url\":\"https:\/\/partslinker.com\/it\/integrazioni\/autozon-pro\/\",\"name\":\"AutoZon.pro - PartsLinker\",\"isPartOf\":{\"@id\":\"https:\/\/partslinker.com\/en\/#website\"},\"datePublished\":\"2024-05-19T17:10:25+00:00\",\"dateModified\":\"2024-12-24T13:35:05+00:00\",\"breadcrumb\":{\"@id\":\"https:\/\/partslinker.com\/it\/integrazioni\/autozon-pro\/#breadcrumb\"},\"inLanguage\":\"it-IT\",\"potentialAction\":[{\"@type\":\"ReadAction\",\"target\":[\"https:\/\/partslinker.com\/it\/integrazioni\/autozon-pro\/\"]}]},{\"@type\":\"BreadcrumbList\",\"@id\":\"https:\/\/partslinker.com\/it\/integrazioni\/autozon-pro\/#breadcrumb\",\"itemListElement\":[{\"@type\":\"ListItem\",\"position\":1,\"name\":\"Home\",\"item\":\"https:\/\/partslinker.com\/en\/\"},{\"@type\":\"ListItem\",\"position\":2,\"name\":\"Integrazioni\",\"item\":\"https:\/\/partslinker.com\/en\/integrations\/\"},{\"@type\":\"ListItem\",\"position\":3,\"name\":\"AutoZon.pro\"}]},{\"@type\":\"WebSite\",\"@id\":\"https:\/\/partslinker.com\/en\/#website\",\"url\":\"https:\/\/partslinker.com\/en\/\",\"name\":\"PartsLinker\",\"description\":\"Auto parts Management and Selling Solution\",\"publisher\":{\"@id\":\"https:\/\/partslinker.com\/en\/#organization\"},\"potentialAction\":[{\"@type\":\"SearchAction\",\"target\":{\"@type\":\"EntryPoint\",\"urlTemplate\":\"https:\/\/partslinker.com\/en\/?s={search_term_string}\"},\"query-input\":{\"@type\":\"PropertyValueSpecification\",\"valueRequired\":true,\"valueName\":\"search_term_string\"}}],\"inLanguage\":\"it-IT\"},{\"@type\":\"Organization\",\"@id\":\"https:\/\/partslinker.com\/en\/#organization\",\"name\":\"PartsLinker\",\"url\":\"https:\/\/partslinker.com\/en\/\",\"logo\":{\"@type\":\"ImageObject\",\"inLanguage\":\"it-IT\",\"@id\":\"https:\/\/partslinker.com\/en\/#\/schema\/logo\/image\/\",\"url\":\"https:\/\/partslinker.com\/wp-content\/uploads\/2023\/06\/logo-partslinker-soluzione-gestionale-autodemolizioni-white-250px.png\",\"contentUrl\":\"https:\/\/partslinker.com\/wp-content\/uploads\/2023\/06\/logo-partslinker-soluzione-gestionale-autodemolizioni-white-250px.png\",\"width\":250,\"height\":42,\"caption\":\"PartsLinker\"},\"image\":{\"@id\":\"https:\/\/partslinker.com\/en\/#\/schema\/logo\/image\/\"}}]}<\/script>\n<!-- \/ Yoast SEO plugin. -->","yoast_head_json":{"title":"AutoZon.pro - PartsLinker","robots":{"index":"index","follow":"follow","max-snippet":"max-snippet:-1","max-image-preview":"max-image-preview:large","max-video-preview":"max-video-preview:-1"},"canonical":"https:\/\/partslinker.com\/it\/integrazioni\/autozon-pro\/","og_locale":"it_IT","og_type":"article","og_title":"AutoZon.pro - PartsLinker","og_description":"AutoZon.pro L&#8217;integrazione del negozio online AutoZon.pro nel sistema PartsLinker si concentra sul collegamento della piattaforma del negozio con i servizi del mercato, come eBay, eMAG o Amazon. I moduli di integrazione del mercato incorporati nelle piattaforme dei negozi offrono solitamente funzionalit\u00e0 molto limitate. I venditori spesso scelgono PartsLinker come intermediario per accedere alle sue funzionalit\u00e0 [&hellip;]","og_url":"https:\/\/partslinker.com\/it\/integrazioni\/autozon-pro\/","og_site_name":"PartsLinker","article_modified_time":"2024-12-24T13:35:05+00:00","twitter_card":"summary_large_image","twitter_misc":{"Tempo di lettura stimato":"2 minuti"},"schema":{"@context":"https:\/\/schema.org","@graph":[{"@type":"WebPage","@id":"https:\/\/partslinker.com\/it\/integrazioni\/autozon-pro\/","url":"https:\/\/partslinker.com\/it\/integrazioni\/autozon-pro\/","name":"AutoZon.pro - PartsLinker","isPartOf":{"@id":"https:\/\/partslinker.com\/en\/#website"},"datePublished":"2024-05-19T17:10:25+00:00","dateModified":"2024-12-24T13:35:05+00:00","breadcrumb":{"@id":"https:\/\/partslinker.com\/it\/integrazioni\/autozon-pro\/#breadcrumb"},"inLanguage":"it-IT","potentialAction":[{"@type":"ReadAction","target":["https:\/\/partslinker.com\/it\/integrazioni\/autozon-pro\/"]}]},{"@type":"BreadcrumbList","@id":"https:\/\/partslinker.com\/it\/integrazioni\/autozon-pro\/#breadcrumb","itemListElement":[{"@type":"ListItem","position":1,"name":"Home","item":"https:\/\/partslinker.com\/en\/"},{"@type":"ListItem","position":2,"name":"Integrazioni","item":"https:\/\/partslinker.com\/en\/integrations\/"},{"@type":"ListItem","position":3,"name":"AutoZon.pro"}]},{"@type":"WebSite","@id":"https:\/\/partslinker.com\/en\/#website","url":"https:\/\/partslinker.com\/en\/","name":"PartsLinker","description":"Auto parts Management and Selling Solution","publisher":{"@id":"https:\/\/partslinker.com\/en\/#organization"},"potentialAction":[{"@type":"SearchAction","target":{"@type":"EntryPoint","urlTemplate":"https:\/\/partslinker.com\/en\/?s={search_term_string}"},"query-input":{"@type":"PropertyValueSpecification","valueRequired":true,"valueName":"search_term_string"}}],"inLanguage":"it-IT"},{"@type":"Organization","@id":"https:\/\/partslinker.com\/en\/#organization","name":"PartsLinker","url":"https:\/\/partslinker.com\/en\/","logo":{"@type":"ImageObject","inLanguage":"it-IT","@id":"https:\/\/partslinker.com\/en\/#\/schema\/logo\/image\/","url":"https:\/\/partslinker.com\/wp-content\/uploads\/2023\/06\/logo-partslinker-soluzione-gestionale-autodemolizioni-white-250px.png","contentUrl":"https:\/\/partslinker.com\/wp-content\/uploads\/2023\/06\/logo-partslinker-soluzione-gestionale-autodemolizioni-white-250px.png","width":250,"height":42,"caption":"PartsLinker"},"image":{"@id":"https:\/\/partslinker.com\/en\/#\/schema\/logo\/image\/"}}]}},"_links":{"self":[{"href":"https:\/\/partslinker.com\/it\/wp-json\/wp\/v2\/pages\/18259","targetHints":{"allow":["GET"]}}],"collection":[{"href":"https:\/\/partslinker.com\/it\/wp-json\/wp\/v2\/pages"}],"about":[{"href":"https:\/\/partslinker.com\/it\/wp-json\/wp\/v2\/types\/page"}],"author":[{"embeddable":true,"href":"https:\/\/partslinker.com\/it\/wp-json\/wp\/v2\/users\/1"}],"replies":[{"embeddable":true,"href":"https:\/\/partslinker.com\/it\/wp-json\/wp\/v2\/comments?post=18259"}],"version-history":[{"count":4,"href":"https:\/\/partslinker.com\/it\/wp-json\/wp\/v2\/pages\/18259\/revisions"}],"predecessor-version":[{"id":64409,"href":"https:\/\/partslinker.com\/it\/wp-json\/wp\/v2\/pages\/18259\/revisions\/64409"}],"up":[{"embeddable":true,"href":"https:\/\/partslinker.com\/it\/wp-json\/wp\/v2\/pages\/14075"}],"wp:attachment":[{"href":"https:\/\/partslinker.com\/it\/wp-json\/wp\/v2\/media?parent=18259"}],"curies":[{"name":"wp","href":"https:\/\/api.w.org\/{rel}","templated":true}]}}