{"id":18283,"date":"2024-05-20T13:02:23","date_gmt":"2024-05-20T11:02:23","guid":{"rendered":"https:\/\/partslinker.com\/domande-frequenti\/"},"modified":"2024-12-24T14:24:44","modified_gmt":"2024-12-24T13:24:44","slug":"domande-frequenti","status":"publish","type":"page","link":"https:\/\/partslinker.com\/it\/domande-frequenti\/","title":{"rendered":"Domande frequenti"},"content":{"rendered":"\t\t<div data-elementor-type=\"wp-page\" data-elementor-id=\"18283\" class=\"elementor elementor-18283 elementor-12327\" data-elementor-post-type=\"page\">\n\t\t\t\t\t\t<section class=\"elementor-section elementor-top-section elementor-element elementor-element-c5a7bc9 elementor-section-full_width elementor-section-height-default elementor-section-height-default\" data-id=\"c5a7bc9\" data-element_type=\"section\">\n\t\t\t\t\t\t<div class=\"elementor-container elementor-column-gap-no\">\n\t\t\t\t\t<div class=\"elementor-column elementor-col-100 elementor-top-column elementor-element elementor-element-f380c30\" data-id=\"f380c30\" data-element_type=\"column\">\n\t\t\t<div class=\"elementor-widget-wrap elementor-element-populated\">\n\t\t\t\t\t\t<div class=\"elementor-element elementor-element-724e3b0 elementor-widget elementor-widget-heading\" data-id=\"724e3b0\" data-element_type=\"widget\" data-widget_type=\"heading.default\">\n\t\t\t\t<div class=\"elementor-widget-container\">\n\t\t\t\t\t<h2 class=\"elementor-heading-title elementor-size-default\">Domande frequenti<\/h2>\t\t\t\t<\/div>\n\t\t\t\t<\/div>\n\t\t\t\t\t<\/div>\n\t\t<\/div>\n\t\t\t\t\t<\/div>\n\t\t<\/section>\n\t\t\t\t<section class=\"elementor-section elementor-top-section elementor-element elementor-element-780fb973 elementor-section-boxed elementor-section-height-default elementor-section-height-default\" data-id=\"780fb973\" data-element_type=\"section\">\n\t\t\t\t\t\t<div class=\"elementor-container elementor-column-gap-default\">\n\t\t\t\t\t<div class=\"elementor-column elementor-col-100 elementor-top-column elementor-element elementor-element-71217579\" data-id=\"71217579\" data-element_type=\"column\">\n\t\t\t<div class=\"elementor-widget-wrap elementor-element-populated\">\n\t\t\t\t\t\t<div class=\"elementor-element elementor-element-1b431375 elementor-widget elementor-widget-restly_faq\" data-id=\"1b431375\" data-element_type=\"widget\" data-widget_type=\"restly_faq.default\">\n\t\t\t\t<div class=\"elementor-widget-container\">\n\t\t\t\t\t        <div class=\"accordion accordion-flush faq-accordion\" id=\"accordionFlushExample1972232\">\n                        <div class=\"accordion-item\">\n                <h2 class=\"accordion-header\" id=\"faq-19722321\">\n                <button class=\"accordion-button collapse\" type=\"button\" data-bs-toggle=\"collapse\" data-bs-target=\"#faq-item-19722321\" aria-expanded=\"false\" aria-controls=\"faq-item-19722321\">\n                   Posso provare il sistema prima di acquistarlo?                <\/button>\n                <\/h2>\n                <div id=\"faq-item-19722321\" class=\"accordion-collapse collapse show\" aria-labelledby=\"faq-19722321\" data-bs-parent=\"#accordionFlushExample1972232\">\n                    <div class=\"accordion-body\"><p>Prima di decidere di acquistare i nostri servizi, puoi testare il programma senza alcun impegno per 14 giorni. Durante il periodo di prova, il sistema \u00e8 completamente funzionante.<\/p><\/div>\n                <\/div>\n            <\/div>\n                        <div class=\"accordion-item\">\n                <h2 class=\"accordion-header\" id=\"faq-19722322\">\n                <button class=\"accordion-button collapsed\" type=\"button\" data-bs-toggle=\"collapse\" data-bs-target=\"#faq-item-19722322\" aria-expanded=\"false\" aria-controls=\"faq-item-19722322\">\n                   Posso cambiare l&#039;abbonamento che sto utilizzando?                <\/button>\n                <\/h2>\n                <div id=\"faq-item-19722322\" class=\"accordion-collapse collapse \" aria-labelledby=\"faq-19722322\" data-bs-parent=\"#accordionFlushExample1972232\">\n                    <div class=\"accordion-body\"><p>Puoi cambiare l'abbonamento da Freemium a Business o da Business a Enterprise. Non sono possibili altre modifiche all'abbonamento.<\/p><\/div>\n                <\/div>\n            <\/div>\n                        <div class=\"accordion-item\">\n                <h2 class=\"accordion-header\" id=\"faq-19722323\">\n                <button class=\"accordion-button collapsed\" type=\"button\" data-bs-toggle=\"collapse\" data-bs-target=\"#faq-item-19722323\" aria-expanded=\"false\" aria-controls=\"faq-item-19722323\">\n                   Posso scegliere tra l&#039;abbonamento Business e l&#039;abbonamento Enterprise?                <\/button>\n                <\/h2>\n                <div id=\"faq-item-19722323\" class=\"accordion-collapse collapse \" aria-labelledby=\"faq-19722323\" data-bs-parent=\"#accordionFlushExample1972232\">\n                    <div class=\"accordion-body\"><p>Dopo esserti qualificato per l'abbonamento Enterprise, verrai contattato dal nostro team e, per continuare a utilizzare BaseLinker, dovrai passare a un abbonamento Enterprise dedicato.<\/p><\/div>\n                <\/div>\n            <\/div>\n                        <div class=\"accordion-item\">\n                <h2 class=\"accordion-header\" id=\"faq-19722324\">\n                <button class=\"accordion-button collapsed\" type=\"button\" data-bs-toggle=\"collapse\" data-bs-target=\"#faq-item-19722324\" aria-expanded=\"false\" aria-controls=\"faq-item-19722324\">\n                   Posso utilizzare l&#039;abbonamento Enterprise se il mio numero di ordini e GMV sono inferiori a quelli specificati nell&#039;abbonamento Enterprise?                <\/button>\n                <\/h2>\n                <div id=\"faq-item-19722324\" class=\"accordion-collapse collapse \" aria-labelledby=\"faq-19722324\" data-bs-parent=\"#accordionFlushExample1972232\">\n                    <div class=\"accordion-body\"><p>S\u00cc. Per fare ci\u00f2, pianifica una chiamata con il nostro team aziendale utilizzando <a href=\"https:\/\/partslinker.com\/contact\">questo collegamento.<\/a><\/p><\/div>\n                <\/div>\n            <\/div>\n                        <div class=\"accordion-item\">\n                <h2 class=\"accordion-header\" id=\"faq-19722325\">\n                <button class=\"accordion-button collapsed\" type=\"button\" data-bs-toggle=\"collapse\" data-bs-target=\"#faq-item-19722325\" aria-expanded=\"false\" aria-controls=\"faq-item-19722325\">\n                   Se dispongo di pi\u00f9 account PartsLinker, i volumi vengono sommati per determinare se sono idoneo all&#039;abbonamento Enterprise?                <\/button>\n                <\/h2>\n                <div id=\"faq-item-19722325\" class=\"accordion-collapse collapse \" aria-labelledby=\"faq-19722325\" data-bs-parent=\"#accordionFlushExample1972232\">\n                    <div class=\"accordion-body\"><p>S\u00ec, se gestisci l'attivit\u00e0 con l'aiuto di pi\u00f9 account, prendiamo in considerazione i volumi aggregati di tutti gli account per qualificarci per l'abbonamento Enterprise.<\/p><\/div>\n                <\/div>\n            <\/div>\n                        <div class=\"accordion-item\">\n                <h2 class=\"accordion-header\" id=\"faq-19722326\">\n                <button class=\"accordion-button collapsed\" type=\"button\" data-bs-toggle=\"collapse\" data-bs-target=\"#faq-item-19722326\" aria-expanded=\"false\" aria-controls=\"faq-item-19722326\">\n                   Generate fatture IVA?                <\/button>\n                <\/h2>\n                <div id=\"faq-item-19722326\" class=\"accordion-collapse collapse \" aria-labelledby=\"faq-19722326\" data-bs-parent=\"#accordionFlushExample1972232\">\n                    <div class=\"accordion-body\"><p>S\u00ec, emettiamo fatture IVA. Il canone di abbonamento per l'utilizzo del sistema ed i dettagli per il pagamento sono descritti nella sezione listino prezzi.<\/p><\/div>\n                <\/div>\n            <\/div>\n                    <\/div>\n        \t\t\t\t<\/div>\n\t\t\t\t<\/div>\n\t\t\t\t\t<\/div>\n\t\t<\/div>\n\t\t\t\t\t<\/div>\n\t\t<\/section>\n\t\t\t\t<\/div>\n\t\t","protected":false},"excerpt":{"rendered":"<p>Domande frequenti Posso provare il sistema prima di acquistarlo? Prima di decidere di acquistare i nostri servizi, puoi testare il programma senza alcun impegno per 14 giorni. Durante il periodo di prova, il sistema \u00e8 completamente funzionante. Posso cambiare l&#039;abbonamento che sto utilizzando? Puoi cambiare l&#8217;abbonamento da Freemium a Business o da Business a Enterprise. [&hellip;]<\/p>\n","protected":false},"author":1,"featured_media":0,"parent":0,"menu_order":0,"comment_status":"closed","ping_status":"closed","template":"","meta":{"footnotes":""},"class_list":["post-18283","page","type-page","status-publish","hentry"],"yoast_head":"<!-- This site is optimized with the Yoast SEO plugin v25.1 - https:\/\/yoast.com\/wordpress\/plugins\/seo\/ -->\n<title>Domande frequenti - PartsLinker<\/title>\n<meta name=\"robots\" content=\"index, follow, max-snippet:-1, max-image-preview:large, max-video-preview:-1\" \/>\n<link rel=\"canonical\" href=\"https:\/\/partslinker.com\/it\/domande-frequenti\/\" \/>\n<meta property=\"og:locale\" content=\"it_IT\" \/>\n<meta property=\"og:type\" content=\"article\" \/>\n<meta property=\"og:title\" content=\"Domande frequenti - PartsLinker\" \/>\n<meta property=\"og:description\" content=\"Domande frequenti Posso provare il sistema prima di acquistarlo? Prima di decidere di acquistare i nostri servizi, puoi testare il programma senza alcun impegno per 14 giorni. Durante il periodo di prova, il sistema \u00e8 completamente funzionante. Posso cambiare l&#039;abbonamento che sto utilizzando? Puoi cambiare l&#8217;abbonamento da Freemium a Business o da Business a Enterprise. [&hellip;]\" \/>\n<meta property=\"og:url\" content=\"https:\/\/partslinker.com\/it\/domande-frequenti\/\" \/>\n<meta property=\"og:site_name\" content=\"PartsLinker\" \/>\n<meta property=\"article:modified_time\" content=\"2024-12-24T13:24:44+00:00\" \/>\n<meta name=\"twitter:card\" content=\"summary_large_image\" \/>\n<meta name=\"twitter:label1\" content=\"Tempo di lettura stimato\" \/>\n\t<meta name=\"twitter:data1\" content=\"1 minuto\" \/>\n<script type=\"application\/ld+json\" class=\"yoast-schema-graph\">{\"@context\":\"https:\/\/schema.org\",\"@graph\":[{\"@type\":\"WebPage\",\"@id\":\"https:\/\/partslinker.com\/it\/domande-frequenti\/\",\"url\":\"https:\/\/partslinker.com\/it\/domande-frequenti\/\",\"name\":\"Domande frequenti - PartsLinker\",\"isPartOf\":{\"@id\":\"https:\/\/partslinker.com\/en\/#website\"},\"datePublished\":\"2024-05-20T11:02:23+00:00\",\"dateModified\":\"2024-12-24T13:24:44+00:00\",\"breadcrumb\":{\"@id\":\"https:\/\/partslinker.com\/it\/domande-frequenti\/#breadcrumb\"},\"inLanguage\":\"it-IT\",\"potentialAction\":[{\"@type\":\"ReadAction\",\"target\":[\"https:\/\/partslinker.com\/it\/domande-frequenti\/\"]}]},{\"@type\":\"BreadcrumbList\",\"@id\":\"https:\/\/partslinker.com\/it\/domande-frequenti\/#breadcrumb\",\"itemListElement\":[{\"@type\":\"ListItem\",\"position\":1,\"name\":\"Home\",\"item\":\"https:\/\/partslinker.com\/en\/\"},{\"@type\":\"ListItem\",\"position\":2,\"name\":\"Domande frequenti\"}]},{\"@type\":\"WebSite\",\"@id\":\"https:\/\/partslinker.com\/en\/#website\",\"url\":\"https:\/\/partslinker.com\/en\/\",\"name\":\"PartsLinker\",\"description\":\"Auto parts Management and Selling Solution\",\"publisher\":{\"@id\":\"https:\/\/partslinker.com\/en\/#organization\"},\"potentialAction\":[{\"@type\":\"SearchAction\",\"target\":{\"@type\":\"EntryPoint\",\"urlTemplate\":\"https:\/\/partslinker.com\/en\/?s={search_term_string}\"},\"query-input\":{\"@type\":\"PropertyValueSpecification\",\"valueRequired\":true,\"valueName\":\"search_term_string\"}}],\"inLanguage\":\"it-IT\"},{\"@type\":\"Organization\",\"@id\":\"https:\/\/partslinker.com\/en\/#organization\",\"name\":\"PartsLinker\",\"url\":\"https:\/\/partslinker.com\/en\/\",\"logo\":{\"@type\":\"ImageObject\",\"inLanguage\":\"it-IT\",\"@id\":\"https:\/\/partslinker.com\/en\/#\/schema\/logo\/image\/\",\"url\":\"https:\/\/partslinker.com\/wp-content\/uploads\/2023\/06\/logo-partslinker-soluzione-gestionale-autodemolizioni-white-250px.png\",\"contentUrl\":\"https:\/\/partslinker.com\/wp-content\/uploads\/2023\/06\/logo-partslinker-soluzione-gestionale-autodemolizioni-white-250px.png\",\"width\":250,\"height\":42,\"caption\":\"PartsLinker\"},\"image\":{\"@id\":\"https:\/\/partslinker.com\/en\/#\/schema\/logo\/image\/\"}}]}<\/script>\n<!-- \/ Yoast SEO plugin. -->","yoast_head_json":{"title":"Domande frequenti - PartsLinker","robots":{"index":"index","follow":"follow","max-snippet":"max-snippet:-1","max-image-preview":"max-image-preview:large","max-video-preview":"max-video-preview:-1"},"canonical":"https:\/\/partslinker.com\/it\/domande-frequenti\/","og_locale":"it_IT","og_type":"article","og_title":"Domande frequenti - PartsLinker","og_description":"Domande frequenti Posso provare il sistema prima di acquistarlo? Prima di decidere di acquistare i nostri servizi, puoi testare il programma senza alcun impegno per 14 giorni. Durante il periodo di prova, il sistema \u00e8 completamente funzionante. Posso cambiare l&#039;abbonamento che sto utilizzando? Puoi cambiare l&#8217;abbonamento da Freemium a Business o da Business a Enterprise. [&hellip;]","og_url":"https:\/\/partslinker.com\/it\/domande-frequenti\/","og_site_name":"PartsLinker","article_modified_time":"2024-12-24T13:24:44+00:00","twitter_card":"summary_large_image","twitter_misc":{"Tempo di lettura stimato":"1 minuto"},"schema":{"@context":"https:\/\/schema.org","@graph":[{"@type":"WebPage","@id":"https:\/\/partslinker.com\/it\/domande-frequenti\/","url":"https:\/\/partslinker.com\/it\/domande-frequenti\/","name":"Domande frequenti - PartsLinker","isPartOf":{"@id":"https:\/\/partslinker.com\/en\/#website"},"datePublished":"2024-05-20T11:02:23+00:00","dateModified":"2024-12-24T13:24:44+00:00","breadcrumb":{"@id":"https:\/\/partslinker.com\/it\/domande-frequenti\/#breadcrumb"},"inLanguage":"it-IT","potentialAction":[{"@type":"ReadAction","target":["https:\/\/partslinker.com\/it\/domande-frequenti\/"]}]},{"@type":"BreadcrumbList","@id":"https:\/\/partslinker.com\/it\/domande-frequenti\/#breadcrumb","itemListElement":[{"@type":"ListItem","position":1,"name":"Home","item":"https:\/\/partslinker.com\/en\/"},{"@type":"ListItem","position":2,"name":"Domande frequenti"}]},{"@type":"WebSite","@id":"https:\/\/partslinker.com\/en\/#website","url":"https:\/\/partslinker.com\/en\/","name":"PartsLinker","description":"Auto parts Management and Selling Solution","publisher":{"@id":"https:\/\/partslinker.com\/en\/#organization"},"potentialAction":[{"@type":"SearchAction","target":{"@type":"EntryPoint","urlTemplate":"https:\/\/partslinker.com\/en\/?s={search_term_string}"},"query-input":{"@type":"PropertyValueSpecification","valueRequired":true,"valueName":"search_term_string"}}],"inLanguage":"it-IT"},{"@type":"Organization","@id":"https:\/\/partslinker.com\/en\/#organization","name":"PartsLinker","url":"https:\/\/partslinker.com\/en\/","logo":{"@type":"ImageObject","inLanguage":"it-IT","@id":"https:\/\/partslinker.com\/en\/#\/schema\/logo\/image\/","url":"https:\/\/partslinker.com\/wp-content\/uploads\/2023\/06\/logo-partslinker-soluzione-gestionale-autodemolizioni-white-250px.png","contentUrl":"https:\/\/partslinker.com\/wp-content\/uploads\/2023\/06\/logo-partslinker-soluzione-gestionale-autodemolizioni-white-250px.png","width":250,"height":42,"caption":"PartsLinker"},"image":{"@id":"https:\/\/partslinker.com\/en\/#\/schema\/logo\/image\/"}}]}},"_links":{"self":[{"href":"https:\/\/partslinker.com\/it\/wp-json\/wp\/v2\/pages\/18283","targetHints":{"allow":["GET"]}}],"collection":[{"href":"https:\/\/partslinker.com\/it\/wp-json\/wp\/v2\/pages"}],"about":[{"href":"https:\/\/partslinker.com\/it\/wp-json\/wp\/v2\/types\/page"}],"author":[{"embeddable":true,"href":"https:\/\/partslinker.com\/it\/wp-json\/wp\/v2\/users\/1"}],"replies":[{"embeddable":true,"href":"https:\/\/partslinker.com\/it\/wp-json\/wp\/v2\/comments?post=18283"}],"version-history":[{"count":11,"href":"https:\/\/partslinker.com\/it\/wp-json\/wp\/v2\/pages\/18283\/revisions"}],"predecessor-version":[{"id":135282,"href":"https:\/\/partslinker.com\/it\/wp-json\/wp\/v2\/pages\/18283\/revisions\/135282"}],"wp:attachment":[{"href":"https:\/\/partslinker.com\/it\/wp-json\/wp\/v2\/media?parent=18283"}],"curies":[{"name":"wp","href":"https:\/\/api.w.org\/{rel}","templated":true}]}}